{"id":15242,"date":"2017-10-19T11:01:44","date_gmt":"2017-10-19T08:01:44","guid":{"rendered":"https:\/\/www.visitkavala.gr\/taksidi-kai-diamoni\/diamoni\/4-asteron\/"},"modified":"2018-04-06T14:03:57","modified_gmt":"2018-04-06T11:03:57","slug":"4-asteron","status":"publish","type":"page","link":"https:\/\/www.visitkavala.gr\/de\/taksidi-kai-diamoni\/diamoni\/4-asteron\/","title":{"rendered":"4 Sterne"},"content":{"rendered":"<section  class=\" single-portfolio-header cover-background position-relative no-padding sm-no-padding xs-no-padding bg-image-srcset\"  style=\" background-image: url(https:\/\/www.visitkavala.gr\/wp-content\/uploads\/2017\/09\/diamoni_header-bg_02.jpg);  min-height:600px\" data-bg-srcset=\"https:\/\/www.visitkavala.gr\/wp-content\/uploads\/2017\/09\/diamoni_header-bg_02.jpg 1920w, https:\/\/www.visitkavala.gr\/wp-content\/uploads\/2017\/09\/diamoni_header-bg_02-300x102.jpg 300w, https:\/\/www.visitkavala.gr\/wp-content\/uploads\/2017\/09\/diamoni_header-bg_02-768x260.jpg 768w, https:\/\/www.visitkavala.gr\/wp-content\/uploads\/2017\/09\/diamoni_header-bg_02-1024x347.jpg 1024w\"><div class=\"selection-overlay\" style=\" opacity:0.2; background-color:#000000;\"><\/div><div class=\"container\"><div class=\"row\"><div class=\"wpb_column hcode-column-container  col-xs-mobile-fullwidth col-sm-12\"><div class=\"vc-column-innner-wrapper\"><p>4 STERNE<\/p>\n<\/div><\/div><\/div><\/div><\/section><section class=\" custom-breadcrumps no-padding sm-no-padding xs-no-padding\"  style=\" background-color:#00b450;  min-height:130px\"><div class=\"container\"><div class=\"row\"><div class=\"wpb_column hcode-column-container  col-xs-mobile-fullwidth col-sm-12\"><div class=\"vc-column-innner-wrapper\"><div  class=\" custom-breadcrumps-text taksidi-kai-diamoni  \" ><p><a href=\"https:\/\/www.visitkavala.gr\/de\">Startseite<\/a> <span class=\"divider\">\/<\/span> <a href=\"https:\/\/www.visitkavala.gr\/de\/taksidi-kai-diamoni\/\">Reise und Aufenthalt<\/a> <span class=\"divider\">\/<\/span> <a href=\"https:\/\/www.visitkavala.gr\/de\/taksidi-kai-diamoni\/diamoni\/\">Aufenthalt<\/a> <span class=\"divider\">\/<\/span> <span class=\"current\">4 Sterne<\/span><\/p>\n<\/div><div  class=\" custom-breadcrumps-buttons eksereunise  \" ><p><a href=\"https:\/\/www.visitkavala.gr\/de\/taksidi-kai-diamoni\/diamoni\/6-asteron\/\">Boutique<\/a> <a href=\"https:\/\/www.visitkavala.gr\/de\/taksidi-kai-diamoni\/diamoni\/5-asteron\/\">5 Sterne<\/a> <a class=\"active\" href=\"https:\/\/www.visitkavala.gr\/de\/taksidi-kai-diamoni\/diamoni\/4-asteron\/\">4 Sterne<\/a> <a href=\"https:\/\/www.visitkavala.gr\/de\/taksidi-kai-diamoni\/diamoni\/3-asteron\/\">3 Sterne<\/a> <a href=\"https:\/\/www.visitkavala.gr\/de\/taksidi-kai-diamoni\/diamoni\/2-asteron\/\">2 Sterne<\/a> <a href=\"https:\/\/www.visitkavala.gr\/de\/taksidi-kai-diamoni\/diamoni\/1-asteri\/\">1 Stern<\/a> <a href=\"https:\/\/www.visitkavala.gr\/de\/taksidi-kai-diamoni\/diamoni\/camping\/\">Campingpl\u00e4tze<\/a><\/p>\n<\/div><\/div><\/div><\/div><\/div><\/section><section class=\" position-relative overflow-hidden related-post no-padding sm-no-padding xs-no-padding\" ><div class=\"container\"><div class=\"row\"><div class=\"wpb_column hcode-column-container  position-static col-xs-mobile-fullwidth col-sm-12\"><div class=\"vc-column-innner-wrapper\"><div  class=\" no-padding sm-no-padding xs-no-padding \"  style=\" margin: 0px 0px 0px 15px;\"><div class=\"ps-bs-two-lines-header\">\n<p class=\"ps-bs-two-lines-header-bold\">4 STERNE<\/p>\n<\/div>\n<\/div><style>\n            .page-template .read-more-button,\n            .single-portfolio .read-more-button { background-image: url(https:\/\/www.visitkavala.gr\/wp-content\/uploads\/2017\/05\/button_green.png); background-repeat: no-repeat; color: #ffffff !important; font-size: 14px; line-height: 38px; width: 162px; display: block; text-align: center; \/*position: absolute; bottom: 0;*\/ margin: 0 0 40px 0; }\n            .page-template .read-more-button:hover,\n            .single-portfolio .read-more-button:hover { background-image: url(https:\/\/www.visitkavala.gr\/wp-content\/uploads\/2017\/05\/button_green_hover.png); }\n          <\/style><div class=\"work-3col gutter work-with-title\"><div class=\"col-md-12  grid-gallery overflow-hidden content-section\"><div class=\"tab-content\"><ul class=\"grid\"><li class=\"portfolio-filter-14 portfolio-filter-6 \"><div class=\"blog-image\"><a href=\"https:\/\/www.visitkavala.gr\/de\/sightseeing\/airotel-galaxy-hotel\/\"><img loading=\"lazy\" decoding=\"async\" width=\"1200\" height=\"800\" src=\"https:\/\/www.visitkavala.gr\/wp-content\/uploads\/2017\/10\/External_4.jpg\" class=\"attachment-full size-full wp-post-image\" alt=\"Airotel Galaxy Fotoarchiv von Airotel Galaxy\" title=\"\" srcset=\"https:\/\/www.visitkavala.gr\/wp-content\/uploads\/2017\/10\/External_4.jpg 1200w, https:\/\/www.visitkavala.gr\/wp-content\/uploads\/2017\/10\/External_4-300x200.jpg 300w, https:\/\/www.visitkavala.gr\/wp-content\/uploads\/2017\/10\/External_4-768x512.jpg 768w, https:\/\/www.visitkavala.gr\/wp-content\/uploads\/2017\/10\/External_4-1024x683.jpg 1024w\" sizes=\"auto, (max-width: 1200px) 100vw, 1200px\" \/><\/a><\/div><div class=\"post-details\"><a lang=\"el\" href=\"https:\/\/www.visitkavala.gr\/de\/sightseeing\/airotel-galaxy-hotel\/\" class=\"post-title\">AIROTEL GALAXY<\/a><p>Dank seiner zentralen Lage in der N\u00e4he von Gesch\u00e4ften, Restaurants und Bars bietet das Airotel Galaxy Zimmer mit Blick...<\/p><a href=\"https:\/\/www.visitkavala.gr\/de\/sightseeing\/airotel-galaxy-hotel\/\" class=\"read-more-button\">Weitere Informationen<\/a><\/div><\/li><li class=\"portfolio-filter-14 portfolio-filter-6 \"><div class=\"blog-image\"><a href=\"https:\/\/www.visitkavala.gr\/de\/sightseeing\/egnatia-hotel\/\"><img loading=\"lazy\" decoding=\"async\" width=\"1200\" height=\"800\" src=\"https:\/\/www.visitkavala.gr\/wp-content\/uploads\/2017\/10\/DSC2781.jpg\" class=\"attachment-full size-full wp-post-image\" alt=\"Egnatia City Hotel &amp; Spa Fotoarchiv von Egnatia Hotel\" title=\"\" srcset=\"https:\/\/www.visitkavala.gr\/wp-content\/uploads\/2017\/10\/DSC2781.jpg 1200w, https:\/\/www.visitkavala.gr\/wp-content\/uploads\/2017\/10\/DSC2781-300x200.jpg 300w, https:\/\/www.visitkavala.gr\/wp-content\/uploads\/2017\/10\/DSC2781-768x512.jpg 768w, https:\/\/www.visitkavala.gr\/wp-content\/uploads\/2017\/10\/DSC2781-1024x683.jpg 1024w\" sizes=\"auto, (max-width: 1200px) 100vw, 1200px\" \/><\/a><\/div><div class=\"post-details\"><a lang=\"el\" href=\"https:\/\/www.visitkavala.gr\/de\/sightseeing\/egnatia-hotel\/\" class=\"post-title\">EGNATIA CITY HOTEL &#038; SPA<\/a><p>Das Egnatia Hotel liegt auf der Anh\u00f6he von Kavala. Seine Zimmer verbinden klassische Eleganz mit modernem Komfort.<\/p><a href=\"https:\/\/www.visitkavala.gr\/de\/sightseeing\/egnatia-hotel\/\" class=\"read-more-button\">Weitere Informationen<\/a><\/div><\/li><li class=\"portfolio-filter-14 portfolio-filter-6 \"><div class=\"blog-image\"><a href=\"https:\/\/www.visitkavala.gr\/de\/sightseeing\/tosca-hotel\/\"><img loading=\"lazy\" decoding=\"async\" width=\"1200\" height=\"800\" src=\"https:\/\/www.visitkavala.gr\/wp-content\/uploads\/2017\/10\/tosca6.jpg\" class=\"attachment-full size-full wp-post-image\" alt=\"Tosca Beach Fotoarchiv von Tosca Beach\" title=\"\" srcset=\"https:\/\/www.visitkavala.gr\/wp-content\/uploads\/2017\/10\/tosca6.jpg 1200w, https:\/\/www.visitkavala.gr\/wp-content\/uploads\/2017\/10\/tosca6-300x200.jpg 300w, https:\/\/www.visitkavala.gr\/wp-content\/uploads\/2017\/10\/tosca6-768x512.jpg 768w, https:\/\/www.visitkavala.gr\/wp-content\/uploads\/2017\/10\/tosca6-1024x683.jpg 1024w\" sizes=\"auto, (max-width: 1200px) 100vw, 1200px\" \/><\/a><\/div><div class=\"post-details\"><a lang=\"el\" href=\"https:\/\/www.visitkavala.gr\/de\/sightseeing\/tosca-hotel\/\" class=\"post-title\">TOSCA BEACH<\/a><p>Die besondere Sch\u00f6nheit und Erhabenheit der umliegenden Naturlandschaft verspricht in Verbindung mit dem f\u00fcr alle erschwingbaren Luxus der Anlage...<\/p><a href=\"https:\/\/www.visitkavala.gr\/de\/sightseeing\/tosca-hotel\/\" class=\"read-more-button\">Weitere Informationen<\/a><\/div><\/li><\/ul><\/div><\/div><\/div><\/div><\/div><\/div><\/div><\/section>","protected":false},"excerpt":{"rendered":"<p>Die besondere Sch\u00f6nheit und Erhabenheit der umliegenden Naturlandschaft verspricht in Verbindung mit dem f\u00fcr alle erschwingbaren Luxus der Anlage des Hotels Tosca Beach willkommene Erholung und Ruhe im Rahmen eines wundersch\u00f6nen, unvergesslichen Urlaubs.<\/p>\n","protected":false},"author":1,"featured_media":0,"parent":15230,"menu_order":0,"comment_status":"closed","ping_status":"closed","template":"page-taksidi-kai-diamoni.php","meta":{"_acf_changed":false,"inline_featured_image":false,"_bos_mb_destination":[""],"footnotes":""},"class_list":["post-15242","page","type-page","status-publish","hentry"],"acf":[],"yoast_head":"<!-- This site is optimized with the Yoast SEO plugin v27.3 - https:\/\/yoast.com\/product\/yoast-seo-wordpress\/ -->\n<title>4 Sterne - Visit Kavala<\/title>\n<meta name=\"robots\" content=\"index, follow, max-snippet:-1, max-image-preview:large, max-video-preview:-1\" \/>\n<link rel=\"canonical\" href=\"https:\/\/www.visitkavala.gr\/de\/taksidi-kai-diamoni\/diamoni\/4-asteron\/\" \/>\n<meta property=\"og:locale\" content=\"de_DE\" \/>\n<meta property=\"og:type\" content=\"article\" \/>\n<meta property=\"og:title\" content=\"4 Sterne - Visit Kavala\" \/>\n<meta property=\"og:description\" content=\"Die besondere Sch\u00f6nheit und Erhabenheit der umliegenden Naturlandschaft verspricht in Verbindung mit dem f\u00fcr alle erschwingbaren Luxus der Anlage des Hotels Tosca Beach willkommene Erholung und Ruhe im Rahmen eines wundersch\u00f6nen, unvergesslichen Urlaubs.\" \/>\n<meta property=\"og:url\" content=\"https:\/\/www.visitkavala.gr\/de\/taksidi-kai-diamoni\/diamoni\/4-asteron\/\" \/>\n<meta property=\"og:site_name\" content=\"Visit Kavala\" \/>\n<meta property=\"article:publisher\" content=\"https:\/\/www.facebook.com\/visitkavala.gr\" \/>\n<meta property=\"article:modified_time\" content=\"2018-04-06T11:03:57+00:00\" \/>\n<meta property=\"og:image\" content=\"https:\/\/www.visitkavala.gr\/wp-content\/uploads\/2018\/02\/visitkavala-social.png\" \/>\n\t<meta property=\"og:image:width\" content=\"1640\" \/>\n\t<meta property=\"og:image:height\" content=\"922\" \/>\n\t<meta property=\"og:image:type\" content=\"image\/png\" \/>\n<meta name=\"twitter:card\" content=\"summary_large_image\" \/>\n<meta name=\"twitter:label1\" content=\"Gesch\u00e4tzte Lesezeit\" \/>\n\t<meta name=\"twitter:data1\" content=\"1\u00a0Minute\" \/>\n<script type=\"application\/ld+json\" class=\"yoast-schema-graph\">{\"@context\":\"https:\\\/\\\/schema.org\",\"@graph\":[{\"@type\":\"WebPage\",\"@id\":\"https:\\\/\\\/www.visitkavala.gr\\\/de\\\/taksidi-kai-diamoni\\\/diamoni\\\/4-asteron\\\/\",\"url\":\"https:\\\/\\\/www.visitkavala.gr\\\/de\\\/taksidi-kai-diamoni\\\/diamoni\\\/4-asteron\\\/\",\"name\":\"4 Sterne - Visit Kavala\",\"isPartOf\":{\"@id\":\"https:\\\/\\\/www.visitkavala.gr\\\/de\\\/#website\"},\"datePublished\":\"2017-10-19T08:01:44+00:00\",\"dateModified\":\"2018-04-06T11:03:57+00:00\",\"breadcrumb\":{\"@id\":\"https:\\\/\\\/www.visitkavala.gr\\\/de\\\/taksidi-kai-diamoni\\\/diamoni\\\/4-asteron\\\/#breadcrumb\"},\"inLanguage\":\"de\",\"potentialAction\":[{\"@type\":\"ReadAction\",\"target\":[\"https:\\\/\\\/www.visitkavala.gr\\\/de\\\/taksidi-kai-diamoni\\\/diamoni\\\/4-asteron\\\/\"]}]},{\"@type\":\"BreadcrumbList\",\"@id\":\"https:\\\/\\\/www.visitkavala.gr\\\/de\\\/taksidi-kai-diamoni\\\/diamoni\\\/4-asteron\\\/#breadcrumb\",\"itemListElement\":[{\"@type\":\"ListItem\",\"position\":1,\"name\":\"Home\",\"item\":\"https:\\\/\\\/www.visitkavala.gr\\\/de\\\/\"},{\"@type\":\"ListItem\",\"position\":2,\"name\":\"Reise und Aufenthalt\",\"item\":\"https:\\\/\\\/www.visitkavala.gr\\\/de\\\/taksidi-kai-diamoni\\\/\"},{\"@type\":\"ListItem\",\"position\":3,\"name\":\"Aufenthalt\",\"item\":\"https:\\\/\\\/www.visitkavala.gr\\\/de\\\/taksidi-kai-diamoni\\\/diamoni\\\/\"},{\"@type\":\"ListItem\",\"position\":4,\"name\":\"4 Sterne\"}]},{\"@type\":\"WebSite\",\"@id\":\"https:\\\/\\\/www.visitkavala.gr\\\/de\\\/#website\",\"url\":\"https:\\\/\\\/www.visitkavala.gr\\\/de\\\/\",\"name\":\"Visit Kavala\",\"description\":\"E\u03c0\u03af\u03c3\u03b7\u03bc\u03b7 \u03c4\u03bf\u03c5\u03c1\u03b9\u03c3\u03c4\u03b9\u03ba\u03ae \u03c3\u03b5\u03bb\u03af\u03b4\u03b1 \u039a\u03b1\u03b2\u03ac\u03bb\u03b1\u03c2\",\"publisher\":{\"@id\":\"https:\\\/\\\/www.visitkavala.gr\\\/de\\\/#organization\"},\"potentialAction\":[{\"@type\":\"SearchAction\",\"target\":{\"@type\":\"EntryPoint\",\"urlTemplate\":\"https:\\\/\\\/www.visitkavala.gr\\\/de\\\/?s={search_term_string}\"},\"query-input\":{\"@type\":\"PropertyValueSpecification\",\"valueRequired\":true,\"valueName\":\"search_term_string\"}}],\"inLanguage\":\"de\"},{\"@type\":\"Organization\",\"@id\":\"https:\\\/\\\/www.visitkavala.gr\\\/de\\\/#organization\",\"name\":\"Visit Kavala\",\"url\":\"https:\\\/\\\/www.visitkavala.gr\\\/de\\\/\",\"logo\":{\"@type\":\"ImageObject\",\"inLanguage\":\"de\",\"@id\":\"https:\\\/\\\/www.visitkavala.gr\\\/de\\\/#\\\/schema\\\/logo\\\/image\\\/\",\"url\":\"https:\\\/\\\/www.visitkavala.gr\\\/wp-content\\\/uploads\\\/2018\\\/02\\\/visit-kavala-logo-dark-retina.png\",\"contentUrl\":\"https:\\\/\\\/www.visitkavala.gr\\\/wp-content\\\/uploads\\\/2018\\\/02\\\/visit-kavala-logo-dark-retina.png\",\"width\":600,\"height\":165,\"caption\":\"Visit Kavala\"},\"image\":{\"@id\":\"https:\\\/\\\/www.visitkavala.gr\\\/de\\\/#\\\/schema\\\/logo\\\/image\\\/\"},\"sameAs\":[\"https:\\\/\\\/www.facebook.com\\\/visitkavala.gr\",\"https:\\\/\\\/www.instagram.com\\\/visitkavala.gr\"]}]}<\/script>\n<!-- \/ Yoast SEO plugin. -->","yoast_head_json":{"title":"4 Sterne - Visit Kavala","robots":{"index":"index","follow":"follow","max-snippet":"max-snippet:-1","max-image-preview":"max-image-preview:large","max-video-preview":"max-video-preview:-1"},"canonical":"https:\/\/www.visitkavala.gr\/de\/taksidi-kai-diamoni\/diamoni\/4-asteron\/","og_locale":"de_DE","og_type":"article","og_title":"4 Sterne - Visit Kavala","og_description":"Die besondere Sch\u00f6nheit und Erhabenheit der umliegenden Naturlandschaft verspricht in Verbindung mit dem f\u00fcr alle erschwingbaren Luxus der Anlage des Hotels Tosca Beach willkommene Erholung und Ruhe im Rahmen eines wundersch\u00f6nen, unvergesslichen Urlaubs.","og_url":"https:\/\/www.visitkavala.gr\/de\/taksidi-kai-diamoni\/diamoni\/4-asteron\/","og_site_name":"Visit Kavala","article_publisher":"https:\/\/www.facebook.com\/visitkavala.gr","article_modified_time":"2018-04-06T11:03:57+00:00","og_image":[{"width":1640,"height":922,"url":"https:\/\/www.visitkavala.gr\/wp-content\/uploads\/2018\/02\/visitkavala-social.png","type":"image\/png"}],"twitter_card":"summary_large_image","twitter_misc":{"Gesch\u00e4tzte Lesezeit":"1\u00a0Minute"},"schema":{"@context":"https:\/\/schema.org","@graph":[{"@type":"WebPage","@id":"https:\/\/www.visitkavala.gr\/de\/taksidi-kai-diamoni\/diamoni\/4-asteron\/","url":"https:\/\/www.visitkavala.gr\/de\/taksidi-kai-diamoni\/diamoni\/4-asteron\/","name":"4 Sterne - Visit Kavala","isPartOf":{"@id":"https:\/\/www.visitkavala.gr\/de\/#website"},"datePublished":"2017-10-19T08:01:44+00:00","dateModified":"2018-04-06T11:03:57+00:00","breadcrumb":{"@id":"https:\/\/www.visitkavala.gr\/de\/taksidi-kai-diamoni\/diamoni\/4-asteron\/#breadcrumb"},"inLanguage":"de","potentialAction":[{"@type":"ReadAction","target":["https:\/\/www.visitkavala.gr\/de\/taksidi-kai-diamoni\/diamoni\/4-asteron\/"]}]},{"@type":"BreadcrumbList","@id":"https:\/\/www.visitkavala.gr\/de\/taksidi-kai-diamoni\/diamoni\/4-asteron\/#breadcrumb","itemListElement":[{"@type":"ListItem","position":1,"name":"Home","item":"https:\/\/www.visitkavala.gr\/de\/"},{"@type":"ListItem","position":2,"name":"Reise und Aufenthalt","item":"https:\/\/www.visitkavala.gr\/de\/taksidi-kai-diamoni\/"},{"@type":"ListItem","position":3,"name":"Aufenthalt","item":"https:\/\/www.visitkavala.gr\/de\/taksidi-kai-diamoni\/diamoni\/"},{"@type":"ListItem","position":4,"name":"4 Sterne"}]},{"@type":"WebSite","@id":"https:\/\/www.visitkavala.gr\/de\/#website","url":"https:\/\/www.visitkavala.gr\/de\/","name":"Visit Kavala","description":"E\u03c0\u03af\u03c3\u03b7\u03bc\u03b7 \u03c4\u03bf\u03c5\u03c1\u03b9\u03c3\u03c4\u03b9\u03ba\u03ae \u03c3\u03b5\u03bb\u03af\u03b4\u03b1 \u039a\u03b1\u03b2\u03ac\u03bb\u03b1\u03c2","publisher":{"@id":"https:\/\/www.visitkavala.gr\/de\/#organization"},"potentialAction":[{"@type":"SearchAction","target":{"@type":"EntryPoint","urlTemplate":"https:\/\/www.visitkavala.gr\/de\/?s={search_term_string}"},"query-input":{"@type":"PropertyValueSpecification","valueRequired":true,"valueName":"search_term_string"}}],"inLanguage":"de"},{"@type":"Organization","@id":"https:\/\/www.visitkavala.gr\/de\/#organization","name":"Visit Kavala","url":"https:\/\/www.visitkavala.gr\/de\/","logo":{"@type":"ImageObject","inLanguage":"de","@id":"https:\/\/www.visitkavala.gr\/de\/#\/schema\/logo\/image\/","url":"https:\/\/www.visitkavala.gr\/wp-content\/uploads\/2018\/02\/visit-kavala-logo-dark-retina.png","contentUrl":"https:\/\/www.visitkavala.gr\/wp-content\/uploads\/2018\/02\/visit-kavala-logo-dark-retina.png","width":600,"height":165,"caption":"Visit Kavala"},"image":{"@id":"https:\/\/www.visitkavala.gr\/de\/#\/schema\/logo\/image\/"},"sameAs":["https:\/\/www.facebook.com\/visitkavala.gr","https:\/\/www.instagram.com\/visitkavala.gr"]}]}},"publishpress_future_action":{"enabled":false,"date":"2026-04-13 18:58:34","action":"change-status","newStatus":"draft","terms":[],"taxonomy":"translation_priority","extraData":[]},"publishpress_future_workflow_manual_trigger":{"enabledWorkflows":[]},"_links":{"self":[{"href":"https:\/\/www.visitkavala.gr\/de\/wp-json\/wp\/v2\/pages\/15242","targetHints":{"allow":["GET"]}}],"collection":[{"href":"https:\/\/www.visitkavala.gr\/de\/wp-json\/wp\/v2\/pages"}],"about":[{"href":"https:\/\/www.visitkavala.gr\/de\/wp-json\/wp\/v2\/types\/page"}],"author":[{"embeddable":true,"href":"https:\/\/www.visitkavala.gr\/de\/wp-json\/wp\/v2\/users\/1"}],"replies":[{"embeddable":true,"href":"https:\/\/www.visitkavala.gr\/de\/wp-json\/wp\/v2\/comments?post=15242"}],"version-history":[{"count":0,"href":"https:\/\/www.visitkavala.gr\/de\/wp-json\/wp\/v2\/pages\/15242\/revisions"}],"up":[{"embeddable":true,"href":"https:\/\/www.visitkavala.gr\/de\/wp-json\/wp\/v2\/pages\/15230"}],"wp:attachment":[{"href":"https:\/\/www.visitkavala.gr\/de\/wp-json\/wp\/v2\/media?parent=15242"}],"curies":[{"name":"wp","href":"https:\/\/api.w.org\/{rel}","templated":true}]}}