{"id":15200,"date":"2017-10-16T15:48:34","date_gmt":"2017-10-16T12:48:34","guid":{"rendered":"https:\/\/www.visitkavala.gr\/eksereunise\/xoria\/notioditika\/"},"modified":"2018-04-06T13:18:19","modified_gmt":"2018-04-06T10:18:19","slug":"notioditika","status":"publish","type":"page","link":"https:\/\/www.visitkavala.gr\/de\/eksereunise\/xoria\/notioditika\/","title":{"rendered":"Im S\u00fcdwesten"},"content":{"rendered":"<section  class=\" single-portfolio-header cover-background position-relative no-padding sm-no-padding xs-no-padding bg-image-srcset\"  style=\" background-image: url(https:\/\/www.visitkavala.gr\/wp-content\/uploads\/2017\/10\/irakleitsa_header.jpg);  min-height:600px\" data-bg-srcset=\"https:\/\/www.visitkavala.gr\/wp-content\/uploads\/2017\/10\/irakleitsa_header.jpg 1920w, https:\/\/www.visitkavala.gr\/wp-content\/uploads\/2017\/10\/irakleitsa_header-300x102.jpg 300w, https:\/\/www.visitkavala.gr\/wp-content\/uploads\/2017\/10\/irakleitsa_header-768x260.jpg 768w, https:\/\/www.visitkavala.gr\/wp-content\/uploads\/2017\/10\/irakleitsa_header-1024x347.jpg 1024w\"><div class=\"selection-overlay\" style=\" opacity:0.2; background-color:#000000;\"><\/div><div class=\"container\"><div class=\"row\"><div class=\"wpb_column hcode-column-container  col-xs-mobile-fullwidth col-sm-12\"><div class=\"vc-column-innner-wrapper\"><p>IM S\u00dcDWESTEN<\/p>\n<\/div><\/div><\/div><\/div><\/section><section class=\" custom-breadcrumps no-padding sm-no-padding xs-no-padding\"  style=\" background-color:#141e4b;  min-height:130px\"><div class=\"container\"><div class=\"row\"><div class=\"wpb_column hcode-column-container  col-xs-mobile-fullwidth col-sm-12\"><div class=\"vc-column-innner-wrapper\"><div  class=\" custom-breadcrumps-text eksereunise  \" ><p><a href=\"https:\/\/www.visitkavala.gr\/de\">Startseite<\/a> <span class=\"divider\">\/<\/span> <a href=\"https:\/\/www.visitkavala.gr\/de\/eksereunise\/\">Erforschen<\/a> <span class=\"divider\">\/<\/span> <a href=\"https:\/\/www.visitkavala.gr\/de\/eksereunise\/xoria\/\">D\u00f6rfer<\/a> <span class=\"divider\">\/<\/span> <span class=\"current\">Im S\u00fcdwesten<\/span><\/p>\n<\/div><div  class=\" custom-breadcrumps-buttons eksereunise  \" ><p><a href=\"https:\/\/www.visitkavala.gr\/de\/eksereunise\/xoria\/anatolika\/\">Im Osten<\/a> <a href=\"https:\/\/www.visitkavala.gr\/de\/eksereunise\/xoria\/voreia\/\">Im Norden<\/a> <a href=\"https:\/\/www.visitkavala.gr\/de\/eksereunise\/xoria\/voreioditika\/\">Im Nordwesten<\/a> <a class=\"active\" href=\"https:\/\/www.visitkavala.gr\/de\/eksereunise\/xoria\/notioditika\/\">Im S\u00fcdwesten<\/a><\/p>\n<\/div><\/div><\/div><\/div><\/div><\/section><section class=\" position-relative overflow-hidden related-post no-padding sm-no-padding xs-no-padding\" ><div class=\"container\"><div class=\"row\"><div class=\"wpb_column hcode-column-container  position-static col-xs-mobile-fullwidth col-sm-12\"><div class=\"vc-column-innner-wrapper\"><div  class=\" no-padding sm-no-padding xs-no-padding \"  style=\" margin: 0px 0px 0px 15px;\"><div class=\"ps-bs-two-lines-header\">\n<p class=\"ps-bs-two-lines-header-bold\">IM S\u00dcDWESTEN<\/p>\n<\/div>\n<\/div><style>\n            .page-template .read-more-button,\n            .single-portfolio .read-more-button { background-image: url(https:\/\/www.visitkavala.gr\/wp-content\/uploads\/2017\/02\/button_night-blue.png); background-repeat: no-repeat; color: #ffffff !important; font-size: 14px; line-height: 38px; width: 162px; display: block; text-align: center; \/*position: absolute; bottom: 0;*\/ margin: 0 0 40px 0; }\n            .page-template .read-more-button:hover,\n            .single-portfolio .read-more-button:hover { background-image: url(https:\/\/www.visitkavala.gr\/wp-content\/uploads\/2017\/02\/button_night-blue_hover.png); }\n          <\/style><div class=\"work-3col gutter work-with-title\"><div class=\"col-md-12  grid-gallery overflow-hidden content-section\"><div class=\"tab-content\"><ul class=\"grid\"><li class=\"portfolio-filter-14 portfolio-filter-6 \"><div class=\"blog-image\"><a href=\"https:\/\/www.visitkavala.gr\/de\/sightseeing\/eleutheroupoli\/\"><img loading=\"lazy\" decoding=\"async\" width=\"1200\" height=\"800\" src=\"https:\/\/www.visitkavala.gr\/wp-content\/uploads\/2017\/10\/elefthroupoli2.jpg\" class=\"attachment-full size-full wp-post-image\" alt=\"Eleftheroupoli - Foto von Artware\" title=\"\" srcset=\"https:\/\/www.visitkavala.gr\/wp-content\/uploads\/2017\/10\/elefthroupoli2.jpg 1200w, https:\/\/www.visitkavala.gr\/wp-content\/uploads\/2017\/10\/elefthroupoli2-300x200.jpg 300w, https:\/\/www.visitkavala.gr\/wp-content\/uploads\/2017\/10\/elefthroupoli2-768x512.jpg 768w, https:\/\/www.visitkavala.gr\/wp-content\/uploads\/2017\/10\/elefthroupoli2-1024x683.jpg 1024w\" sizes=\"auto, (max-width: 1200px) 100vw, 1200px\" \/><\/a><\/div><div class=\"post-details\"><a lang=\"el\" href=\"https:\/\/www.visitkavala.gr\/de\/sightseeing\/eleutheroupoli\/\" class=\"post-title\">Eleftheroupoli<\/a><p>Noch ehe Sie die Hauptstadt der Munizipali\u00e4t Pangeo erreichen, werden Sie von den h\u00fcbschen D\u00f6rfern Amisiana und Kokkinochoma begr\u00fc\u00dft,...<\/p><a href=\"https:\/\/www.visitkavala.gr\/de\/sightseeing\/eleutheroupoli\/\" class=\"read-more-button\">Weitere Informationen<\/a><\/div><\/li><li class=\"portfolio-filter-14 portfolio-filter-6 \"><div class=\"blog-image\"><a href=\"https:\/\/www.visitkavala.gr\/de\/sightseeing\/xortokopi\/\"><img loading=\"lazy\" decoding=\"async\" width=\"1200\" height=\"800\" src=\"https:\/\/www.visitkavala.gr\/wp-content\/uploads\/2017\/10\/hortokopi4.jpg\" class=\"attachment-full size-full wp-post-image\" alt=\"Chortokopi Foto von Artware\" title=\"\" srcset=\"https:\/\/www.visitkavala.gr\/wp-content\/uploads\/2017\/10\/hortokopi4.jpg 1200w, https:\/\/www.visitkavala.gr\/wp-content\/uploads\/2017\/10\/hortokopi4-300x200.jpg 300w, https:\/\/www.visitkavala.gr\/wp-content\/uploads\/2017\/10\/hortokopi4-768x512.jpg 768w, https:\/\/www.visitkavala.gr\/wp-content\/uploads\/2017\/10\/hortokopi4-1024x683.jpg 1024w\" sizes=\"auto, (max-width: 1200px) 100vw, 1200px\" \/><\/a><\/div><div class=\"post-details\"><a lang=\"el\" href=\"https:\/\/www.visitkavala.gr\/de\/sightseeing\/xortokopi\/\" class=\"post-title\">Chortokopi<\/a><p>Bis zum Jahr 1922 hie\u00df dieses Dorf Dranova. Nach dem Bev\u00f6lkerungsaustausch im Jahre 1923 siedelten sich hier Fl\u00fcchtlinge aus...<\/p><a href=\"https:\/\/www.visitkavala.gr\/de\/sightseeing\/xortokopi\/\" class=\"read-more-button\">Weitere Informationen<\/a><\/div><\/li><li class=\"portfolio-filter-14 portfolio-filter-6 \"><div class=\"blog-image\"><a href=\"https:\/\/www.visitkavala.gr\/de\/sightseeing\/eksoxi-kipia-akrobouni\/\"><img loading=\"lazy\" decoding=\"async\" width=\"1200\" height=\"800\" src=\"https:\/\/www.visitkavala.gr\/wp-content\/uploads\/2017\/10\/exochi1.jpg\" class=\"attachment-full size-full wp-post-image\" alt=\"Exochi - Foto von Artware\" title=\"\" srcset=\"https:\/\/www.visitkavala.gr\/wp-content\/uploads\/2017\/10\/exochi1.jpg 1200w, https:\/\/www.visitkavala.gr\/wp-content\/uploads\/2017\/10\/exochi1-300x200.jpg 300w, https:\/\/www.visitkavala.gr\/wp-content\/uploads\/2017\/10\/exochi1-768x512.jpg 768w, https:\/\/www.visitkavala.gr\/wp-content\/uploads\/2017\/10\/exochi1-1024x683.jpg 1024w\" sizes=\"auto, (max-width: 1200px) 100vw, 1200px\" \/><\/a><\/div><div class=\"post-details\"><a lang=\"el\" href=\"https:\/\/www.visitkavala.gr\/de\/sightseeing\/eksoxi-kipia-akrobouni\/\" class=\"post-title\">Exochi \u2013 Kipia \u2013 Akrovouni<\/a><p>In der N\u00e4he von Kipia befinden sich die D\u00f6rfer Exochi und Akrovouni, die besonders f\u00fcr den grau-gr\u00fcnen Schiefer bekannt...<\/p><a href=\"https:\/\/www.visitkavala.gr\/de\/sightseeing\/eksoxi-kipia-akrobouni\/\" class=\"read-more-button\">Weitere Informationen<\/a><\/div><\/li><li class=\"portfolio-filter-14 portfolio-filter-6 \"><div class=\"blog-image\"><a href=\"https:\/\/www.visitkavala.gr\/de\/sightseeing\/ofrinio\/\"><img loading=\"lazy\" decoding=\"async\" width=\"1200\" height=\"800\" src=\"https:\/\/www.visitkavala.gr\/wp-content\/uploads\/2017\/10\/ofrynio2a.jpg\" class=\"attachment-full size-full wp-post-image\" alt=\"Strand von Ofrynio - Foto von Artware\" title=\"\" srcset=\"https:\/\/www.visitkavala.gr\/wp-content\/uploads\/2017\/10\/ofrynio2a.jpg 1200w, https:\/\/www.visitkavala.gr\/wp-content\/uploads\/2017\/10\/ofrynio2a-300x200.jpg 300w, https:\/\/www.visitkavala.gr\/wp-content\/uploads\/2017\/10\/ofrynio2a-768x512.jpg 768w, https:\/\/www.visitkavala.gr\/wp-content\/uploads\/2017\/10\/ofrynio2a-1024x683.jpg 1024w\" sizes=\"auto, (max-width: 1200px) 100vw, 1200px\" \/><\/a><\/div><div class=\"post-details\"><a lang=\"el\" href=\"https:\/\/www.visitkavala.gr\/de\/sightseeing\/ofrinio\/\" class=\"post-title\">Ofrynio<\/a><p>Die landschaftliche Sch\u00f6nheit, der historische und arch\u00e4ologische Reichtum der Gegend, die \u00dcberreste der byzantinischen Befestigungsmauern und eine jungsteinzeitliche Siedlung,...<\/p><a href=\"https:\/\/www.visitkavala.gr\/de\/sightseeing\/ofrinio\/\" class=\"read-more-button\">Weitere Informationen<\/a><\/div><\/li><li class=\"portfolio-filter-14 portfolio-filter-6 \"><div class=\"blog-image\"><a href=\"https:\/\/www.visitkavala.gr\/de\/sightseeing\/nea-irakleitsa-agios-andreas-nea-peramos-eleutheres-elaioxori-mirtofito-folia\/\"><img loading=\"lazy\" decoding=\"async\" width=\"1200\" height=\"800\" src=\"https:\/\/www.visitkavala.gr\/wp-content\/uploads\/2017\/10\/irakleitsa2.jpg\" class=\"attachment-full size-full wp-post-image\" alt=\"Nea Iraklitsa - Foto von Artware\" title=\"\" srcset=\"https:\/\/www.visitkavala.gr\/wp-content\/uploads\/2017\/10\/irakleitsa2.jpg 1200w, https:\/\/www.visitkavala.gr\/wp-content\/uploads\/2017\/10\/irakleitsa2-300x200.jpg 300w, https:\/\/www.visitkavala.gr\/wp-content\/uploads\/2017\/10\/irakleitsa2-768x512.jpg 768w, https:\/\/www.visitkavala.gr\/wp-content\/uploads\/2017\/10\/irakleitsa2-1024x683.jpg 1024w\" sizes=\"auto, (max-width: 1200px) 100vw, 1200px\" \/><\/a><\/div><div class=\"post-details\"><a lang=\"el\" href=\"https:\/\/www.visitkavala.gr\/de\/sightseeing\/nea-irakleitsa-agios-andreas-nea-peramos-eleutheres-elaioxori-mirtofito-folia\/\" class=\"post-title\">Nea Iraklitsa \u2013 Agios Andreas \u2013 Nea Peramos \u2013 Eleftheres \u2013 Elaiochori \u2013 Myrtofyto \u2013 Folia<\/a><p>Entlang einer beeindruckenden 65 km langen K\u00fcstenlinie wechseln sich in dieser Gegend D\u00fcnen, goldene Sandstr\u00e4nde und wundersch\u00f6ne kleine Buchten...<\/p><a href=\"https:\/\/www.visitkavala.gr\/de\/sightseeing\/nea-irakleitsa-agios-andreas-nea-peramos-eleutheres-elaioxori-mirtofito-folia\/\" class=\"read-more-button\">Weitere Informationen<\/a><\/div><\/li><li class=\"portfolio-filter-14 portfolio-filter-6 \"><div class=\"blog-image\"><a href=\"https:\/\/www.visitkavala.gr\/de\/sightseeing\/moustheni-mesoropi\/\"><img loading=\"lazy\" decoding=\"async\" width=\"1200\" height=\"800\" src=\"https:\/\/www.visitkavala.gr\/wp-content\/uploads\/2017\/10\/moustheni523.jpg\" class=\"attachment-full size-full wp-post-image\" alt=\"Moustheni - Foto von Artware\" title=\"\" srcset=\"https:\/\/www.visitkavala.gr\/wp-content\/uploads\/2017\/10\/moustheni523.jpg 1200w, https:\/\/www.visitkavala.gr\/wp-content\/uploads\/2017\/10\/moustheni523-300x200.jpg 300w, https:\/\/www.visitkavala.gr\/wp-content\/uploads\/2017\/10\/moustheni523-768x512.jpg 768w, https:\/\/www.visitkavala.gr\/wp-content\/uploads\/2017\/10\/moustheni523-1024x683.jpg 1024w\" sizes=\"auto, (max-width: 1200px) 100vw, 1200px\" \/><\/a><\/div><div class=\"post-details\"><a lang=\"el\" href=\"https:\/\/www.visitkavala.gr\/de\/sightseeing\/moustheni-mesoropi\/\" class=\"post-title\">Moustheni \u2013 Mesoropi<\/a><p>F\u00e4hrt man von Eleftheroupoli nach S\u00fcdwesten weiter, so trifft man auf mehrere D\u00f6rfer, denen allen die \u00fcppige Vegetation und...<\/p><a href=\"https:\/\/www.visitkavala.gr\/de\/sightseeing\/moustheni-mesoropi\/\" class=\"read-more-button\">Weitere Informationen<\/a><\/div><\/li><\/ul><\/div><\/div><\/div><\/div><\/div><\/div><\/div><\/section>","protected":false},"excerpt":{"rendered":"<p>F\u00e4hrt man von Eleftheroupoli nach S\u00fcdwesten weiter, so trifft man auf mehrere D\u00f6rfer, denen allen die \u00fcppige Vegetation und ein Reichtum an erfrischenden Wasserl\u00e4ufen gemein ist.<\/p>\n","protected":false},"author":1,"featured_media":0,"parent":15164,"menu_order":0,"comment_status":"closed","ping_status":"closed","template":"page-eksereunise.php","meta":{"_acf_changed":false,"inline_featured_image":false,"_bos_mb_destination":[""],"footnotes":""},"class_list":["post-15200","page","type-page","status-publish","hentry"],"acf":[],"yoast_head":"<!-- This site is optimized with the Yoast SEO plugin v27.3 - https:\/\/yoast.com\/product\/yoast-seo-wordpress\/ -->\n<title>Im S\u00fcdwesten - Visit Kavala<\/title>\n<meta name=\"robots\" content=\"index, follow, max-snippet:-1, max-image-preview:large, max-video-preview:-1\" \/>\n<link rel=\"canonical\" href=\"https:\/\/www.visitkavala.gr\/de\/eksereunise\/xoria\/notioditika\/\" \/>\n<meta property=\"og:locale\" content=\"de_DE\" \/>\n<meta property=\"og:type\" content=\"article\" \/>\n<meta property=\"og:title\" content=\"Im S\u00fcdwesten - Visit Kavala\" \/>\n<meta property=\"og:description\" content=\"F\u00e4hrt man von Eleftheroupoli nach S\u00fcdwesten weiter, so trifft man auf mehrere D\u00f6rfer, denen allen die \u00fcppige Vegetation und ein Reichtum an erfrischenden Wasserl\u00e4ufen gemein ist.\" \/>\n<meta property=\"og:url\" content=\"https:\/\/www.visitkavala.gr\/de\/eksereunise\/xoria\/notioditika\/\" \/>\n<meta property=\"og:site_name\" content=\"Visit Kavala\" \/>\n<meta property=\"article:publisher\" content=\"https:\/\/www.facebook.com\/visitkavala.gr\" \/>\n<meta property=\"article:modified_time\" content=\"2018-04-06T10:18:19+00:00\" \/>\n<meta property=\"og:image\" content=\"https:\/\/www.visitkavala.gr\/wp-content\/uploads\/2018\/02\/visitkavala-social.png\" \/>\n\t<meta property=\"og:image:width\" content=\"1640\" \/>\n\t<meta property=\"og:image:height\" content=\"922\" \/>\n\t<meta property=\"og:image:type\" content=\"image\/png\" \/>\n<meta name=\"twitter:card\" content=\"summary_large_image\" \/>\n<meta name=\"twitter:label1\" content=\"Gesch\u00e4tzte Lesezeit\" \/>\n\t<meta name=\"twitter:data1\" content=\"1\u00a0Minute\" \/>\n<script type=\"application\/ld+json\" class=\"yoast-schema-graph\">{\"@context\":\"https:\\\/\\\/schema.org\",\"@graph\":[{\"@type\":\"WebPage\",\"@id\":\"https:\\\/\\\/www.visitkavala.gr\\\/de\\\/eksereunise\\\/xoria\\\/notioditika\\\/\",\"url\":\"https:\\\/\\\/www.visitkavala.gr\\\/de\\\/eksereunise\\\/xoria\\\/notioditika\\\/\",\"name\":\"Im S\u00fcdwesten - Visit Kavala\",\"isPartOf\":{\"@id\":\"https:\\\/\\\/www.visitkavala.gr\\\/de\\\/#website\"},\"datePublished\":\"2017-10-16T12:48:34+00:00\",\"dateModified\":\"2018-04-06T10:18:19+00:00\",\"breadcrumb\":{\"@id\":\"https:\\\/\\\/www.visitkavala.gr\\\/de\\\/eksereunise\\\/xoria\\\/notioditika\\\/#breadcrumb\"},\"inLanguage\":\"de\",\"potentialAction\":[{\"@type\":\"ReadAction\",\"target\":[\"https:\\\/\\\/www.visitkavala.gr\\\/de\\\/eksereunise\\\/xoria\\\/notioditika\\\/\"]}]},{\"@type\":\"BreadcrumbList\",\"@id\":\"https:\\\/\\\/www.visitkavala.gr\\\/de\\\/eksereunise\\\/xoria\\\/notioditika\\\/#breadcrumb\",\"itemListElement\":[{\"@type\":\"ListItem\",\"position\":1,\"name\":\"Home\",\"item\":\"https:\\\/\\\/www.visitkavala.gr\\\/de\\\/\"},{\"@type\":\"ListItem\",\"position\":2,\"name\":\"Erforschen\",\"item\":\"https:\\\/\\\/www.visitkavala.gr\\\/de\\\/eksereunise\\\/\"},{\"@type\":\"ListItem\",\"position\":3,\"name\":\"D\u00f6rfer\",\"item\":\"https:\\\/\\\/www.visitkavala.gr\\\/de\\\/eksereunise\\\/xoria\\\/\"},{\"@type\":\"ListItem\",\"position\":4,\"name\":\"Im S\u00fcdwesten\"}]},{\"@type\":\"WebSite\",\"@id\":\"https:\\\/\\\/www.visitkavala.gr\\\/de\\\/#website\",\"url\":\"https:\\\/\\\/www.visitkavala.gr\\\/de\\\/\",\"name\":\"Visit Kavala\",\"description\":\"E\u03c0\u03af\u03c3\u03b7\u03bc\u03b7 \u03c4\u03bf\u03c5\u03c1\u03b9\u03c3\u03c4\u03b9\u03ba\u03ae \u03c3\u03b5\u03bb\u03af\u03b4\u03b1 \u039a\u03b1\u03b2\u03ac\u03bb\u03b1\u03c2\",\"publisher\":{\"@id\":\"https:\\\/\\\/www.visitkavala.gr\\\/de\\\/#organization\"},\"potentialAction\":[{\"@type\":\"SearchAction\",\"target\":{\"@type\":\"EntryPoint\",\"urlTemplate\":\"https:\\\/\\\/www.visitkavala.gr\\\/de\\\/?s={search_term_string}\"},\"query-input\":{\"@type\":\"PropertyValueSpecification\",\"valueRequired\":true,\"valueName\":\"search_term_string\"}}],\"inLanguage\":\"de\"},{\"@type\":\"Organization\",\"@id\":\"https:\\\/\\\/www.visitkavala.gr\\\/de\\\/#organization\",\"name\":\"Visit Kavala\",\"url\":\"https:\\\/\\\/www.visitkavala.gr\\\/de\\\/\",\"logo\":{\"@type\":\"ImageObject\",\"inLanguage\":\"de\",\"@id\":\"https:\\\/\\\/www.visitkavala.gr\\\/de\\\/#\\\/schema\\\/logo\\\/image\\\/\",\"url\":\"https:\\\/\\\/www.visitkavala.gr\\\/wp-content\\\/uploads\\\/2018\\\/02\\\/visit-kavala-logo-dark-retina.png\",\"contentUrl\":\"https:\\\/\\\/www.visitkavala.gr\\\/wp-content\\\/uploads\\\/2018\\\/02\\\/visit-kavala-logo-dark-retina.png\",\"width\":600,\"height\":165,\"caption\":\"Visit Kavala\"},\"image\":{\"@id\":\"https:\\\/\\\/www.visitkavala.gr\\\/de\\\/#\\\/schema\\\/logo\\\/image\\\/\"},\"sameAs\":[\"https:\\\/\\\/www.facebook.com\\\/visitkavala.gr\",\"https:\\\/\\\/www.instagram.com\\\/visitkavala.gr\"]}]}<\/script>\n<!-- \/ Yoast SEO plugin. -->","yoast_head_json":{"title":"Im S\u00fcdwesten - Visit Kavala","robots":{"index":"index","follow":"follow","max-snippet":"max-snippet:-1","max-image-preview":"max-image-preview:large","max-video-preview":"max-video-preview:-1"},"canonical":"https:\/\/www.visitkavala.gr\/de\/eksereunise\/xoria\/notioditika\/","og_locale":"de_DE","og_type":"article","og_title":"Im S\u00fcdwesten - Visit Kavala","og_description":"F\u00e4hrt man von Eleftheroupoli nach S\u00fcdwesten weiter, so trifft man auf mehrere D\u00f6rfer, denen allen die \u00fcppige Vegetation und ein Reichtum an erfrischenden Wasserl\u00e4ufen gemein ist.","og_url":"https:\/\/www.visitkavala.gr\/de\/eksereunise\/xoria\/notioditika\/","og_site_name":"Visit Kavala","article_publisher":"https:\/\/www.facebook.com\/visitkavala.gr","article_modified_time":"2018-04-06T10:18:19+00:00","og_image":[{"width":1640,"height":922,"url":"https:\/\/www.visitkavala.gr\/wp-content\/uploads\/2018\/02\/visitkavala-social.png","type":"image\/png"}],"twitter_card":"summary_large_image","twitter_misc":{"Gesch\u00e4tzte Lesezeit":"1\u00a0Minute"},"schema":{"@context":"https:\/\/schema.org","@graph":[{"@type":"WebPage","@id":"https:\/\/www.visitkavala.gr\/de\/eksereunise\/xoria\/notioditika\/","url":"https:\/\/www.visitkavala.gr\/de\/eksereunise\/xoria\/notioditika\/","name":"Im S\u00fcdwesten - Visit Kavala","isPartOf":{"@id":"https:\/\/www.visitkavala.gr\/de\/#website"},"datePublished":"2017-10-16T12:48:34+00:00","dateModified":"2018-04-06T10:18:19+00:00","breadcrumb":{"@id":"https:\/\/www.visitkavala.gr\/de\/eksereunise\/xoria\/notioditika\/#breadcrumb"},"inLanguage":"de","potentialAction":[{"@type":"ReadAction","target":["https:\/\/www.visitkavala.gr\/de\/eksereunise\/xoria\/notioditika\/"]}]},{"@type":"BreadcrumbList","@id":"https:\/\/www.visitkavala.gr\/de\/eksereunise\/xoria\/notioditika\/#breadcrumb","itemListElement":[{"@type":"ListItem","position":1,"name":"Home","item":"https:\/\/www.visitkavala.gr\/de\/"},{"@type":"ListItem","position":2,"name":"Erforschen","item":"https:\/\/www.visitkavala.gr\/de\/eksereunise\/"},{"@type":"ListItem","position":3,"name":"D\u00f6rfer","item":"https:\/\/www.visitkavala.gr\/de\/eksereunise\/xoria\/"},{"@type":"ListItem","position":4,"name":"Im S\u00fcdwesten"}]},{"@type":"WebSite","@id":"https:\/\/www.visitkavala.gr\/de\/#website","url":"https:\/\/www.visitkavala.gr\/de\/","name":"Visit Kavala","description":"E\u03c0\u03af\u03c3\u03b7\u03bc\u03b7 \u03c4\u03bf\u03c5\u03c1\u03b9\u03c3\u03c4\u03b9\u03ba\u03ae \u03c3\u03b5\u03bb\u03af\u03b4\u03b1 \u039a\u03b1\u03b2\u03ac\u03bb\u03b1\u03c2","publisher":{"@id":"https:\/\/www.visitkavala.gr\/de\/#organization"},"potentialAction":[{"@type":"SearchAction","target":{"@type":"EntryPoint","urlTemplate":"https:\/\/www.visitkavala.gr\/de\/?s={search_term_string}"},"query-input":{"@type":"PropertyValueSpecification","valueRequired":true,"valueName":"search_term_string"}}],"inLanguage":"de"},{"@type":"Organization","@id":"https:\/\/www.visitkavala.gr\/de\/#organization","name":"Visit Kavala","url":"https:\/\/www.visitkavala.gr\/de\/","logo":{"@type":"ImageObject","inLanguage":"de","@id":"https:\/\/www.visitkavala.gr\/de\/#\/schema\/logo\/image\/","url":"https:\/\/www.visitkavala.gr\/wp-content\/uploads\/2018\/02\/visit-kavala-logo-dark-retina.png","contentUrl":"https:\/\/www.visitkavala.gr\/wp-content\/uploads\/2018\/02\/visit-kavala-logo-dark-retina.png","width":600,"height":165,"caption":"Visit Kavala"},"image":{"@id":"https:\/\/www.visitkavala.gr\/de\/#\/schema\/logo\/image\/"},"sameAs":["https:\/\/www.facebook.com\/visitkavala.gr","https:\/\/www.instagram.com\/visitkavala.gr"]}]}},"publishpress_future_action":{"enabled":false,"date":"2026-04-13 14:03:16","action":"change-status","newStatus":"draft","terms":[],"taxonomy":"translation_priority","extraData":[]},"publishpress_future_workflow_manual_trigger":{"enabledWorkflows":[]},"_links":{"self":[{"href":"https:\/\/www.visitkavala.gr\/de\/wp-json\/wp\/v2\/pages\/15200","targetHints":{"allow":["GET"]}}],"collection":[{"href":"https:\/\/www.visitkavala.gr\/de\/wp-json\/wp\/v2\/pages"}],"about":[{"href":"https:\/\/www.visitkavala.gr\/de\/wp-json\/wp\/v2\/types\/page"}],"author":[{"embeddable":true,"href":"https:\/\/www.visitkavala.gr\/de\/wp-json\/wp\/v2\/users\/1"}],"replies":[{"embeddable":true,"href":"https:\/\/www.visitkavala.gr\/de\/wp-json\/wp\/v2\/comments?post=15200"}],"version-history":[{"count":0,"href":"https:\/\/www.visitkavala.gr\/de\/wp-json\/wp\/v2\/pages\/15200\/revisions"}],"up":[{"embeddable":true,"href":"https:\/\/www.visitkavala.gr\/de\/wp-json\/wp\/v2\/pages\/15164"}],"wp:attachment":[{"href":"https:\/\/www.visitkavala.gr\/de\/wp-json\/wp\/v2\/media?parent=15200"}],"curies":[{"name":"wp","href":"https:\/\/api.w.org\/{rel}","templated":true}]}}