{"id":15176,"date":"2017-05-16T13:29:57","date_gmt":"2017-05-16T10:29:57","guid":{"rendered":"https:\/\/www.visitkavala.gr\/eksereunise\/xoria\/anatolika\/"},"modified":"2018-04-06T13:15:06","modified_gmt":"2018-04-06T10:15:06","slug":"anatolika","status":"publish","type":"page","link":"https:\/\/www.visitkavala.gr\/de\/eksereunise\/xoria\/anatolika\/","title":{"rendered":"Im Osten"},"content":{"rendered":"<section  class=\" single-portfolio-header cover-background position-relative no-padding sm-no-padding xs-no-padding bg-image-srcset\"  style=\" background-image: url(https:\/\/www.visitkavala.gr\/wp-content\/uploads\/2017\/10\/keramoti_header.jpg);  min-height:600px\" data-bg-srcset=\"https:\/\/www.visitkavala.gr\/wp-content\/uploads\/2017\/10\/keramoti_header.jpg 1920w, https:\/\/www.visitkavala.gr\/wp-content\/uploads\/2017\/10\/keramoti_header-300x102.jpg 300w, https:\/\/www.visitkavala.gr\/wp-content\/uploads\/2017\/10\/keramoti_header-768x260.jpg 768w, https:\/\/www.visitkavala.gr\/wp-content\/uploads\/2017\/10\/keramoti_header-1024x347.jpg 1024w\"><div class=\"selection-overlay\" style=\" opacity:0.2; background-color:#000000;\"><\/div><div class=\"container\"><div class=\"row\"><div class=\"wpb_column hcode-column-container  col-xs-mobile-fullwidth col-sm-12\"><div class=\"vc-column-innner-wrapper\"><p>IM OSTEN<\/p>\n<\/div><\/div><\/div><\/div><\/section><section class=\" custom-breadcrumps no-padding sm-no-padding xs-no-padding\"  style=\" background-color:#141e4b;  min-height:130px\"><div class=\"container\"><div class=\"row\"><div class=\"wpb_column hcode-column-container  col-xs-mobile-fullwidth col-sm-12\"><div class=\"vc-column-innner-wrapper\"><div  class=\" custom-breadcrumps-text eksereunise  \" ><p><a href=\"https:\/\/www.visitkavala.gr\/de\">Startseite<\/a> <span class=\"divider\">\/<\/span> <a href=\"https:\/\/www.visitkavala.gr\/de\/eksereunise\/\">Erforschen<\/a> <span class=\"divider\">\/<\/span> <a href=\"https:\/\/www.visitkavala.gr\/de\/eksereunise\/xoria\/\">D\u00f6rfer<\/a> <span class=\"divider\">\/<\/span> <span class=\"current\">Im Osten<\/span><\/p>\n<\/div><div  class=\" custom-breadcrumps-buttons eksereunise  \" ><p><a class=\"active\" href=\"https:\/\/www.visitkavala.gr\/de\/eksereunise\/xoria\/anatolika\/\">Im Osten<\/a> <a href=\"https:\/\/www.visitkavala.gr\/de\/eksereunise\/xoria\/voreia\/\">Im Norden<\/a> <a href=\"https:\/\/www.visitkavala.gr\/de\/eksereunise\/xoria\/voreioditika\/\">Im Nordwesten<\/a> <a href=\"https:\/\/www.visitkavala.gr\/de\/eksereunise\/xoria\/notioditika\/\">Im S\u00fcdwesten<\/a><\/p>\n<\/div><\/div><\/div><\/div><\/div><\/section><section class=\" position-relative overflow-hidden related-post no-padding sm-no-padding xs-no-padding\" ><div class=\"container\"><div class=\"row\"><div class=\"wpb_column hcode-column-container  position-static col-xs-mobile-fullwidth col-sm-12\"><div class=\"vc-column-innner-wrapper\"><div  class=\" no-padding sm-no-padding xs-no-padding \"  style=\" margin: 0px 0px 0px 15px;\"><div class=\"ps-bs-two-lines-header\">\n<p class=\"ps-bs-two-lines-header-bold\">IM OSTEN<\/p>\n<\/div>\n<\/div><style>\n            .page-template .read-more-button,\n            .single-portfolio .read-more-button { background-image: url(https:\/\/www.visitkavala.gr\/wp-content\/uploads\/2017\/02\/button_night-blue.png); background-repeat: no-repeat; color: #ffffff !important; font-size: 14px; line-height: 38px; width: 162px; display: block; text-align: center; \/*position: absolute; bottom: 0;*\/ margin: 0 0 40px 0; }\n            .page-template .read-more-button:hover,\n            .single-portfolio .read-more-button:hover { background-image: url(https:\/\/www.visitkavala.gr\/wp-content\/uploads\/2017\/02\/button_night-blue_hover.png); }\n          <\/style><div class=\"work-3col gutter work-with-title\"><div class=\"col-md-12  grid-gallery overflow-hidden content-section\"><div class=\"tab-content\"><ul class=\"grid\"><li class=\"portfolio-filter-14 portfolio-filter-6 \"><div class=\"blog-image\"><a href=\"https:\/\/www.visitkavala.gr\/de\/sightseeing\/nea-karbali\/\"><img loading=\"lazy\" decoding=\"async\" width=\"1200\" height=\"800\" src=\"https:\/\/www.visitkavala.gr\/wp-content\/uploads\/2017\/10\/akontisma7.jpg\" class=\"attachment-full size-full wp-post-image\" alt=\"Nea Karvali, Akontisma - Foto von Giannis Giannelos\" title=\"\" srcset=\"https:\/\/www.visitkavala.gr\/wp-content\/uploads\/2017\/10\/akontisma7.jpg 1200w, https:\/\/www.visitkavala.gr\/wp-content\/uploads\/2017\/10\/akontisma7-300x200.jpg 300w, https:\/\/www.visitkavala.gr\/wp-content\/uploads\/2017\/10\/akontisma7-768x512.jpg 768w, https:\/\/www.visitkavala.gr\/wp-content\/uploads\/2017\/10\/akontisma7-1024x683.jpg 1024w\" sizes=\"auto, (max-width: 1200px) 100vw, 1200px\" \/><\/a><\/div><div class=\"post-details\"><a lang=\"el\" href=\"https:\/\/www.visitkavala.gr\/de\/sightseeing\/nea-karbali\/\" class=\"post-title\">Nea Karvali<\/a><p>Nea Karvali ist der heutige Name der ehemaligen Kappadokier-Siedlung Karvali, ein Ort, der an jahrhundertalte Geschichte erinnert. Die Fl\u00fcchtlinge...<\/p><a href=\"https:\/\/www.visitkavala.gr\/de\/sightseeing\/nea-karbali\/\" class=\"read-more-button\">Weitere Informationen<\/a><\/div><\/li><li class=\"portfolio-filter-14 portfolio-filter-6 \"><div class=\"blog-image\"><a href=\"https:\/\/www.visitkavala.gr\/de\/sightseeing\/leuki-ano-leuki-xalkero\/\"><img loading=\"lazy\" decoding=\"async\" width=\"1200\" height=\"800\" src=\"https:\/\/www.visitkavala.gr\/wp-content\/uploads\/2017\/10\/lefki1.jpg\" class=\"attachment-full size-full wp-post-image\" alt=\"Steinbr\u00fccke von Lefki - Foto von Artware\" title=\"\" srcset=\"https:\/\/www.visitkavala.gr\/wp-content\/uploads\/2017\/10\/lefki1.jpg 1200w, https:\/\/www.visitkavala.gr\/wp-content\/uploads\/2017\/10\/lefki1-300x200.jpg 300w, https:\/\/www.visitkavala.gr\/wp-content\/uploads\/2017\/10\/lefki1-768x512.jpg 768w, https:\/\/www.visitkavala.gr\/wp-content\/uploads\/2017\/10\/lefki1-1024x683.jpg 1024w\" sizes=\"auto, (max-width: 1200px) 100vw, 1200px\" \/><\/a><\/div><div class=\"post-details\"><a lang=\"el\" href=\"https:\/\/www.visitkavala.gr\/de\/sightseeing\/leuki-ano-leuki-xalkero\/\" class=\"post-title\">Lefki &#8211; Ano Lefki &#8211; Chalkero<\/a><p>Zwischen Kavala, Nea Karvali und Chalkero liegen die kleinen Siedlungen Lefki und Ano Lefki.<\/p><a href=\"https:\/\/www.visitkavala.gr\/de\/sightseeing\/leuki-ano-leuki-xalkero\/\" class=\"read-more-button\">Weitere Informationen<\/a><\/div><\/li><li class=\"portfolio-filter-14 portfolio-filter-6 \"><div class=\"blog-image\"><a href=\"https:\/\/www.visitkavala.gr\/de\/sightseeing\/xrisoupoli\/\"><img loading=\"lazy\" decoding=\"async\" width=\"1200\" height=\"800\" src=\"https:\/\/www.visitkavala.gr\/wp-content\/uploads\/2017\/10\/chrysoupoli2.jpg\" class=\"attachment-full size-full wp-post-image\" alt=\"Chrisoupoli - Foto von Artware\" title=\"\" srcset=\"https:\/\/www.visitkavala.gr\/wp-content\/uploads\/2017\/10\/chrysoupoli2.jpg 1200w, https:\/\/www.visitkavala.gr\/wp-content\/uploads\/2017\/10\/chrysoupoli2-300x200.jpg 300w, https:\/\/www.visitkavala.gr\/wp-content\/uploads\/2017\/10\/chrysoupoli2-768x512.jpg 768w, https:\/\/www.visitkavala.gr\/wp-content\/uploads\/2017\/10\/chrysoupoli2-1024x683.jpg 1024w\" sizes=\"auto, (max-width: 1200px) 100vw, 1200px\" \/><\/a><\/div><div class=\"post-details\"><a lang=\"el\" href=\"https:\/\/www.visitkavala.gr\/de\/sightseeing\/xrisoupoli\/\" class=\"post-title\">Chrysoupoli<\/a><p>Die Fahrt nach Chrysoupolis, der Hauptstadt der Munizipalit\u00e4t Nestos, die an den s\u00fcd\u00f6stlichen Ausl\u00e4ufern des Lekani-Gebirges entlang verl\u00e4uft, f\u00fchrt...<\/p><a href=\"https:\/\/www.visitkavala.gr\/de\/sightseeing\/xrisoupoli\/\" class=\"read-more-button\">Weitere Informationen<\/a><\/div><\/li><li class=\"portfolio-filter-14 portfolio-filter-6 \"><div class=\"blog-image\"><a href=\"https:\/\/www.visitkavala.gr\/de\/sightseeing\/kseria-abramilia-dialekto-paradeisos\/\"><img loading=\"lazy\" decoding=\"async\" width=\"1200\" height=\"800\" src=\"https:\/\/www.visitkavala.gr\/wp-content\/uploads\/2017\/10\/paradeisos1.jpg\" class=\"attachment-full size-full wp-post-image\" alt=\"Paradeisos Foto von Artware\" title=\"\" srcset=\"https:\/\/www.visitkavala.gr\/wp-content\/uploads\/2017\/10\/paradeisos1.jpg 1200w, https:\/\/www.visitkavala.gr\/wp-content\/uploads\/2017\/10\/paradeisos1-300x200.jpg 300w, https:\/\/www.visitkavala.gr\/wp-content\/uploads\/2017\/10\/paradeisos1-768x512.jpg 768w, https:\/\/www.visitkavala.gr\/wp-content\/uploads\/2017\/10\/paradeisos1-1024x683.jpg 1024w\" sizes=\"auto, (max-width: 1200px) 100vw, 1200px\" \/><\/a><\/div><div class=\"post-details\"><a lang=\"el\" href=\"https:\/\/www.visitkavala.gr\/de\/sightseeing\/kseria-abramilia-dialekto-paradeisos\/\" class=\"post-title\">Xerias &#8211; Avramylia &#8211; Dialekto &#8211; Paradisos<\/a><p>F\u00e4hrt man weiter in Richtung der Ostgrenze der Region, an den Nestos-Fluss, so wird man von h\u00fcbschen, gepflegten D\u00f6rfern...<\/p><a href=\"https:\/\/www.visitkavala.gr\/de\/sightseeing\/kseria-abramilia-dialekto-paradeisos\/\" class=\"read-more-button\">Weitere Informationen<\/a><\/div><\/li><li class=\"portfolio-filter-14 portfolio-filter-6 \"><div class=\"blog-image\"><a href=\"https:\/\/www.visitkavala.gr\/de\/sightseeing\/keramoti\/\"><img loading=\"lazy\" decoding=\"async\" width=\"1200\" height=\"800\" src=\"https:\/\/www.visitkavala.gr\/wp-content\/uploads\/2017\/04\/thassos_15.jpg\" class=\"attachment-full size-full wp-post-image\" alt=\"Hafen von Keramoti- Foto von Artware\" title=\"\" srcset=\"https:\/\/www.visitkavala.gr\/wp-content\/uploads\/2017\/04\/thassos_15.jpg 1200w, https:\/\/www.visitkavala.gr\/wp-content\/uploads\/2017\/04\/thassos_15-300x200.jpg 300w, https:\/\/www.visitkavala.gr\/wp-content\/uploads\/2017\/04\/thassos_15-768x512.jpg 768w, https:\/\/www.visitkavala.gr\/wp-content\/uploads\/2017\/04\/thassos_15-1024x683.jpg 1024w\" sizes=\"auto, (max-width: 1200px) 100vw, 1200px\" \/><\/a><\/div><div class=\"post-details\"><a lang=\"el\" href=\"https:\/\/www.visitkavala.gr\/de\/sightseeing\/keramoti\/\" class=\"post-title\">Keramoti<\/a><p>Auf der Fahrt nach Keramoti wird der Besucher wie ein guter Bekannter von den gastfreundlichen D\u00f6rfern Eratino (mit dem...<\/p><a href=\"https:\/\/www.visitkavala.gr\/de\/sightseeing\/keramoti\/\" class=\"read-more-button\">Weitere Informationen<\/a><\/div><\/li><li class=\"portfolio-filter-14 portfolio-filter-6 \"><div class=\"blog-image\"><a href=\"https:\/\/www.visitkavala.gr\/de\/sightseeing\/lekani-kexrokampos\/\"><img loading=\"lazy\" decoding=\"async\" width=\"1200\" height=\"800\" src=\"https:\/\/www.visitkavala.gr\/wp-content\/uploads\/2017\/10\/lekani2.jpg\" class=\"attachment-full size-full wp-post-image\" alt=\"Lekani - Foto von Artware\" title=\"\" srcset=\"https:\/\/www.visitkavala.gr\/wp-content\/uploads\/2017\/10\/lekani2.jpg 1200w, https:\/\/www.visitkavala.gr\/wp-content\/uploads\/2017\/10\/lekani2-300x200.jpg 300w, https:\/\/www.visitkavala.gr\/wp-content\/uploads\/2017\/10\/lekani2-768x512.jpg 768w, https:\/\/www.visitkavala.gr\/wp-content\/uploads\/2017\/10\/lekani2-1024x683.jpg 1024w\" sizes=\"auto, (max-width: 1200px) 100vw, 1200px\" \/><\/a><\/div><div class=\"post-details\"><a lang=\"el\" href=\"https:\/\/www.visitkavala.gr\/de\/sightseeing\/lekani-kexrokampos\/\" class=\"post-title\">Lekani \u2013 Kechrokampos<\/a><p>Die Strecke nach Lekani und Kechrokampos, die Hauptd\u00f6rfer der Gegend, ist ziemlich anspruchsvoll und gleichzeitig beeindruckend.<\/p><a href=\"https:\/\/www.visitkavala.gr\/de\/sightseeing\/lekani-kexrokampos\/\" class=\"read-more-button\">Weitere Informationen<\/a><\/div><\/li><\/ul><\/div><\/div><\/div><\/div><\/div><\/div><\/div><\/section>","protected":false},"excerpt":{"rendered":"<p>Die Strecke nach Lekani und Kechrokampos, die Hauptd\u00f6rfer der Gegend, ist ziemlich anspruchsvoll und gleichzeitig beeindruckend.<\/p>\n","protected":false},"author":1,"featured_media":0,"parent":15164,"menu_order":0,"comment_status":"closed","ping_status":"closed","template":"page-eksereunise.php","meta":{"_acf_changed":false,"inline_featured_image":false,"_bos_mb_destination":[""],"footnotes":""},"class_list":["post-15176","page","type-page","status-publish","hentry"],"acf":[],"yoast_head":"<!-- This site is optimized with the Yoast SEO plugin v27.3 - https:\/\/yoast.com\/product\/yoast-seo-wordpress\/ -->\n<title>Im Osten - Visit Kavala<\/title>\n<meta name=\"robots\" content=\"index, follow, max-snippet:-1, max-image-preview:large, max-video-preview:-1\" \/>\n<link rel=\"canonical\" href=\"https:\/\/www.visitkavala.gr\/de\/eksereunise\/xoria\/anatolika\/\" \/>\n<meta property=\"og:locale\" content=\"de_DE\" \/>\n<meta property=\"og:type\" content=\"article\" \/>\n<meta property=\"og:title\" content=\"Im Osten - Visit Kavala\" \/>\n<meta property=\"og:description\" content=\"Die Strecke nach Lekani und Kechrokampos, die Hauptd\u00f6rfer der Gegend, ist ziemlich anspruchsvoll und gleichzeitig beeindruckend.\" \/>\n<meta property=\"og:url\" content=\"https:\/\/www.visitkavala.gr\/de\/eksereunise\/xoria\/anatolika\/\" \/>\n<meta property=\"og:site_name\" content=\"Visit Kavala\" \/>\n<meta property=\"article:publisher\" content=\"https:\/\/www.facebook.com\/visitkavala.gr\" \/>\n<meta property=\"article:modified_time\" content=\"2018-04-06T10:15:06+00:00\" \/>\n<meta property=\"og:image\" content=\"https:\/\/www.visitkavala.gr\/wp-content\/uploads\/2018\/02\/visitkavala-social.png\" \/>\n\t<meta property=\"og:image:width\" content=\"1640\" \/>\n\t<meta property=\"og:image:height\" content=\"922\" \/>\n\t<meta property=\"og:image:type\" content=\"image\/png\" \/>\n<meta name=\"twitter:card\" content=\"summary_large_image\" \/>\n<meta name=\"twitter:label1\" content=\"Gesch\u00e4tzte Lesezeit\" \/>\n\t<meta name=\"twitter:data1\" content=\"1\u00a0Minute\" \/>\n<script type=\"application\/ld+json\" class=\"yoast-schema-graph\">{\"@context\":\"https:\\\/\\\/schema.org\",\"@graph\":[{\"@type\":\"WebPage\",\"@id\":\"https:\\\/\\\/www.visitkavala.gr\\\/de\\\/eksereunise\\\/xoria\\\/anatolika\\\/\",\"url\":\"https:\\\/\\\/www.visitkavala.gr\\\/de\\\/eksereunise\\\/xoria\\\/anatolika\\\/\",\"name\":\"Im Osten - Visit Kavala\",\"isPartOf\":{\"@id\":\"https:\\\/\\\/www.visitkavala.gr\\\/de\\\/#website\"},\"datePublished\":\"2017-05-16T10:29:57+00:00\",\"dateModified\":\"2018-04-06T10:15:06+00:00\",\"breadcrumb\":{\"@id\":\"https:\\\/\\\/www.visitkavala.gr\\\/de\\\/eksereunise\\\/xoria\\\/anatolika\\\/#breadcrumb\"},\"inLanguage\":\"de\",\"potentialAction\":[{\"@type\":\"ReadAction\",\"target\":[\"https:\\\/\\\/www.visitkavala.gr\\\/de\\\/eksereunise\\\/xoria\\\/anatolika\\\/\"]}]},{\"@type\":\"BreadcrumbList\",\"@id\":\"https:\\\/\\\/www.visitkavala.gr\\\/de\\\/eksereunise\\\/xoria\\\/anatolika\\\/#breadcrumb\",\"itemListElement\":[{\"@type\":\"ListItem\",\"position\":1,\"name\":\"Home\",\"item\":\"https:\\\/\\\/www.visitkavala.gr\\\/de\\\/\"},{\"@type\":\"ListItem\",\"position\":2,\"name\":\"Erforschen\",\"item\":\"https:\\\/\\\/www.visitkavala.gr\\\/de\\\/eksereunise\\\/\"},{\"@type\":\"ListItem\",\"position\":3,\"name\":\"D\u00f6rfer\",\"item\":\"https:\\\/\\\/www.visitkavala.gr\\\/de\\\/eksereunise\\\/xoria\\\/\"},{\"@type\":\"ListItem\",\"position\":4,\"name\":\"Im Osten\"}]},{\"@type\":\"WebSite\",\"@id\":\"https:\\\/\\\/www.visitkavala.gr\\\/de\\\/#website\",\"url\":\"https:\\\/\\\/www.visitkavala.gr\\\/de\\\/\",\"name\":\"Visit Kavala\",\"description\":\"E\u03c0\u03af\u03c3\u03b7\u03bc\u03b7 \u03c4\u03bf\u03c5\u03c1\u03b9\u03c3\u03c4\u03b9\u03ba\u03ae \u03c3\u03b5\u03bb\u03af\u03b4\u03b1 \u039a\u03b1\u03b2\u03ac\u03bb\u03b1\u03c2\",\"publisher\":{\"@id\":\"https:\\\/\\\/www.visitkavala.gr\\\/de\\\/#organization\"},\"potentialAction\":[{\"@type\":\"SearchAction\",\"target\":{\"@type\":\"EntryPoint\",\"urlTemplate\":\"https:\\\/\\\/www.visitkavala.gr\\\/de\\\/?s={search_term_string}\"},\"query-input\":{\"@type\":\"PropertyValueSpecification\",\"valueRequired\":true,\"valueName\":\"search_term_string\"}}],\"inLanguage\":\"de\"},{\"@type\":\"Organization\",\"@id\":\"https:\\\/\\\/www.visitkavala.gr\\\/de\\\/#organization\",\"name\":\"Visit Kavala\",\"url\":\"https:\\\/\\\/www.visitkavala.gr\\\/de\\\/\",\"logo\":{\"@type\":\"ImageObject\",\"inLanguage\":\"de\",\"@id\":\"https:\\\/\\\/www.visitkavala.gr\\\/de\\\/#\\\/schema\\\/logo\\\/image\\\/\",\"url\":\"https:\\\/\\\/www.visitkavala.gr\\\/wp-content\\\/uploads\\\/2018\\\/02\\\/visit-kavala-logo-dark-retina.png\",\"contentUrl\":\"https:\\\/\\\/www.visitkavala.gr\\\/wp-content\\\/uploads\\\/2018\\\/02\\\/visit-kavala-logo-dark-retina.png\",\"width\":600,\"height\":165,\"caption\":\"Visit Kavala\"},\"image\":{\"@id\":\"https:\\\/\\\/www.visitkavala.gr\\\/de\\\/#\\\/schema\\\/logo\\\/image\\\/\"},\"sameAs\":[\"https:\\\/\\\/www.facebook.com\\\/visitkavala.gr\",\"https:\\\/\\\/www.instagram.com\\\/visitkavala.gr\"]}]}<\/script>\n<!-- \/ Yoast SEO plugin. -->","yoast_head_json":{"title":"Im Osten - Visit Kavala","robots":{"index":"index","follow":"follow","max-snippet":"max-snippet:-1","max-image-preview":"max-image-preview:large","max-video-preview":"max-video-preview:-1"},"canonical":"https:\/\/www.visitkavala.gr\/de\/eksereunise\/xoria\/anatolika\/","og_locale":"de_DE","og_type":"article","og_title":"Im Osten - Visit Kavala","og_description":"Die Strecke nach Lekani und Kechrokampos, die Hauptd\u00f6rfer der Gegend, ist ziemlich anspruchsvoll und gleichzeitig beeindruckend.","og_url":"https:\/\/www.visitkavala.gr\/de\/eksereunise\/xoria\/anatolika\/","og_site_name":"Visit Kavala","article_publisher":"https:\/\/www.facebook.com\/visitkavala.gr","article_modified_time":"2018-04-06T10:15:06+00:00","og_image":[{"width":1640,"height":922,"url":"https:\/\/www.visitkavala.gr\/wp-content\/uploads\/2018\/02\/visitkavala-social.png","type":"image\/png"}],"twitter_card":"summary_large_image","twitter_misc":{"Gesch\u00e4tzte Lesezeit":"1\u00a0Minute"},"schema":{"@context":"https:\/\/schema.org","@graph":[{"@type":"WebPage","@id":"https:\/\/www.visitkavala.gr\/de\/eksereunise\/xoria\/anatolika\/","url":"https:\/\/www.visitkavala.gr\/de\/eksereunise\/xoria\/anatolika\/","name":"Im Osten - Visit Kavala","isPartOf":{"@id":"https:\/\/www.visitkavala.gr\/de\/#website"},"datePublished":"2017-05-16T10:29:57+00:00","dateModified":"2018-04-06T10:15:06+00:00","breadcrumb":{"@id":"https:\/\/www.visitkavala.gr\/de\/eksereunise\/xoria\/anatolika\/#breadcrumb"},"inLanguage":"de","potentialAction":[{"@type":"ReadAction","target":["https:\/\/www.visitkavala.gr\/de\/eksereunise\/xoria\/anatolika\/"]}]},{"@type":"BreadcrumbList","@id":"https:\/\/www.visitkavala.gr\/de\/eksereunise\/xoria\/anatolika\/#breadcrumb","itemListElement":[{"@type":"ListItem","position":1,"name":"Home","item":"https:\/\/www.visitkavala.gr\/de\/"},{"@type":"ListItem","position":2,"name":"Erforschen","item":"https:\/\/www.visitkavala.gr\/de\/eksereunise\/"},{"@type":"ListItem","position":3,"name":"D\u00f6rfer","item":"https:\/\/www.visitkavala.gr\/de\/eksereunise\/xoria\/"},{"@type":"ListItem","position":4,"name":"Im Osten"}]},{"@type":"WebSite","@id":"https:\/\/www.visitkavala.gr\/de\/#website","url":"https:\/\/www.visitkavala.gr\/de\/","name":"Visit Kavala","description":"E\u03c0\u03af\u03c3\u03b7\u03bc\u03b7 \u03c4\u03bf\u03c5\u03c1\u03b9\u03c3\u03c4\u03b9\u03ba\u03ae \u03c3\u03b5\u03bb\u03af\u03b4\u03b1 \u039a\u03b1\u03b2\u03ac\u03bb\u03b1\u03c2","publisher":{"@id":"https:\/\/www.visitkavala.gr\/de\/#organization"},"potentialAction":[{"@type":"SearchAction","target":{"@type":"EntryPoint","urlTemplate":"https:\/\/www.visitkavala.gr\/de\/?s={search_term_string}"},"query-input":{"@type":"PropertyValueSpecification","valueRequired":true,"valueName":"search_term_string"}}],"inLanguage":"de"},{"@type":"Organization","@id":"https:\/\/www.visitkavala.gr\/de\/#organization","name":"Visit Kavala","url":"https:\/\/www.visitkavala.gr\/de\/","logo":{"@type":"ImageObject","inLanguage":"de","@id":"https:\/\/www.visitkavala.gr\/de\/#\/schema\/logo\/image\/","url":"https:\/\/www.visitkavala.gr\/wp-content\/uploads\/2018\/02\/visit-kavala-logo-dark-retina.png","contentUrl":"https:\/\/www.visitkavala.gr\/wp-content\/uploads\/2018\/02\/visit-kavala-logo-dark-retina.png","width":600,"height":165,"caption":"Visit Kavala"},"image":{"@id":"https:\/\/www.visitkavala.gr\/de\/#\/schema\/logo\/image\/"},"sameAs":["https:\/\/www.facebook.com\/visitkavala.gr","https:\/\/www.instagram.com\/visitkavala.gr"]}]}},"publishpress_future_action":{"enabled":false,"date":"2026-04-13 17:25:52","action":"change-status","newStatus":"draft","terms":[],"taxonomy":"translation_priority","extraData":[]},"publishpress_future_workflow_manual_trigger":{"enabledWorkflows":[]},"_links":{"self":[{"href":"https:\/\/www.visitkavala.gr\/de\/wp-json\/wp\/v2\/pages\/15176","targetHints":{"allow":["GET"]}}],"collection":[{"href":"https:\/\/www.visitkavala.gr\/de\/wp-json\/wp\/v2\/pages"}],"about":[{"href":"https:\/\/www.visitkavala.gr\/de\/wp-json\/wp\/v2\/types\/page"}],"author":[{"embeddable":true,"href":"https:\/\/www.visitkavala.gr\/de\/wp-json\/wp\/v2\/users\/1"}],"replies":[{"embeddable":true,"href":"https:\/\/www.visitkavala.gr\/de\/wp-json\/wp\/v2\/comments?post=15176"}],"version-history":[{"count":0,"href":"https:\/\/www.visitkavala.gr\/de\/wp-json\/wp\/v2\/pages\/15176\/revisions"}],"up":[{"embeddable":true,"href":"https:\/\/www.visitkavala.gr\/de\/wp-json\/wp\/v2\/pages\/15164"}],"wp:attachment":[{"href":"https:\/\/www.visitkavala.gr\/de\/wp-json\/wp\/v2\/media?parent=15176"}],"curies":[{"name":"wp","href":"https:\/\/api.w.org\/{rel}","templated":true}]}}