{"id":15120,"date":"2017-04-21T13:30:19","date_gmt":"2017-04-21T13:30:19","guid":{"rendered":"https:\/\/www.visitkavala.gr\/eksereunise\/kapnapothikes\/"},"modified":"2018-04-06T12:44:58","modified_gmt":"2018-04-06T09:44:58","slug":"kapnapothikes","status":"publish","type":"page","link":"https:\/\/www.visitkavala.gr\/de\/eksereunise\/kapnapothikes\/","title":{"rendered":"Tabaklager"},"content":{"rendered":"<section  class=\" single-portfolio-header cover-background position-relative no-padding sm-no-padding xs-no-padding bg-image-srcset\"  style=\" background-image: url(https:\/\/www.visitkavala.gr\/wp-content\/uploads\/2018\/02\/kavala_calendar_header_blue.png);  min-height:600px\" data-bg-srcset=\"https:\/\/www.visitkavala.gr\/wp-content\/uploads\/2018\/02\/kavala_calendar_header_blue.png 1920w, https:\/\/www.visitkavala.gr\/wp-content\/uploads\/2018\/02\/kavala_calendar_header_blue-300x102.png 300w, https:\/\/www.visitkavala.gr\/wp-content\/uploads\/2018\/02\/kavala_calendar_header_blue-768x260.png 768w, https:\/\/www.visitkavala.gr\/wp-content\/uploads\/2018\/02\/kavala_calendar_header_blue-1024x347.png 1024w, https:\/\/www.visitkavala.gr\/wp-content\/uploads\/2018\/02\/kavala_calendar_header_blue-81x27.png 81w\"><div class=\"selection-overlay\" style=\" opacity:0.2; background-color:#000000;\"><\/div><div class=\"container\"><div class=\"row\"><div class=\"wpb_column hcode-column-container  col-xs-mobile-fullwidth col-sm-12\"><div class=\"vc-column-innner-wrapper\"><p>TABAKLAGER<\/p>\n<\/div><\/div><\/div><\/div><\/section><section class=\" custom-breadcrumps no-padding sm-no-padding xs-no-padding\"  style=\" background-color:#141e4b;  min-height:70px\"><div class=\"container\"><div class=\"row\"><div class=\"wpb_column hcode-column-container  col-xs-mobile-fullwidth col-sm-12\"><div class=\"vc-column-innner-wrapper\"><div  class=\" custom-breadcrumps-text eksereunise  \" ><p><a href=\"https:\/\/www.visitkavala.gr\/de\">Startseite<\/a> <span class=\"divider\">\/<\/span> <a href=\"https:\/\/www.visitkavala.gr\/de\/eksereunise\/\">Erforschen<\/a> <span class=\"divider\">\/<\/span> <span class=\"current\">Tabaklager<\/span><\/p>\n<\/div><\/div><\/div><\/div><\/div><\/section><section class=\" position-relative overflow-hidden related-post no-padding sm-no-padding xs-no-padding\" ><div class=\"container\"><div class=\"row\"><div class=\"wpb_column hcode-column-container  position-static col-xs-mobile-fullwidth col-sm-12\"><div class=\"vc-column-innner-wrapper\"><div  class=\" no-padding sm-no-padding xs-no-padding \"  style=\" margin: 0px 0px 0px 15px;\"><div class=\"ps-bs-two-lines-header\">\n<p class=\"ps-bs-two-lines-header-bold\">DAS MEKKA DES TABAKS<\/p>\n<\/div>\n<\/div><div  class=\" custom-post-subtitle no-padding sm-no-padding xs-no-padding \"  style=\" margin: 0px 0px 40px 15px;\"><p>Von Mitte des 19. Jahrhunderts bis in die 1950-er Jahre war Kavala das gr\u00f6\u00dfte Zentrum f\u00fcr Tabak-Verarbeitung und \u2013Export auf dem gesamten Balkan. In der Stadt lassen sich europ\u00e4ische Handelsfirmen nieder und Konsulate anderer Staaten werden eingerichtet. Dies ist die gro\u00dfe Bl\u00fctezeit Kavalas, dessen glanzvolles B\u00fcrgertum nun regen Kontakt zu Mitteleuropa pflegt und der Stadt kosmopolitisches Flair verleiht.<br \/>\nGleichzeitig werden Arbeitspl\u00e4tze f\u00fcr Tausende Tabakarbeiter geschaffen, w\u00e4hrend Makler, Tabak-Gutachter, Schifffahrtsagenten gemeinsam mit den Handelsleuten, und Vertretern anderer Gewerbe die mittlere Gesellschaftsschicht der Stadt bilden. Zu Beginn des 20. Jahrhundert gab es in Kavala einhundertf\u00fcnfzig Ma\u00dfschneider, zehn luxuri\u00f6se Kinohallen, sowie Vergn\u00fcgungszentren, Caf\u00e9s, Restaurants und Konditoreien. F\u00fcr die gesellschaftliche Elite gab es einen Tennis Club, w\u00e4hrend das abendliche Unterhaltungsangebot sogar Pariser Balletts umfasste, w\u00e4hrend im Gro\u00dfen Club der Stadt regelm\u00e4\u00dfig ausgelassene Tanzabende und Maskenb\u00e4lle stattfanden.<br \/>\nZeitgen\u00f6ssische Zeugen jener Zeit sind heute noch die beeindruckenden Wohnh\u00e4user der Tabak-Gro\u00dfh\u00e4ndler und die Tabaklager im Zentrum der Stadt Kavala.<\/p>\n<\/div><style>\n            .page-template .read-more-button,\n            .single-portfolio .read-more-button { background-image: url(https:\/\/www.visitkavala.gr\/wp-content\/uploads\/2017\/02\/button_night-blue.png); background-repeat: no-repeat; color: #ffffff !important; font-size: 14px; line-height: 38px; width: 162px; display: block; text-align: center; \/*position: absolute; bottom: 0;*\/ margin: 0 0 40px 0; }\n            .page-template .read-more-button:hover,\n            .single-portfolio .read-more-button:hover { background-image: url(https:\/\/www.visitkavala.gr\/wp-content\/uploads\/2017\/02\/button_night-blue_hover.png); }\n          <\/style><div class=\"work-3col gutter work-with-title\"><div class=\"col-md-12  grid-gallery overflow-hidden content-section\"><div class=\"tab-content\"><ul class=\"grid\"><li class=\"portfolio-filter-14 portfolio-filter-6 \"><div class=\"blog-image\"><a href=\"https:\/\/www.visitkavala.gr\/de\/sightseeing\/dimotiki-kapnapothiki\/\"><img loading=\"lazy\" decoding=\"async\" width=\"1200\" height=\"800\" src=\"https:\/\/www.visitkavala.gr\/wp-content\/uploads\/2017\/10\/kapnapothiki2.jpg\" class=\"attachment-full size-full wp-post-image\" alt=\"der Stadt-Tabakhaus - Foto von Iraklis Milas\" title=\"\" srcset=\"https:\/\/www.visitkavala.gr\/wp-content\/uploads\/2017\/10\/kapnapothiki2.jpg 1200w, https:\/\/www.visitkavala.gr\/wp-content\/uploads\/2017\/10\/kapnapothiki2-300x200.jpg 300w, https:\/\/www.visitkavala.gr\/wp-content\/uploads\/2017\/10\/kapnapothiki2-768x512.jpg 768w, https:\/\/www.visitkavala.gr\/wp-content\/uploads\/2017\/10\/kapnapothiki2-1024x683.jpg 1024w\" sizes=\"auto, (max-width: 1200px) 100vw, 1200px\" \/><\/a><\/div><div class=\"post-details\"><a lang=\"el\" href=\"https:\/\/www.visitkavala.gr\/de\/sightseeing\/dimotiki-kapnapothiki\/\" class=\"post-title\">St\u00e4dtisches Tabaklager<\/a><p>Das St\u00e4dtische Tabaklager z\u00e4hlt zu den interresantesten seiner Art in Kavala. Hier befand sich einst die Niederlassung der Firma...<\/p><a href=\"https:\/\/www.visitkavala.gr\/de\/sightseeing\/dimotiki-kapnapothiki\/\" class=\"read-more-button\">Weitere Informationen<\/a><\/div><\/li><li class=\"portfolio-filter-14 portfolio-filter-6 \"><div class=\"blog-image\"><a href=\"https:\/\/www.visitkavala.gr\/de\/sightseeing\/kapnapothiki-rezi\/\"><img loading=\"lazy\" decoding=\"async\" width=\"1200\" height=\"800\" src=\"https:\/\/www.visitkavala.gr\/wp-content\/uploads\/2017\/10\/regie-03.jpg\" class=\"attachment-full size-full wp-post-image\" alt=\"Einkaufszentrum Regie - Foto von Giannis Giannelos\" title=\"\" srcset=\"https:\/\/www.visitkavala.gr\/wp-content\/uploads\/2017\/10\/regie-03.jpg 1200w, https:\/\/www.visitkavala.gr\/wp-content\/uploads\/2017\/10\/regie-03-300x200.jpg 300w, https:\/\/www.visitkavala.gr\/wp-content\/uploads\/2017\/10\/regie-03-768x512.jpg 768w, https:\/\/www.visitkavala.gr\/wp-content\/uploads\/2017\/10\/regie-03-1024x683.jpg 1024w, https:\/\/www.visitkavala.gr\/wp-content\/uploads\/2017\/10\/regie-03-81x54.jpg 81w\" sizes=\"auto, (max-width: 1200px) 100vw, 1200px\" \/><\/a><\/div><div class=\"post-details\"><a lang=\"el\" href=\"https:\/\/www.visitkavala.gr\/de\/sightseeing\/kapnapothiki-rezi\/\" class=\"post-title\">Tabaklager \u201eRezi\u201c<\/a><p>Dieser dreist\u00f6ckige geschlossene Geb\u00e4udekomplex, der um einen Innenhof angeordnet ist, besteht aus vier Fl\u00fcgeln mit rechteckigem Grundriss.<\/p><a href=\"https:\/\/www.visitkavala.gr\/de\/sightseeing\/kapnapothiki-rezi\/\" class=\"read-more-button\">Weitere Informationen<\/a><\/div><\/li><li class=\"portfolio-filter-14 portfolio-filter-6 \"><div class=\"blog-image\"><a href=\"https:\/\/www.visitkavala.gr\/de\/sightseeing\/kapnapothiki-mpasterli-kioli-xotza\/\"><img loading=\"lazy\" decoding=\"async\" width=\"1200\" height=\"800\" src=\"https:\/\/www.visitkavala.gr\/wp-content\/uploads\/2017\/05\/topal_memet123.jpg\" class=\"attachment-full size-full wp-post-image\" alt=\"\" title=\"\" srcset=\"https:\/\/www.visitkavala.gr\/wp-content\/uploads\/2017\/05\/topal_memet123.jpg 1200w, https:\/\/www.visitkavala.gr\/wp-content\/uploads\/2017\/05\/topal_memet123-300x200.jpg 300w, https:\/\/www.visitkavala.gr\/wp-content\/uploads\/2017\/05\/topal_memet123-768x512.jpg 768w, https:\/\/www.visitkavala.gr\/wp-content\/uploads\/2017\/05\/topal_memet123-1024x683.jpg 1024w\" sizes=\"auto, (max-width: 1200px) 100vw, 1200px\" \/><\/a><\/div><div class=\"post-details\"><a lang=\"el\" href=\"https:\/\/www.visitkavala.gr\/de\/sightseeing\/kapnapothiki-mpasterli-kioli-xotza\/\" class=\"post-title\">Tabaklager \u201eBASTERLI KIOLI HODSCHA\u201c<\/a><p>Das dreist\u00f6ckige Tabaklager, das sich hinter dem alten Aqu\u00e4dukt Kavalas (Kamares) befindet, geh\u00f6rte fr\u00fcher Masterli Kioli Hodscha.<\/p><a href=\"https:\/\/www.visitkavala.gr\/de\/sightseeing\/kapnapothiki-mpasterli-kioli-xotza\/\" class=\"read-more-button\">Weitere Informationen<\/a><\/div><\/li><li class=\"portfolio-filter-14 portfolio-filter-6 \"><div class=\"blog-image\"><a href=\"https:\/\/www.visitkavala.gr\/de\/sightseeing\/kapnapothiki-topal-memet-efenti-kimonos-2\/\"><img loading=\"lazy\" decoding=\"async\" width=\"1200\" height=\"800\" src=\"https:\/\/www.visitkavala.gr\/wp-content\/uploads\/2017\/05\/topal23.jpg\" class=\"attachment-full size-full wp-post-image\" alt=\"Tobakhaus Topal Memet Efenti : Foto von Eleni Mentesidou\" title=\"\" srcset=\"https:\/\/www.visitkavala.gr\/wp-content\/uploads\/2017\/05\/topal23.jpg 1200w, https:\/\/www.visitkavala.gr\/wp-content\/uploads\/2017\/05\/topal23-300x200.jpg 300w, https:\/\/www.visitkavala.gr\/wp-content\/uploads\/2017\/05\/topal23-768x512.jpg 768w, https:\/\/www.visitkavala.gr\/wp-content\/uploads\/2017\/05\/topal23-1024x683.jpg 1024w\" sizes=\"auto, (max-width: 1200px) 100vw, 1200px\" \/><\/a><\/div><div class=\"post-details\"><a lang=\"el\" href=\"https:\/\/www.visitkavala.gr\/de\/sightseeing\/kapnapothiki-topal-memet-efenti-kimonos-2\/\" class=\"post-title\">Tabaklager \u201eTOPAL MEHMET EFENDI\u201c<\/a><p>Das zweist\u00f6ckige Tabaklager, das sich hinter dem alten Aqu\u00e4dukt Kavalas (Kamares) befindet, geh\u00f6rte einst Topal Mehmet Efendi.<\/p><a href=\"https:\/\/www.visitkavala.gr\/de\/sightseeing\/kapnapothiki-topal-memet-efenti-kimonos-2\/\" class=\"read-more-button\">Weitere Informationen<\/a><\/div><\/li><li class=\"portfolio-filter-14 portfolio-filter-6 \"><div class=\"blog-image\"><a href=\"https:\/\/www.visitkavala.gr\/de\/sightseeing\/kapnapothikes-schinazi-bros\/\"><img loading=\"lazy\" decoding=\"async\" width=\"1200\" height=\"800\" src=\"https:\/\/www.visitkavala.gr\/wp-content\/uploads\/2017\/10\/schinazi5.jpg\" class=\"attachment-full size-full wp-post-image\" alt=\"Tabaklager \u00abSCHINAZI Bros\u00bb -Foto von Eleni Mentesidou\" title=\"\" srcset=\"https:\/\/www.visitkavala.gr\/wp-content\/uploads\/2017\/10\/schinazi5.jpg 1200w, https:\/\/www.visitkavala.gr\/wp-content\/uploads\/2017\/10\/schinazi5-300x200.jpg 300w, https:\/\/www.visitkavala.gr\/wp-content\/uploads\/2017\/10\/schinazi5-768x512.jpg 768w, https:\/\/www.visitkavala.gr\/wp-content\/uploads\/2017\/10\/schinazi5-1024x683.jpg 1024w\" sizes=\"auto, (max-width: 1200px) 100vw, 1200px\" \/><\/a><\/div><div class=\"post-details\"><a lang=\"el\" href=\"https:\/\/www.visitkavala.gr\/de\/sightseeing\/kapnapothikes-schinazi-bros\/\" class=\"post-title\">Tabaklager \u201eSCHINAZI Bros\u201c<\/a><p>Die Br\u00fcder Morris und Solomon Schinasi lie\u00dfen sich 1905 mit ihrem Unternehmen in Kavala nieder und errichteten die Tabaklager...<\/p><a href=\"https:\/\/www.visitkavala.gr\/de\/sightseeing\/kapnapothikes-schinazi-bros\/\" class=\"read-more-button\">Weitere Informationen<\/a><\/div><\/li><li class=\"portfolio-filter-14 portfolio-filter-6 \"><div class=\"blog-image\"><a href=\"https:\/\/www.visitkavala.gr\/de\/sightseeing\/kapnapothikes-herzog-co\/\"><img loading=\"lazy\" decoding=\"async\" width=\"1200\" height=\"800\" src=\"https:\/\/www.visitkavala.gr\/wp-content\/uploads\/2017\/10\/herzog12.jpg\" class=\"attachment-full size-full wp-post-image\" alt=\"Tabaklager \u00abHERZOG Co.\u00bb - Foto von Eleni Mentesidou\" title=\"\" srcset=\"https:\/\/www.visitkavala.gr\/wp-content\/uploads\/2017\/10\/herzog12.jpg 1200w, https:\/\/www.visitkavala.gr\/wp-content\/uploads\/2017\/10\/herzog12-300x200.jpg 300w, https:\/\/www.visitkavala.gr\/wp-content\/uploads\/2017\/10\/herzog12-768x512.jpg 768w, https:\/\/www.visitkavala.gr\/wp-content\/uploads\/2017\/10\/herzog12-1024x683.jpg 1024w\" sizes=\"auto, (max-width: 1200px) 100vw, 1200px\" \/><\/a><\/div><div class=\"post-details\"><a lang=\"el\" href=\"https:\/\/www.visitkavala.gr\/de\/sightseeing\/kapnapothikes-herzog-co\/\" class=\"post-title\">Tabaklager \u201eHERZOG Co.\u201c<\/a><p>Die Tabakhandelsgesellschaft \u201eHERZOG\u201c war mit zahlreichen Tabaklagern an der Damianou, Ethnarchi Makariou und Nikis Stra\u00dfe vertreten.<\/p><a href=\"https:\/\/www.visitkavala.gr\/de\/sightseeing\/kapnapothikes-herzog-co\/\" class=\"read-more-button\">Weitere Informationen<\/a><\/div><\/li><li class=\"portfolio-filter-14 portfolio-filter-6 \"><div class=\"blog-image\"><a href=\"https:\/\/www.visitkavala.gr\/de\/sightseeing\/kapnapothiki-eok\/\"><img loading=\"lazy\" decoding=\"async\" width=\"1200\" height=\"800\" src=\"https:\/\/www.visitkavala.gr\/wp-content\/uploads\/2017\/05\/kapnapothiki-eok_02.jpg\" class=\"attachment-full size-full wp-post-image\" alt=\"Tabakhaus \u0395.\u039f.\u039a (Tabakmuseum): Foto von Artware\" title=\"\" srcset=\"https:\/\/www.visitkavala.gr\/wp-content\/uploads\/2017\/05\/kapnapothiki-eok_02.jpg 1200w, https:\/\/www.visitkavala.gr\/wp-content\/uploads\/2017\/05\/kapnapothiki-eok_02-300x200.jpg 300w, https:\/\/www.visitkavala.gr\/wp-content\/uploads\/2017\/05\/kapnapothiki-eok_02-768x512.jpg 768w, https:\/\/www.visitkavala.gr\/wp-content\/uploads\/2017\/05\/kapnapothiki-eok_02-1024x683.jpg 1024w\" sizes=\"auto, (max-width: 1200px) 100vw, 1200px\" \/><\/a><\/div><div class=\"post-details\"><a lang=\"el\" href=\"https:\/\/www.visitkavala.gr\/de\/sightseeing\/kapnapothiki-eok\/\" class=\"post-title\">Tabaklager der \u201eNATIONALEN TABAK-ORGANISATION\u201c (E.O.K.)<\/a><p>Die zentrale Dienststelle der Nationalen Tabak-Organisation befand sich in Athen und sie verf\u00fcgte \u00fcber vier Regionaldirektionen: in Kavala, Volos,...<\/p><a href=\"https:\/\/www.visitkavala.gr\/de\/sightseeing\/kapnapothiki-eok\/\" class=\"read-more-button\">Weitere Informationen<\/a><\/div><\/li><li class=\"portfolio-filter-14 portfolio-filter-6 \"><div class=\"blog-image\"><a href=\"https:\/\/www.visitkavala.gr\/de\/sightseeing\/kapnapothiki-tsimino-aaron\/\"><img loading=\"lazy\" decoding=\"async\" width=\"1200\" height=\"800\" src=\"https:\/\/www.visitkavala.gr\/wp-content\/uploads\/2017\/10\/tsimino-aaron.jpg\" class=\"attachment-full size-full wp-post-image\" alt=\"\" title=\"\" srcset=\"https:\/\/www.visitkavala.gr\/wp-content\/uploads\/2017\/10\/tsimino-aaron.jpg 1200w, https:\/\/www.visitkavala.gr\/wp-content\/uploads\/2017\/10\/tsimino-aaron-300x200.jpg 300w, https:\/\/www.visitkavala.gr\/wp-content\/uploads\/2017\/10\/tsimino-aaron-768x512.jpg 768w, https:\/\/www.visitkavala.gr\/wp-content\/uploads\/2017\/10\/tsimino-aaron-1024x683.jpg 1024w, https:\/\/www.visitkavala.gr\/wp-content\/uploads\/2017\/10\/tsimino-aaron-81x54.jpg 81w\" sizes=\"auto, (max-width: 1200px) 100vw, 1200px\" \/><\/a><\/div><div class=\"post-details\"><a lang=\"el\" href=\"https:\/\/www.visitkavala.gr\/de\/sightseeing\/kapnapothiki-tsimino-aaron\/\" class=\"post-title\">Tabaklager \u201eTSIMINO AARON\u201c<\/a><p>Aaron Jakob Tsimino, dessen Initialen Sie noch am Giebel des Tabaklagers in der Nyremvergis Stra\u00dfe 20 erkennen k\u00f6nnen, wurde...<\/p><a href=\"https:\/\/www.visitkavala.gr\/de\/sightseeing\/kapnapothiki-tsimino-aaron\/\" class=\"read-more-button\">Weitere Informationen<\/a><\/div><\/li><li class=\"portfolio-filter-14 portfolio-filter-6 \"><div class=\"blog-image\"><a href=\"https:\/\/www.visitkavala.gr\/de\/sightseeing\/kapnapothiki-topal-memet-efenti-kimonos-10\/\"><img loading=\"lazy\" decoding=\"async\" width=\"1200\" height=\"800\" src=\"https:\/\/www.visitkavala.gr\/wp-content\/uploads\/2017\/05\/topal-memet23.jpg\" class=\"attachment-full size-full wp-post-image\" alt=\"\" title=\"\" srcset=\"https:\/\/www.visitkavala.gr\/wp-content\/uploads\/2017\/05\/topal-memet23.jpg 1200w, https:\/\/www.visitkavala.gr\/wp-content\/uploads\/2017\/05\/topal-memet23-300x200.jpg 300w, https:\/\/www.visitkavala.gr\/wp-content\/uploads\/2017\/05\/topal-memet23-768x512.jpg 768w, https:\/\/www.visitkavala.gr\/wp-content\/uploads\/2017\/05\/topal-memet23-1024x683.jpg 1024w, https:\/\/www.visitkavala.gr\/wp-content\/uploads\/2017\/05\/topal-memet23-81x54.jpg 81w\" sizes=\"auto, (max-width: 1200px) 100vw, 1200px\" \/><\/a><\/div><div class=\"post-details\"><a lang=\"el\" href=\"https:\/\/www.visitkavala.gr\/de\/sightseeing\/kapnapothiki-topal-memet-efenti-kimonos-10\/\" class=\"post-title\">Tabaklager \u201eTOPAL MEHMET EFENDI\u201c<\/a><p>Dieser Teil des dreist\u00f6ckigen Tabaklagers befand sich im Eigentum von Topal Mehmet Efendi.<\/p><a href=\"https:\/\/www.visitkavala.gr\/de\/sightseeing\/kapnapothiki-topal-memet-efenti-kimonos-10\/\" class=\"read-more-button\">Weitere Informationen<\/a><\/div><\/li><\/ul><\/div><\/div><\/div><\/div><\/div><\/div><\/div><\/section>","protected":false},"excerpt":{"rendered":"<p>Dieser Teil des dreist\u00f6ckigen Tabaklagers befand sich im Eigentum von Topal Mehmet Efendi.<\/p>\n","protected":false},"author":1,"featured_media":0,"parent":15007,"menu_order":0,"comment_status":"closed","ping_status":"closed","template":"page-eksereunise.php","meta":{"_acf_changed":false,"inline_featured_image":false,"_bos_mb_destination":[""],"footnotes":""},"class_list":["post-15120","page","type-page","status-publish","hentry"],"acf":[],"yoast_head":"<!-- This site is optimized with the Yoast SEO plugin v27.3 - https:\/\/yoast.com\/product\/yoast-seo-wordpress\/ -->\n<title>Tabaklager - Visit Kavala<\/title>\n<meta name=\"robots\" content=\"index, follow, max-snippet:-1, max-image-preview:large, max-video-preview:-1\" \/>\n<link rel=\"canonical\" href=\"https:\/\/www.visitkavala.gr\/de\/eksereunise\/kapnapothikes\/\" \/>\n<meta property=\"og:locale\" content=\"de_DE\" \/>\n<meta property=\"og:type\" content=\"article\" \/>\n<meta property=\"og:title\" content=\"Tabaklager - Visit Kavala\" \/>\n<meta property=\"og:description\" content=\"Dieser Teil des dreist\u00f6ckigen Tabaklagers befand sich im Eigentum von Topal Mehmet Efendi.\" \/>\n<meta property=\"og:url\" content=\"https:\/\/www.visitkavala.gr\/de\/eksereunise\/kapnapothikes\/\" \/>\n<meta property=\"og:site_name\" content=\"Visit Kavala\" \/>\n<meta property=\"article:publisher\" content=\"https:\/\/www.facebook.com\/visitkavala.gr\" \/>\n<meta property=\"article:modified_time\" content=\"2018-04-06T09:44:58+00:00\" \/>\n<meta property=\"og:image\" content=\"https:\/\/www.visitkavala.gr\/wp-content\/uploads\/2018\/02\/visitkavala-social.png\" \/>\n\t<meta property=\"og:image:width\" content=\"1640\" \/>\n\t<meta property=\"og:image:height\" content=\"922\" \/>\n\t<meta property=\"og:image:type\" content=\"image\/png\" \/>\n<meta name=\"twitter:card\" content=\"summary_large_image\" \/>\n<meta name=\"twitter:label1\" content=\"Gesch\u00e4tzte Lesezeit\" \/>\n\t<meta name=\"twitter:data1\" content=\"2\u00a0Minuten\" \/>\n<script type=\"application\/ld+json\" class=\"yoast-schema-graph\">{\"@context\":\"https:\\\/\\\/schema.org\",\"@graph\":[{\"@type\":\"WebPage\",\"@id\":\"https:\\\/\\\/www.visitkavala.gr\\\/de\\\/eksereunise\\\/kapnapothikes\\\/\",\"url\":\"https:\\\/\\\/www.visitkavala.gr\\\/de\\\/eksereunise\\\/kapnapothikes\\\/\",\"name\":\"Tabaklager - Visit Kavala\",\"isPartOf\":{\"@id\":\"https:\\\/\\\/www.visitkavala.gr\\\/de\\\/#website\"},\"datePublished\":\"2017-04-21T13:30:19+00:00\",\"dateModified\":\"2018-04-06T09:44:58+00:00\",\"breadcrumb\":{\"@id\":\"https:\\\/\\\/www.visitkavala.gr\\\/de\\\/eksereunise\\\/kapnapothikes\\\/#breadcrumb\"},\"inLanguage\":\"de\",\"potentialAction\":[{\"@type\":\"ReadAction\",\"target\":[\"https:\\\/\\\/www.visitkavala.gr\\\/de\\\/eksereunise\\\/kapnapothikes\\\/\"]}]},{\"@type\":\"BreadcrumbList\",\"@id\":\"https:\\\/\\\/www.visitkavala.gr\\\/de\\\/eksereunise\\\/kapnapothikes\\\/#breadcrumb\",\"itemListElement\":[{\"@type\":\"ListItem\",\"position\":1,\"name\":\"Home\",\"item\":\"https:\\\/\\\/www.visitkavala.gr\\\/de\\\/\"},{\"@type\":\"ListItem\",\"position\":2,\"name\":\"Erforschen\",\"item\":\"https:\\\/\\\/www.visitkavala.gr\\\/de\\\/eksereunise\\\/\"},{\"@type\":\"ListItem\",\"position\":3,\"name\":\"Tabaklager\"}]},{\"@type\":\"WebSite\",\"@id\":\"https:\\\/\\\/www.visitkavala.gr\\\/de\\\/#website\",\"url\":\"https:\\\/\\\/www.visitkavala.gr\\\/de\\\/\",\"name\":\"Visit Kavala\",\"description\":\"E\u03c0\u03af\u03c3\u03b7\u03bc\u03b7 \u03c4\u03bf\u03c5\u03c1\u03b9\u03c3\u03c4\u03b9\u03ba\u03ae \u03c3\u03b5\u03bb\u03af\u03b4\u03b1 \u039a\u03b1\u03b2\u03ac\u03bb\u03b1\u03c2\",\"publisher\":{\"@id\":\"https:\\\/\\\/www.visitkavala.gr\\\/de\\\/#organization\"},\"potentialAction\":[{\"@type\":\"SearchAction\",\"target\":{\"@type\":\"EntryPoint\",\"urlTemplate\":\"https:\\\/\\\/www.visitkavala.gr\\\/de\\\/?s={search_term_string}\"},\"query-input\":{\"@type\":\"PropertyValueSpecification\",\"valueRequired\":true,\"valueName\":\"search_term_string\"}}],\"inLanguage\":\"de\"},{\"@type\":\"Organization\",\"@id\":\"https:\\\/\\\/www.visitkavala.gr\\\/de\\\/#organization\",\"name\":\"Visit Kavala\",\"url\":\"https:\\\/\\\/www.visitkavala.gr\\\/de\\\/\",\"logo\":{\"@type\":\"ImageObject\",\"inLanguage\":\"de\",\"@id\":\"https:\\\/\\\/www.visitkavala.gr\\\/de\\\/#\\\/schema\\\/logo\\\/image\\\/\",\"url\":\"https:\\\/\\\/www.visitkavala.gr\\\/wp-content\\\/uploads\\\/2018\\\/02\\\/visit-kavala-logo-dark-retina.png\",\"contentUrl\":\"https:\\\/\\\/www.visitkavala.gr\\\/wp-content\\\/uploads\\\/2018\\\/02\\\/visit-kavala-logo-dark-retina.png\",\"width\":600,\"height\":165,\"caption\":\"Visit Kavala\"},\"image\":{\"@id\":\"https:\\\/\\\/www.visitkavala.gr\\\/de\\\/#\\\/schema\\\/logo\\\/image\\\/\"},\"sameAs\":[\"https:\\\/\\\/www.facebook.com\\\/visitkavala.gr\",\"https:\\\/\\\/www.instagram.com\\\/visitkavala.gr\"]}]}<\/script>\n<!-- \/ Yoast SEO plugin. -->","yoast_head_json":{"title":"Tabaklager - Visit Kavala","robots":{"index":"index","follow":"follow","max-snippet":"max-snippet:-1","max-image-preview":"max-image-preview:large","max-video-preview":"max-video-preview:-1"},"canonical":"https:\/\/www.visitkavala.gr\/de\/eksereunise\/kapnapothikes\/","og_locale":"de_DE","og_type":"article","og_title":"Tabaklager - Visit Kavala","og_description":"Dieser Teil des dreist\u00f6ckigen Tabaklagers befand sich im Eigentum von Topal Mehmet Efendi.","og_url":"https:\/\/www.visitkavala.gr\/de\/eksereunise\/kapnapothikes\/","og_site_name":"Visit Kavala","article_publisher":"https:\/\/www.facebook.com\/visitkavala.gr","article_modified_time":"2018-04-06T09:44:58+00:00","og_image":[{"width":1640,"height":922,"url":"https:\/\/www.visitkavala.gr\/wp-content\/uploads\/2018\/02\/visitkavala-social.png","type":"image\/png"}],"twitter_card":"summary_large_image","twitter_misc":{"Gesch\u00e4tzte Lesezeit":"2\u00a0Minuten"},"schema":{"@context":"https:\/\/schema.org","@graph":[{"@type":"WebPage","@id":"https:\/\/www.visitkavala.gr\/de\/eksereunise\/kapnapothikes\/","url":"https:\/\/www.visitkavala.gr\/de\/eksereunise\/kapnapothikes\/","name":"Tabaklager - Visit Kavala","isPartOf":{"@id":"https:\/\/www.visitkavala.gr\/de\/#website"},"datePublished":"2017-04-21T13:30:19+00:00","dateModified":"2018-04-06T09:44:58+00:00","breadcrumb":{"@id":"https:\/\/www.visitkavala.gr\/de\/eksereunise\/kapnapothikes\/#breadcrumb"},"inLanguage":"de","potentialAction":[{"@type":"ReadAction","target":["https:\/\/www.visitkavala.gr\/de\/eksereunise\/kapnapothikes\/"]}]},{"@type":"BreadcrumbList","@id":"https:\/\/www.visitkavala.gr\/de\/eksereunise\/kapnapothikes\/#breadcrumb","itemListElement":[{"@type":"ListItem","position":1,"name":"Home","item":"https:\/\/www.visitkavala.gr\/de\/"},{"@type":"ListItem","position":2,"name":"Erforschen","item":"https:\/\/www.visitkavala.gr\/de\/eksereunise\/"},{"@type":"ListItem","position":3,"name":"Tabaklager"}]},{"@type":"WebSite","@id":"https:\/\/www.visitkavala.gr\/de\/#website","url":"https:\/\/www.visitkavala.gr\/de\/","name":"Visit Kavala","description":"E\u03c0\u03af\u03c3\u03b7\u03bc\u03b7 \u03c4\u03bf\u03c5\u03c1\u03b9\u03c3\u03c4\u03b9\u03ba\u03ae \u03c3\u03b5\u03bb\u03af\u03b4\u03b1 \u039a\u03b1\u03b2\u03ac\u03bb\u03b1\u03c2","publisher":{"@id":"https:\/\/www.visitkavala.gr\/de\/#organization"},"potentialAction":[{"@type":"SearchAction","target":{"@type":"EntryPoint","urlTemplate":"https:\/\/www.visitkavala.gr\/de\/?s={search_term_string}"},"query-input":{"@type":"PropertyValueSpecification","valueRequired":true,"valueName":"search_term_string"}}],"inLanguage":"de"},{"@type":"Organization","@id":"https:\/\/www.visitkavala.gr\/de\/#organization","name":"Visit Kavala","url":"https:\/\/www.visitkavala.gr\/de\/","logo":{"@type":"ImageObject","inLanguage":"de","@id":"https:\/\/www.visitkavala.gr\/de\/#\/schema\/logo\/image\/","url":"https:\/\/www.visitkavala.gr\/wp-content\/uploads\/2018\/02\/visit-kavala-logo-dark-retina.png","contentUrl":"https:\/\/www.visitkavala.gr\/wp-content\/uploads\/2018\/02\/visit-kavala-logo-dark-retina.png","width":600,"height":165,"caption":"Visit Kavala"},"image":{"@id":"https:\/\/www.visitkavala.gr\/de\/#\/schema\/logo\/image\/"},"sameAs":["https:\/\/www.facebook.com\/visitkavala.gr","https:\/\/www.instagram.com\/visitkavala.gr"]}]}},"publishpress_future_action":{"enabled":false,"date":"2026-04-18 02:55:32","action":"change-status","newStatus":"draft","terms":[],"taxonomy":"translation_priority","extraData":[]},"publishpress_future_workflow_manual_trigger":{"enabledWorkflows":[]},"_links":{"self":[{"href":"https:\/\/www.visitkavala.gr\/de\/wp-json\/wp\/v2\/pages\/15120","targetHints":{"allow":["GET"]}}],"collection":[{"href":"https:\/\/www.visitkavala.gr\/de\/wp-json\/wp\/v2\/pages"}],"about":[{"href":"https:\/\/www.visitkavala.gr\/de\/wp-json\/wp\/v2\/types\/page"}],"author":[{"embeddable":true,"href":"https:\/\/www.visitkavala.gr\/de\/wp-json\/wp\/v2\/users\/1"}],"replies":[{"embeddable":true,"href":"https:\/\/www.visitkavala.gr\/de\/wp-json\/wp\/v2\/comments?post=15120"}],"version-history":[{"count":0,"href":"https:\/\/www.visitkavala.gr\/de\/wp-json\/wp\/v2\/pages\/15120\/revisions"}],"up":[{"embeddable":true,"href":"https:\/\/www.visitkavala.gr\/de\/wp-json\/wp\/v2\/pages\/15007"}],"wp:attachment":[{"href":"https:\/\/www.visitkavala.gr\/de\/wp-json\/wp\/v2\/media?parent=15120"}],"curies":[{"name":"wp","href":"https:\/\/api.w.org\/{rel}","templated":true}]}}