{"id":15091,"date":"2017-05-29T14:43:04","date_gmt":"2017-05-29T11:43:04","guid":{"rendered":"https:\/\/www.visitkavala.gr\/eksereunise\/thriskeutikoi-xoroi\/dimos-paggaiou\/"},"modified":"2018-12-05T10:29:20","modified_gmt":"2018-12-05T08:29:20","slug":"dimos-paggaiou","status":"publish","type":"page","link":"https:\/\/www.visitkavala.gr\/de\/eksereunise\/thriskeutikoi-xoroi\/dimos-paggaiou\/","title":{"rendered":"Munizipalit\u00e4t Pangeo"},"content":{"rendered":"<section  class=\" single-portfolio-header cover-background position-relative no-padding sm-no-padding xs-no-padding bg-image-srcset\"  style=\" background-image: url(https:\/\/www.visitkavala.gr\/wp-content\/uploads\/2017\/05\/eikosifinoissa_header.jpg);  min-height:600px\" data-bg-srcset=\"https:\/\/www.visitkavala.gr\/wp-content\/uploads\/2017\/05\/eikosifinoissa_header.jpg 1920w, https:\/\/www.visitkavala.gr\/wp-content\/uploads\/2017\/05\/eikosifinoissa_header-300x102.jpg 300w, https:\/\/www.visitkavala.gr\/wp-content\/uploads\/2017\/05\/eikosifinoissa_header-768x260.jpg 768w, https:\/\/www.visitkavala.gr\/wp-content\/uploads\/2017\/05\/eikosifinoissa_header-1024x347.jpg 1024w\"><div class=\"selection-overlay\" style=\" opacity:0.2; background-color:#000000;\"><\/div><div class=\"container\"><div class=\"row\"><div class=\"wpb_column hcode-column-container  col-xs-mobile-fullwidth col-sm-12\"><div class=\"vc-column-innner-wrapper\"><p>MUNIZIPALIT\u00c4T PANGEO<\/p>\n<\/div><\/div><\/div><\/div><\/section><section class=\" custom-breadcrumps no-padding sm-no-padding xs-no-padding\"  style=\" background-color:#141e4b;  min-height:130px\"><div class=\"container\"><div class=\"row\"><div class=\"wpb_column hcode-column-container  col-xs-mobile-fullwidth col-sm-12\"><div class=\"vc-column-innner-wrapper\"><div  class=\" custom-breadcrumps-text eksereunise  \" ><p><a href=\"https:\/\/www.visitkavala.gr\/de\">Startseite<\/a> <span class=\"divider\">\/<\/span> <a href=\"https:\/\/www.visitkavala.gr\/de\/eksereunise\/\">Erforschen<\/a> <span class=\"divider\">\/<\/span> <a href=\"https:\/\/www.visitkavala.gr\/de\/eksereunise\/thriskeutikoi-xoroi\/\">Religi\u00f6se St\u00e4tten<\/a> <span class=\"divider\">\/<\/span> <span class=\"current\">Munizipalit\u00e4t Pangeo<\/span><\/p>\n<\/div><div  class=\" custom-breadcrumps-buttons eksereunise  \" ><p><a href=\"https:\/\/www.visitkavala.gr\/de\/eksereunise\/thriskeutikoi-xoroi\/dimos-kavalas\/\">Munizipalit\u00e4t Kavala<\/a> <a href=\"https:\/\/www.visitkavala.gr\/de\/eksereunise\/thriskeutikoi-xoroi\/dimos-nestou\/\">Munizipalit\u00e4t Nestos<\/a> <a class=\"active\" href=\"https:\/\/www.visitkavala.gr\/de\/eksereunise\/thriskeutikoi-xoroi\/dimos-paggaiou\/\">Munizipalit\u00e4t Pangeo<\/a> <a href=\"https:\/\/www.visitkavala.gr\/de\/eksereunise\/thriskeutikoi-xoroi\/dimos-thasou\/\">Munizipalit\u00e4t Thasos<\/a><\/p>\n<\/div><\/div><\/div><\/div><\/div><\/section><section class=\" position-relative overflow-hidden related-post no-padding sm-no-padding xs-no-padding\" ><div class=\"container\"><div class=\"row\"><div class=\"wpb_column hcode-column-container  position-static col-xs-mobile-fullwidth col-sm-12\"><div class=\"vc-column-innner-wrapper\"><div  class=\" no-padding sm-no-padding xs-no-padding \"  style=\" margin: 0px 0px 0px 15px;\"><div class=\"ps-bs-two-lines-header\">\n<p class=\"ps-bs-two-lines-header-bold\">MUNIZIPALIT\u00c4T PANGEO<\/p>\n<\/div>\n<\/div><style>\n            .page-template .read-more-button,\n            .single-portfolio .read-more-button { background-image: url(https:\/\/www.visitkavala.gr\/wp-content\/uploads\/2017\/02\/button_night-blue.png); background-repeat: no-repeat; color: #ffffff !important; font-size: 14px; line-height: 38px; width: 162px; display: block; text-align: center; \/*position: absolute; bottom: 0;*\/ margin: 0 0 40px 0; }\n            .page-template .read-more-button:hover,\n            .single-portfolio .read-more-button:hover { background-image: url(https:\/\/www.visitkavala.gr\/wp-content\/uploads\/2017\/02\/button_night-blue_hover.png); }\n          <\/style><div class=\"work-3col gutter work-with-title\"><div class=\"col-md-12  grid-gallery overflow-hidden content-section\"><div class=\"tab-content\"><ul class=\"grid\"><li class=\"portfolio-filter-14 portfolio-filter-6 \"><div class=\"blog-image\"><a href=\"https:\/\/www.visitkavala.gr\/de\/sightseeing\/iera-moni-eikosifoinissas\/\"><img loading=\"lazy\" decoding=\"async\" width=\"1200\" height=\"800\" src=\"https:\/\/www.visitkavala.gr\/wp-content\/uploads\/2017\/05\/eikosifinoissa1.jpg\" class=\"attachment-full size-full wp-post-image\" alt=\"Kloster von Ikosifinissa Foto von Iraklis Milas\" title=\"\" srcset=\"https:\/\/www.visitkavala.gr\/wp-content\/uploads\/2017\/05\/eikosifinoissa1.jpg 1200w, https:\/\/www.visitkavala.gr\/wp-content\/uploads\/2017\/05\/eikosifinoissa1-300x200.jpg 300w, https:\/\/www.visitkavala.gr\/wp-content\/uploads\/2017\/05\/eikosifinoissa1-768x512.jpg 768w, https:\/\/www.visitkavala.gr\/wp-content\/uploads\/2017\/05\/eikosifinoissa1-1024x683.jpg 1024w\" sizes=\"auto, (max-width: 1200px) 100vw, 1200px\" \/><\/a><\/div><div class=\"post-details\"><a lang=\"el\" href=\"https:\/\/www.visitkavala.gr\/de\/sightseeing\/iera-moni-eikosifoinissas\/\" class=\"post-title\">Kloster der Panagia (Gottesmutter) Ikosifinissa<\/a><p>Das Kloster wurde um 400 n. Chr. angelegt und ist damit das \u00e4lteste in der Umgebung, wenn nicht gar...<\/p><a href=\"https:\/\/www.visitkavala.gr\/de\/sightseeing\/iera-moni-eikosifoinissas\/\" class=\"read-more-button\">Weitere Informationen<\/a><\/div><\/li><li class=\"portfolio-filter-14 portfolio-filter-6 \"><div class=\"blog-image\"><a href=\"https:\/\/www.visitkavala.gr\/de\/sightseeing\/iera-moni-ypapantis\/\"><img loading=\"lazy\" decoding=\"async\" width=\"1200\" height=\"800\" src=\"https:\/\/www.visitkavala.gr\/wp-content\/uploads\/2017\/05\/iera-moni-ipapantis_01.jpg\" class=\"attachment-full size-full wp-post-image\" alt=\"Kloster von Ypapanti - Foto von Artware\" title=\"\" srcset=\"https:\/\/www.visitkavala.gr\/wp-content\/uploads\/2017\/05\/iera-moni-ipapantis_01.jpg 1200w, https:\/\/www.visitkavala.gr\/wp-content\/uploads\/2017\/05\/iera-moni-ipapantis_01-300x200.jpg 300w, https:\/\/www.visitkavala.gr\/wp-content\/uploads\/2017\/05\/iera-moni-ipapantis_01-768x512.jpg 768w, https:\/\/www.visitkavala.gr\/wp-content\/uploads\/2017\/05\/iera-moni-ipapantis_01-1024x683.jpg 1024w\" sizes=\"auto, (max-width: 1200px) 100vw, 1200px\" \/><\/a><\/div><div class=\"post-details\"><a lang=\"el\" href=\"https:\/\/www.visitkavala.gr\/de\/sightseeing\/iera-moni-ypapantis\/\" class=\"post-title\">Kloster Ypapanti (Darstellung des Herrn im Tempel)<\/a><p>Das Kloster beeindruckt durch majest\u00e4tische Gr\u00f6\u00dfe. Es befolgt den alten Kalender der orthodoxen Kirche und wurde 1955 auf den...<\/p><a href=\"https:\/\/www.visitkavala.gr\/de\/sightseeing\/iera-moni-ypapantis\/\" class=\"read-more-button\">Weitere Informationen<\/a><\/div><\/li><li class=\"portfolio-filter-14 portfolio-filter-6 \"><div class=\"blog-image\"><a href=\"https:\/\/www.visitkavala.gr\/de\/sightseeing\/iera-moni-panagias-paggaiotissas\/\"><img loading=\"lazy\" decoding=\"async\" width=\"1200\" height=\"800\" src=\"https:\/\/www.visitkavala.gr\/wp-content\/uploads\/2017\/05\/panagias_paggaiotissas2.jpg\" class=\"attachment-full size-full wp-post-image\" alt=\"\" title=\"\" srcset=\"https:\/\/www.visitkavala.gr\/wp-content\/uploads\/2017\/05\/panagias_paggaiotissas2.jpg 1200w, https:\/\/www.visitkavala.gr\/wp-content\/uploads\/2017\/05\/panagias_paggaiotissas2-300x200.jpg 300w, https:\/\/www.visitkavala.gr\/wp-content\/uploads\/2017\/05\/panagias_paggaiotissas2-768x512.jpg 768w, https:\/\/www.visitkavala.gr\/wp-content\/uploads\/2017\/05\/panagias_paggaiotissas2-1024x683.jpg 1024w\" sizes=\"auto, (max-width: 1200px) 100vw, 1200px\" \/><\/a><\/div><div class=\"post-details\"><a lang=\"el\" href=\"https:\/\/www.visitkavala.gr\/de\/sightseeing\/iera-moni-panagias-paggaiotissas\/\" class=\"post-title\">Kloster der Panagia Pangeotissa (Hl. Gottesmutter vom Pangeo-Gebirge)<\/a><p>Dieses Frauenkloster wurde 1979 gegr\u00fcndet und wird nach dem Rituell der Athos-Kl\u00f6ster gef\u00fchrt.<\/p><a href=\"https:\/\/www.visitkavala.gr\/de\/sightseeing\/iera-moni-panagias-paggaiotissas\/\" class=\"read-more-button\">Weitere Informationen<\/a><\/div><\/li><li class=\"portfolio-filter-14 portfolio-filter-6 \"><div class=\"blog-image\"><a href=\"https:\/\/www.visitkavala.gr\/de\/sightseeing\/iera-moni-agiou-panteleimona\/\"><img loading=\"lazy\" decoding=\"async\" width=\"1200\" height=\"800\" src=\"https:\/\/www.visitkavala.gr\/wp-content\/uploads\/2017\/05\/iera-moni-agiou-panteleimonos_01.jpg\" class=\"attachment-full size-full wp-post-image\" alt=\"Heilige Kirche von St. Panteleimon- Foto von Artware\" title=\"\" srcset=\"https:\/\/www.visitkavala.gr\/wp-content\/uploads\/2017\/05\/iera-moni-agiou-panteleimonos_01.jpg 1200w, https:\/\/www.visitkavala.gr\/wp-content\/uploads\/2017\/05\/iera-moni-agiou-panteleimonos_01-300x200.jpg 300w, https:\/\/www.visitkavala.gr\/wp-content\/uploads\/2017\/05\/iera-moni-agiou-panteleimonos_01-768x512.jpg 768w, https:\/\/www.visitkavala.gr\/wp-content\/uploads\/2017\/05\/iera-moni-agiou-panteleimonos_01-1024x683.jpg 1024w\" sizes=\"auto, (max-width: 1200px) 100vw, 1200px\" \/><\/a><\/div><div class=\"post-details\"><a lang=\"el\" href=\"https:\/\/www.visitkavala.gr\/de\/sightseeing\/iera-moni-agiou-panteleimona\/\" class=\"post-title\">Kloster zu Agios Panteleimon<\/a><p>Im Jahre 1978 gegr\u00fcndetes Frauenkloster, das nach dem Rituell der Athos-Kl\u00f6ster gef\u00fchrt wird.<\/p><a href=\"https:\/\/www.visitkavala.gr\/de\/sightseeing\/iera-moni-agiou-panteleimona\/\" class=\"read-more-button\">Weitere Informationen<\/a><\/div><\/li><li class=\"portfolio-filter-14 portfolio-filter-6 \"><div class=\"blog-image\"><a href=\"https:\/\/www.visitkavala.gr\/de\/sightseeing\/iera-moni-agiou-dimitriou\/\"><img loading=\"lazy\" decoding=\"async\" width=\"1200\" height=\"800\" src=\"https:\/\/www.visitkavala.gr\/wp-content\/uploads\/2017\/05\/agios-dimitrios-nikisiani_01.jpg\" class=\"attachment-full size-full wp-post-image\" alt=\"St. Dimitrios \u039dikisiani\" title=\"\" srcset=\"https:\/\/www.visitkavala.gr\/wp-content\/uploads\/2017\/05\/agios-dimitrios-nikisiani_01.jpg 1200w, https:\/\/www.visitkavala.gr\/wp-content\/uploads\/2017\/05\/agios-dimitrios-nikisiani_01-300x200.jpg 300w, https:\/\/www.visitkavala.gr\/wp-content\/uploads\/2017\/05\/agios-dimitrios-nikisiani_01-768x512.jpg 768w, https:\/\/www.visitkavala.gr\/wp-content\/uploads\/2017\/05\/agios-dimitrios-nikisiani_01-1024x683.jpg 1024w\" sizes=\"auto, (max-width: 1200px) 100vw, 1200px\" \/><\/a><\/div><div class=\"post-details\"><a lang=\"el\" href=\"https:\/\/www.visitkavala.gr\/de\/sightseeing\/iera-moni-agiou-dimitriou\/\" class=\"post-title\">Kloster zu Agios Dimitrios<\/a><p>Frauenkloster, das urspr\u00fcnglich eine dem Heiligen Dimitrios geweihte Kapelle war, welche voller Ehrfurcht von einer Hirtenfamilie in Stand gehalten...<\/p><a href=\"https:\/\/www.visitkavala.gr\/de\/sightseeing\/iera-moni-agiou-dimitriou\/\" class=\"read-more-button\">Weitere Informationen<\/a><\/div><\/li><li class=\"portfolio-filter-14 portfolio-filter-6 \"><div class=\"blog-image\"><a href=\"https:\/\/www.visitkavala.gr\/de\/sightseeing\/iera-moni-timiou-prodromou\/\"><img loading=\"lazy\" decoding=\"async\" width=\"1200\" height=\"800\" src=\"https:\/\/www.visitkavala.gr\/wp-content\/uploads\/2017\/05\/moni-timiou-prodromou-nikisiani_00.jpg\" class=\"attachment-full size-full wp-post-image\" alt=\"Heiliges Kloster von Timios Prodromos Foto von Artware\" title=\"\" srcset=\"https:\/\/www.visitkavala.gr\/wp-content\/uploads\/2017\/05\/moni-timiou-prodromou-nikisiani_00.jpg 1200w, https:\/\/www.visitkavala.gr\/wp-content\/uploads\/2017\/05\/moni-timiou-prodromou-nikisiani_00-300x200.jpg 300w, https:\/\/www.visitkavala.gr\/wp-content\/uploads\/2017\/05\/moni-timiou-prodromou-nikisiani_00-768x512.jpg 768w, https:\/\/www.visitkavala.gr\/wp-content\/uploads\/2017\/05\/moni-timiou-prodromou-nikisiani_00-1024x683.jpg 1024w\" sizes=\"auto, (max-width: 1200px) 100vw, 1200px\" \/><\/a><\/div><div class=\"post-details\"><a lang=\"el\" href=\"https:\/\/www.visitkavala.gr\/de\/sightseeing\/iera-moni-timiou-prodromou\/\" class=\"post-title\">Kloster zu Agios Prodromos (St. Johannes dem Wegbereiter)<\/a><p>Im Jahr 1900 wurde zuerst die Klosterkapelle erbaut und danach die M\u00f6nchszellen hinzugef\u00fcgt. Seit 1992 wird die Anlage als...<\/p><a href=\"https:\/\/www.visitkavala.gr\/de\/sightseeing\/iera-moni-timiou-prodromou\/\" class=\"read-more-button\">Weitere Informationen<\/a><\/div><\/li><\/ul><\/div><\/div><\/div><\/div><\/div><\/div><\/div><\/section><section class=\"  no-padding sm-no-padding xs-no-padding\" ><div class=\"wpb_column hcode-column-container  position-static col-xs-mobile-fullwidth col-sm-12 no-padding sm-no-padding xs-no-padding custom-desktop-margin\"><div class=\"vc-column-innner-wrapper\"><div id=\"map_69d375843cb3d\" data-instance=\"wwp_gmaps_map_69d375843cb3d\" class=\"wwp-vc-gmaps-map wpb_content_element\" style=\"height: 420px; width: 100%; \"><div class=\"map_lock\"><\/div><\/div><div id=\"wwp-gmaps-locations-map_69d375843cb3d\"><\/div><\/div><\/div><\/section>","protected":false},"excerpt":{"rendered":"<p>Im Jahr 1900 wurde zuerst die Klosterkapelle erbaut und danach die M\u00f6nchszellen hinzugef\u00fcgt. Seit 1992 wird die Anlage als M\u00e4nnerkloster gef\u00fchrt. Sie grenzt an das Kloster zu Agios Dimitrios und der Allheiligen Gottesmutter Ikosifinissa. Das Patrozinium des Klosters wird am 29. August gefeiert.<\/p>\n","protected":false},"author":1,"featured_media":0,"parent":15062,"menu_order":0,"comment_status":"closed","ping_status":"closed","template":"page-eksereunise.php","meta":{"_acf_changed":false,"inline_featured_image":false,"_bos_mb_destination":[""],"footnotes":""},"class_list":["post-15091","page","type-page","status-publish","hentry"],"acf":[],"yoast_head":"<!-- This site is optimized with the Yoast SEO plugin v27.3 - https:\/\/yoast.com\/product\/yoast-seo-wordpress\/ -->\n<title>Munizipalit\u00e4t Pangeo - Visit Kavala<\/title>\n<meta name=\"robots\" content=\"index, follow, max-snippet:-1, max-image-preview:large, max-video-preview:-1\" \/>\n<link rel=\"canonical\" href=\"https:\/\/www.visitkavala.gr\/de\/eksereunise\/thriskeutikoi-xoroi\/dimos-paggaiou\/\" \/>\n<meta property=\"og:locale\" content=\"de_DE\" \/>\n<meta property=\"og:type\" content=\"article\" \/>\n<meta property=\"og:title\" content=\"Munizipalit\u00e4t Pangeo - Visit Kavala\" \/>\n<meta property=\"og:description\" content=\"Im Jahr 1900 wurde zuerst die Klosterkapelle erbaut und danach die M\u00f6nchszellen hinzugef\u00fcgt. Seit 1992 wird die Anlage als M\u00e4nnerkloster gef\u00fchrt. Sie grenzt an das Kloster zu Agios Dimitrios und der Allheiligen Gottesmutter Ikosifinissa. Das Patrozinium des Klosters wird am 29. August gefeiert.\" \/>\n<meta property=\"og:url\" content=\"https:\/\/www.visitkavala.gr\/de\/eksereunise\/thriskeutikoi-xoroi\/dimos-paggaiou\/\" \/>\n<meta property=\"og:site_name\" content=\"Visit Kavala\" \/>\n<meta property=\"article:publisher\" content=\"https:\/\/www.facebook.com\/visitkavala.gr\" \/>\n<meta property=\"article:modified_time\" content=\"2018-12-05T08:29:20+00:00\" \/>\n<meta property=\"og:image\" content=\"https:\/\/www.visitkavala.gr\/wp-content\/uploads\/2018\/02\/visitkavala-social.png\" \/>\n\t<meta property=\"og:image:width\" content=\"1640\" \/>\n\t<meta property=\"og:image:height\" content=\"922\" \/>\n\t<meta property=\"og:image:type\" content=\"image\/png\" \/>\n<meta name=\"twitter:card\" content=\"summary_large_image\" \/>\n<meta name=\"twitter:label1\" content=\"Gesch\u00e4tzte Lesezeit\" \/>\n\t<meta name=\"twitter:data1\" content=\"2\u00a0Minuten\" \/>\n<script type=\"application\/ld+json\" class=\"yoast-schema-graph\">{\"@context\":\"https:\\\/\\\/schema.org\",\"@graph\":[{\"@type\":\"WebPage\",\"@id\":\"https:\\\/\\\/www.visitkavala.gr\\\/de\\\/eksereunise\\\/thriskeutikoi-xoroi\\\/dimos-paggaiou\\\/\",\"url\":\"https:\\\/\\\/www.visitkavala.gr\\\/de\\\/eksereunise\\\/thriskeutikoi-xoroi\\\/dimos-paggaiou\\\/\",\"name\":\"Munizipalit\u00e4t Pangeo - Visit Kavala\",\"isPartOf\":{\"@id\":\"https:\\\/\\\/www.visitkavala.gr\\\/de\\\/#website\"},\"datePublished\":\"2017-05-29T11:43:04+00:00\",\"dateModified\":\"2018-12-05T08:29:20+00:00\",\"breadcrumb\":{\"@id\":\"https:\\\/\\\/www.visitkavala.gr\\\/de\\\/eksereunise\\\/thriskeutikoi-xoroi\\\/dimos-paggaiou\\\/#breadcrumb\"},\"inLanguage\":\"de\",\"potentialAction\":[{\"@type\":\"ReadAction\",\"target\":[\"https:\\\/\\\/www.visitkavala.gr\\\/de\\\/eksereunise\\\/thriskeutikoi-xoroi\\\/dimos-paggaiou\\\/\"]}]},{\"@type\":\"BreadcrumbList\",\"@id\":\"https:\\\/\\\/www.visitkavala.gr\\\/de\\\/eksereunise\\\/thriskeutikoi-xoroi\\\/dimos-paggaiou\\\/#breadcrumb\",\"itemListElement\":[{\"@type\":\"ListItem\",\"position\":1,\"name\":\"Home\",\"item\":\"https:\\\/\\\/www.visitkavala.gr\\\/de\\\/\"},{\"@type\":\"ListItem\",\"position\":2,\"name\":\"Erforschen\",\"item\":\"https:\\\/\\\/www.visitkavala.gr\\\/de\\\/eksereunise\\\/\"},{\"@type\":\"ListItem\",\"position\":3,\"name\":\"Religi\u00f6se St\u00e4tten\",\"item\":\"https:\\\/\\\/www.visitkavala.gr\\\/de\\\/eksereunise\\\/thriskeutikoi-xoroi\\\/\"},{\"@type\":\"ListItem\",\"position\":4,\"name\":\"Munizipalit\u00e4t Pangeo\"}]},{\"@type\":\"WebSite\",\"@id\":\"https:\\\/\\\/www.visitkavala.gr\\\/de\\\/#website\",\"url\":\"https:\\\/\\\/www.visitkavala.gr\\\/de\\\/\",\"name\":\"Visit Kavala\",\"description\":\"E\u03c0\u03af\u03c3\u03b7\u03bc\u03b7 \u03c4\u03bf\u03c5\u03c1\u03b9\u03c3\u03c4\u03b9\u03ba\u03ae \u03c3\u03b5\u03bb\u03af\u03b4\u03b1 \u039a\u03b1\u03b2\u03ac\u03bb\u03b1\u03c2\",\"publisher\":{\"@id\":\"https:\\\/\\\/www.visitkavala.gr\\\/de\\\/#organization\"},\"potentialAction\":[{\"@type\":\"SearchAction\",\"target\":{\"@type\":\"EntryPoint\",\"urlTemplate\":\"https:\\\/\\\/www.visitkavala.gr\\\/de\\\/?s={search_term_string}\"},\"query-input\":{\"@type\":\"PropertyValueSpecification\",\"valueRequired\":true,\"valueName\":\"search_term_string\"}}],\"inLanguage\":\"de\"},{\"@type\":\"Organization\",\"@id\":\"https:\\\/\\\/www.visitkavala.gr\\\/de\\\/#organization\",\"name\":\"Visit Kavala\",\"url\":\"https:\\\/\\\/www.visitkavala.gr\\\/de\\\/\",\"logo\":{\"@type\":\"ImageObject\",\"inLanguage\":\"de\",\"@id\":\"https:\\\/\\\/www.visitkavala.gr\\\/de\\\/#\\\/schema\\\/logo\\\/image\\\/\",\"url\":\"https:\\\/\\\/www.visitkavala.gr\\\/wp-content\\\/uploads\\\/2018\\\/02\\\/visit-kavala-logo-dark-retina.png\",\"contentUrl\":\"https:\\\/\\\/www.visitkavala.gr\\\/wp-content\\\/uploads\\\/2018\\\/02\\\/visit-kavala-logo-dark-retina.png\",\"width\":600,\"height\":165,\"caption\":\"Visit Kavala\"},\"image\":{\"@id\":\"https:\\\/\\\/www.visitkavala.gr\\\/de\\\/#\\\/schema\\\/logo\\\/image\\\/\"},\"sameAs\":[\"https:\\\/\\\/www.facebook.com\\\/visitkavala.gr\",\"https:\\\/\\\/www.instagram.com\\\/visitkavala.gr\"]}]}<\/script>\n<!-- \/ Yoast SEO plugin. -->","yoast_head_json":{"title":"Munizipalit\u00e4t Pangeo - Visit Kavala","robots":{"index":"index","follow":"follow","max-snippet":"max-snippet:-1","max-image-preview":"max-image-preview:large","max-video-preview":"max-video-preview:-1"},"canonical":"https:\/\/www.visitkavala.gr\/de\/eksereunise\/thriskeutikoi-xoroi\/dimos-paggaiou\/","og_locale":"de_DE","og_type":"article","og_title":"Munizipalit\u00e4t Pangeo - Visit Kavala","og_description":"Im Jahr 1900 wurde zuerst die Klosterkapelle erbaut und danach die M\u00f6nchszellen hinzugef\u00fcgt. Seit 1992 wird die Anlage als M\u00e4nnerkloster gef\u00fchrt. Sie grenzt an das Kloster zu Agios Dimitrios und der Allheiligen Gottesmutter Ikosifinissa. Das Patrozinium des Klosters wird am 29. August gefeiert.","og_url":"https:\/\/www.visitkavala.gr\/de\/eksereunise\/thriskeutikoi-xoroi\/dimos-paggaiou\/","og_site_name":"Visit Kavala","article_publisher":"https:\/\/www.facebook.com\/visitkavala.gr","article_modified_time":"2018-12-05T08:29:20+00:00","og_image":[{"width":1640,"height":922,"url":"https:\/\/www.visitkavala.gr\/wp-content\/uploads\/2018\/02\/visitkavala-social.png","type":"image\/png"}],"twitter_card":"summary_large_image","twitter_misc":{"Gesch\u00e4tzte Lesezeit":"2\u00a0Minuten"},"schema":{"@context":"https:\/\/schema.org","@graph":[{"@type":"WebPage","@id":"https:\/\/www.visitkavala.gr\/de\/eksereunise\/thriskeutikoi-xoroi\/dimos-paggaiou\/","url":"https:\/\/www.visitkavala.gr\/de\/eksereunise\/thriskeutikoi-xoroi\/dimos-paggaiou\/","name":"Munizipalit\u00e4t Pangeo - Visit Kavala","isPartOf":{"@id":"https:\/\/www.visitkavala.gr\/de\/#website"},"datePublished":"2017-05-29T11:43:04+00:00","dateModified":"2018-12-05T08:29:20+00:00","breadcrumb":{"@id":"https:\/\/www.visitkavala.gr\/de\/eksereunise\/thriskeutikoi-xoroi\/dimos-paggaiou\/#breadcrumb"},"inLanguage":"de","potentialAction":[{"@type":"ReadAction","target":["https:\/\/www.visitkavala.gr\/de\/eksereunise\/thriskeutikoi-xoroi\/dimos-paggaiou\/"]}]},{"@type":"BreadcrumbList","@id":"https:\/\/www.visitkavala.gr\/de\/eksereunise\/thriskeutikoi-xoroi\/dimos-paggaiou\/#breadcrumb","itemListElement":[{"@type":"ListItem","position":1,"name":"Home","item":"https:\/\/www.visitkavala.gr\/de\/"},{"@type":"ListItem","position":2,"name":"Erforschen","item":"https:\/\/www.visitkavala.gr\/de\/eksereunise\/"},{"@type":"ListItem","position":3,"name":"Religi\u00f6se St\u00e4tten","item":"https:\/\/www.visitkavala.gr\/de\/eksereunise\/thriskeutikoi-xoroi\/"},{"@type":"ListItem","position":4,"name":"Munizipalit\u00e4t Pangeo"}]},{"@type":"WebSite","@id":"https:\/\/www.visitkavala.gr\/de\/#website","url":"https:\/\/www.visitkavala.gr\/de\/","name":"Visit Kavala","description":"E\u03c0\u03af\u03c3\u03b7\u03bc\u03b7 \u03c4\u03bf\u03c5\u03c1\u03b9\u03c3\u03c4\u03b9\u03ba\u03ae \u03c3\u03b5\u03bb\u03af\u03b4\u03b1 \u039a\u03b1\u03b2\u03ac\u03bb\u03b1\u03c2","publisher":{"@id":"https:\/\/www.visitkavala.gr\/de\/#organization"},"potentialAction":[{"@type":"SearchAction","target":{"@type":"EntryPoint","urlTemplate":"https:\/\/www.visitkavala.gr\/de\/?s={search_term_string}"},"query-input":{"@type":"PropertyValueSpecification","valueRequired":true,"valueName":"search_term_string"}}],"inLanguage":"de"},{"@type":"Organization","@id":"https:\/\/www.visitkavala.gr\/de\/#organization","name":"Visit Kavala","url":"https:\/\/www.visitkavala.gr\/de\/","logo":{"@type":"ImageObject","inLanguage":"de","@id":"https:\/\/www.visitkavala.gr\/de\/#\/schema\/logo\/image\/","url":"https:\/\/www.visitkavala.gr\/wp-content\/uploads\/2018\/02\/visit-kavala-logo-dark-retina.png","contentUrl":"https:\/\/www.visitkavala.gr\/wp-content\/uploads\/2018\/02\/visit-kavala-logo-dark-retina.png","width":600,"height":165,"caption":"Visit Kavala"},"image":{"@id":"https:\/\/www.visitkavala.gr\/de\/#\/schema\/logo\/image\/"},"sameAs":["https:\/\/www.facebook.com\/visitkavala.gr","https:\/\/www.instagram.com\/visitkavala.gr"]}]}},"publishpress_future_action":{"enabled":false,"date":"2026-04-13 11:57:40","action":"change-status","newStatus":"draft","terms":[],"taxonomy":"translation_priority","extraData":[]},"publishpress_future_workflow_manual_trigger":{"enabledWorkflows":[]},"_links":{"self":[{"href":"https:\/\/www.visitkavala.gr\/de\/wp-json\/wp\/v2\/pages\/15091","targetHints":{"allow":["GET"]}}],"collection":[{"href":"https:\/\/www.visitkavala.gr\/de\/wp-json\/wp\/v2\/pages"}],"about":[{"href":"https:\/\/www.visitkavala.gr\/de\/wp-json\/wp\/v2\/types\/page"}],"author":[{"embeddable":true,"href":"https:\/\/www.visitkavala.gr\/de\/wp-json\/wp\/v2\/users\/1"}],"replies":[{"embeddable":true,"href":"https:\/\/www.visitkavala.gr\/de\/wp-json\/wp\/v2\/comments?post=15091"}],"version-history":[{"count":0,"href":"https:\/\/www.visitkavala.gr\/de\/wp-json\/wp\/v2\/pages\/15091\/revisions"}],"up":[{"embeddable":true,"href":"https:\/\/www.visitkavala.gr\/de\/wp-json\/wp\/v2\/pages\/15062"}],"wp:attachment":[{"href":"https:\/\/www.visitkavala.gr\/de\/wp-json\/wp\/v2\/media?parent=15091"}],"curies":[{"name":"wp","href":"https:\/\/api.w.org\/{rel}","templated":true}]}}