{"id":14982,"date":"2017-05-04T10:40:07","date_gmt":"2017-05-04T10:40:07","guid":{"rendered":"https:\/\/www.visitkavala.gr\/apolause\/mouseia\/"},"modified":"2018-04-06T10:53:46","modified_gmt":"2018-04-06T07:53:46","slug":"mouseia","status":"publish","type":"page","link":"https:\/\/www.visitkavala.gr\/de\/apolause\/mouseia\/","title":{"rendered":"Museen"},"content":{"rendered":"<section  class=\" single-portfolio-header cover-background position-relative no-padding sm-no-padding xs-no-padding bg-image-srcset\"  style=\" background-image: url(https:\/\/www.visitkavala.gr\/wp-content\/uploads\/2017\/05\/mouseia_header-bg.jpg);  min-height:600px\" data-bg-srcset=\"https:\/\/www.visitkavala.gr\/wp-content\/uploads\/2017\/05\/mouseia_header-bg.jpg 1920w, https:\/\/www.visitkavala.gr\/wp-content\/uploads\/2017\/05\/mouseia_header-bg-300x102.jpg 300w, https:\/\/www.visitkavala.gr\/wp-content\/uploads\/2017\/05\/mouseia_header-bg-768x260.jpg 768w, https:\/\/www.visitkavala.gr\/wp-content\/uploads\/2017\/05\/mouseia_header-bg-1024x347.jpg 1024w\"><div class=\"selection-overlay\" style=\" opacity:0.2; background-color:#000000;\"><\/div><div class=\"container\"><div class=\"row\"><div class=\"wpb_column hcode-column-container  col-xs-mobile-fullwidth col-sm-12\"><div class=\"vc-column-innner-wrapper\"><p>MUSEEN<\/p>\n<\/div><\/div><\/div><\/div><\/section><section class=\" custom-breadcrumps no-padding sm-no-padding xs-no-padding\"  style=\" background-color:#732382;  min-height:70px\"><div class=\"container\"><div class=\"row\"><div class=\"wpb_column hcode-column-container  col-xs-mobile-fullwidth col-sm-12\"><div class=\"vc-column-innner-wrapper\"><div  class=\" custom-breadcrumps-text apolause  \" ><p><a href=\"https:\/\/www.visitkavala.gr\/de\">Startseite<\/a> <span class=\"divider\">\/<\/span> <a href=\"https:\/\/www.visitkavala.gr\/de\/apolause\/\">Genie\u00dfen<\/a> <span class=\"divider\">\/<\/span> <span class=\"current\">Museen<\/span><\/p>\n<\/div><\/div><\/div><\/div><\/div><\/section><section class=\" position-relative overflow-hidden related-post no-padding sm-no-padding xs-no-padding\" ><div class=\"container\"><div class=\"row\"><div class=\"wpb_column hcode-column-container  position-static col-xs-mobile-fullwidth col-sm-12\"><div class=\"vc-column-innner-wrapper\"><div  class=\" no-padding sm-no-padding xs-no-padding \"  style=\" margin: 0px 0px 0px 15px;\"><div class=\"ps-bs-two-lines-header\">\n<p class=\"ps-bs-two-lines-header-bold\">MUSEEN<\/p>\n<\/div>\n<\/div><style>\n            .page-template .read-more-button,\n            .single-portfolio .read-more-button { background-image: url(https:\/\/www.visitkavala.gr\/wp-content\/uploads\/2017\/05\/button_purple.png); background-repeat: no-repeat; color: #ffffff !important; font-size: 14px; line-height: 38px; width: 162px; display: block; text-align: center; \/*position: absolute; bottom: 0;*\/ margin: 0 0 40px 0; }\n            .page-template .read-more-button:hover,\n            .single-portfolio .read-more-button:hover { background-image: url(https:\/\/www.visitkavala.gr\/wp-content\/uploads\/2017\/05\/button_purple_hover.png); }\n          <\/style><div class=\"work-3col gutter work-with-title\"><div class=\"col-md-12  grid-gallery overflow-hidden content-section\"><div class=\"tab-content\"><ul class=\"grid\"><li class=\"portfolio-filter-14 portfolio-filter-6 \"><div class=\"blog-image\"><a href=\"https:\/\/www.visitkavala.gr\/de\/sightseeing\/arxaiologiko-mouseio-kavalas\/\"><img loading=\"lazy\" decoding=\"async\" width=\"1200\" height=\"800\" src=\"https:\/\/www.visitkavala.gr\/wp-content\/uploads\/2017\/05\/arxaiologiko-mouseio-kavalas_00.jpg\" class=\"attachment-full size-full wp-post-image\" alt=\"Arch\u00e4ologisches Museum von Kavala - Fotoarchiv von Dimofelia\" title=\"\" srcset=\"https:\/\/www.visitkavala.gr\/wp-content\/uploads\/2017\/05\/arxaiologiko-mouseio-kavalas_00.jpg 1200w, https:\/\/www.visitkavala.gr\/wp-content\/uploads\/2017\/05\/arxaiologiko-mouseio-kavalas_00-300x200.jpg 300w, https:\/\/www.visitkavala.gr\/wp-content\/uploads\/2017\/05\/arxaiologiko-mouseio-kavalas_00-768x512.jpg 768w, https:\/\/www.visitkavala.gr\/wp-content\/uploads\/2017\/05\/arxaiologiko-mouseio-kavalas_00-1024x683.jpg 1024w\" sizes=\"auto, (max-width: 1200px) 100vw, 1200px\" \/><\/a><\/div><div class=\"post-details\"><a lang=\"el\" href=\"https:\/\/www.visitkavala.gr\/de\/sightseeing\/arxaiologiko-mouseio-kavalas\/\" class=\"post-title\">Arch\u00e4ologisches Museum Kavalas<\/a><p>Das Arch\u00e4ologische Museum Kavalas z\u00e4hlt zu den wichtigsten Museen seiner Art in Griechenland.<\/p><a href=\"https:\/\/www.visitkavala.gr\/de\/sightseeing\/arxaiologiko-mouseio-kavalas\/\" class=\"read-more-button\">Weitere Informationen<\/a><\/div><\/li><li class=\"portfolio-filter-14 portfolio-filter-6 \"><div class=\"blog-image\"><a href=\"https:\/\/www.visitkavala.gr\/de\/sightseeing\/mouseio_mohamet_ali\/\"><img loading=\"lazy\" decoding=\"async\" width=\"1200\" height=\"800\" src=\"https:\/\/www.visitkavala.gr\/wp-content\/uploads\/2017\/04\/moxamet-ali_01_26-06-2017.jpg\" class=\"attachment-full size-full wp-post-image\" alt=\"\" title=\"\" srcset=\"https:\/\/www.visitkavala.gr\/wp-content\/uploads\/2017\/04\/moxamet-ali_01_26-06-2017.jpg 1200w, https:\/\/www.visitkavala.gr\/wp-content\/uploads\/2017\/04\/moxamet-ali_01_26-06-2017-300x200.jpg 300w, https:\/\/www.visitkavala.gr\/wp-content\/uploads\/2017\/04\/moxamet-ali_01_26-06-2017-768x512.jpg 768w, https:\/\/www.visitkavala.gr\/wp-content\/uploads\/2017\/04\/moxamet-ali_01_26-06-2017-1024x683.jpg 1024w\" sizes=\"auto, (max-width: 1200px) 100vw, 1200px\" \/><\/a><\/div><div class=\"post-details\"><a lang=\"el\" href=\"https:\/\/www.visitkavala.gr\/de\/sightseeing\/mouseio_mohamet_ali\/\" class=\"post-title\">Mohammed Ali-Museum<\/a><p>Das Wohnhaus von Mohammed Ali, das heute als Museum betrieben wird, versetzt den Besucher in das Kavala des 18....<\/p><a href=\"https:\/\/www.visitkavala.gr\/de\/sightseeing\/mouseio_mohamet_ali\/\" class=\"read-more-button\">Weitere Informationen<\/a><\/div><\/li><li class=\"portfolio-filter-14 portfolio-filter-6 \"><div class=\"blog-image\"><a href=\"https:\/\/www.visitkavala.gr\/de\/sightseeing\/arxaiologiko-mouseio-filippon\/\"><img loading=\"lazy\" decoding=\"async\" width=\"1200\" height=\"800\" src=\"https:\/\/www.visitkavala.gr\/wp-content\/uploads\/2017\/05\/arxaiologiko-mouseio-filippon_00.jpg\" class=\"attachment-full size-full wp-post-image\" alt=\"\" title=\"\" srcset=\"https:\/\/www.visitkavala.gr\/wp-content\/uploads\/2017\/05\/arxaiologiko-mouseio-filippon_00.jpg 1200w, https:\/\/www.visitkavala.gr\/wp-content\/uploads\/2017\/05\/arxaiologiko-mouseio-filippon_00-300x200.jpg 300w, https:\/\/www.visitkavala.gr\/wp-content\/uploads\/2017\/05\/arxaiologiko-mouseio-filippon_00-768x512.jpg 768w, https:\/\/www.visitkavala.gr\/wp-content\/uploads\/2017\/05\/arxaiologiko-mouseio-filippon_00-1024x683.jpg 1024w\" sizes=\"auto, (max-width: 1200px) 100vw, 1200px\" \/><\/a><\/div><div class=\"post-details\"><a lang=\"el\" href=\"https:\/\/www.visitkavala.gr\/de\/sightseeing\/arxaiologiko-mouseio-filippon\/\" class=\"post-title\">Arch\u00e4ologisches Museum Philippi<\/a><p>Das Arch\u00e4ologische Museum in Philippi umfasst zwei Einheiten mit Ausstellungsr\u00e4umen, die zur Dauer-Pr\u00e4sentation der Ausgrabungsfunde aus der antiken Stadt...<\/p><a href=\"https:\/\/www.visitkavala.gr\/de\/sightseeing\/arxaiologiko-mouseio-filippon\/\" class=\"read-more-button\">Weitere Informationen<\/a><\/div><\/li><li class=\"portfolio-filter-14 portfolio-filter-6 \"><div class=\"blog-image\"><a href=\"https:\/\/www.visitkavala.gr\/de\/sightseeing\/mouseio-kapnou-dimou-kavalas\/\"><img loading=\"lazy\" decoding=\"async\" width=\"1200\" height=\"800\" src=\"https:\/\/www.visitkavala.gr\/wp-content\/uploads\/2017\/05\/mouseiokapnou2.jpg\" class=\"attachment-full size-full wp-post-image\" alt=\"Tabakmuseum von Kavala Foto von Giannis Giannelos\" title=\"\" srcset=\"https:\/\/www.visitkavala.gr\/wp-content\/uploads\/2017\/05\/mouseiokapnou2.jpg 1200w, https:\/\/www.visitkavala.gr\/wp-content\/uploads\/2017\/05\/mouseiokapnou2-300x200.jpg 300w, https:\/\/www.visitkavala.gr\/wp-content\/uploads\/2017\/05\/mouseiokapnou2-768x512.jpg 768w, https:\/\/www.visitkavala.gr\/wp-content\/uploads\/2017\/05\/mouseiokapnou2-1024x683.jpg 1024w\" sizes=\"auto, (max-width: 1200px) 100vw, 1200px\" \/><\/a><\/div><div class=\"post-details\"><a lang=\"el\" href=\"https:\/\/www.visitkavala.gr\/de\/sightseeing\/mouseio-kapnou-dimou-kavalas\/\" class=\"post-title\">Tabakmuseum<\/a><p>Das Tabakmuseum ist ein modernes Industrie- und Erlebnismuseum mit einer F\u00fclle verschiedener Ausstellungsst\u00fccke.<\/p><a href=\"https:\/\/www.visitkavala.gr\/de\/sightseeing\/mouseio-kapnou-dimou-kavalas\/\" class=\"read-more-button\">Weitere Informationen<\/a><\/div><\/li><li class=\"portfolio-filter-14 portfolio-filter-6 \"><div class=\"blog-image\"><a href=\"https:\/\/www.visitkavala.gr\/de\/sightseeing\/nautiko-mouseio-2\/\"><img loading=\"lazy\" decoding=\"async\" width=\"1200\" height=\"800\" src=\"https:\/\/www.visitkavala.gr\/wp-content\/uploads\/2017\/05\/nautiko-mouseio_00.jpg\" class=\"attachment-full size-full wp-post-image\" alt=\"\" title=\"\" srcset=\"https:\/\/www.visitkavala.gr\/wp-content\/uploads\/2017\/05\/nautiko-mouseio_00.jpg 1200w, https:\/\/www.visitkavala.gr\/wp-content\/uploads\/2017\/05\/nautiko-mouseio_00-300x200.jpg 300w, https:\/\/www.visitkavala.gr\/wp-content\/uploads\/2017\/05\/nautiko-mouseio_00-768x512.jpg 768w, https:\/\/www.visitkavala.gr\/wp-content\/uploads\/2017\/05\/nautiko-mouseio_00-1024x683.jpg 1024w\" sizes=\"auto, (max-width: 1200px) 100vw, 1200px\" \/><\/a><\/div><div class=\"post-details\"><a lang=\"el\" href=\"https:\/\/www.visitkavala.gr\/de\/sightseeing\/nautiko-mouseio-2\/\" class=\"post-title\">Schifffahrtsmuseum<\/a><p>Das Schifffahrtsmuseum von Kavala ist Mitglied der Schifffahrtsmuseen Griechenlands und seit dem Jahr 2008 Vollmitglied des Internationalen Museumsrates ICOM.<\/p><a href=\"https:\/\/www.visitkavala.gr\/de\/sightseeing\/nautiko-mouseio-2\/\" class=\"read-more-button\">Weitere Informationen<\/a><\/div><\/li><li class=\"portfolio-filter-14 portfolio-filter-6 \"><div class=\"blog-image\"><a href=\"https:\/\/www.visitkavala.gr\/de\/sightseeing\/istoriko-kai-ethnologiko-mouseio-neas-karvalis\/\"><img loading=\"lazy\" decoding=\"async\" width=\"1200\" height=\"800\" src=\"https:\/\/www.visitkavala.gr\/wp-content\/uploads\/2017\/05\/istoriko-ethnologiko-mouseio_00.jpg\" class=\"attachment-full size-full wp-post-image\" alt=\"Historisches und Ethnologisches Museum- Foto von Artware\" title=\"\" srcset=\"https:\/\/www.visitkavala.gr\/wp-content\/uploads\/2017\/05\/istoriko-ethnologiko-mouseio_00.jpg 1200w, https:\/\/www.visitkavala.gr\/wp-content\/uploads\/2017\/05\/istoriko-ethnologiko-mouseio_00-300x200.jpg 300w, https:\/\/www.visitkavala.gr\/wp-content\/uploads\/2017\/05\/istoriko-ethnologiko-mouseio_00-768x512.jpg 768w, https:\/\/www.visitkavala.gr\/wp-content\/uploads\/2017\/05\/istoriko-ethnologiko-mouseio_00-1024x683.jpg 1024w\" sizes=\"auto, (max-width: 1200px) 100vw, 1200px\" \/><\/a><\/div><div class=\"post-details\"><a lang=\"el\" href=\"https:\/\/www.visitkavala.gr\/de\/sightseeing\/istoriko-kai-ethnologiko-mouseio-neas-karvalis\/\" class=\"post-title\">Historisches und Volkskundliches Museum in Nea Karvali<\/a><p>Dieses Museum wurde gegr\u00fcndet, um die Geschichte des Griechentums Kappadokiens zu erhalten und bekannt zu machen.<\/p><a href=\"https:\/\/www.visitkavala.gr\/de\/sightseeing\/istoriko-kai-ethnologiko-mouseio-neas-karvalis\/\" class=\"read-more-button\">Weitere Informationen<\/a><\/div><\/li><li class=\"portfolio-filter-14 portfolio-filter-6 \"><div class=\"blog-image\"><a href=\"https:\/\/www.visitkavala.gr\/de\/sightseeing\/mouseio-kerinon-omoiomaton\/\"><img loading=\"lazy\" decoding=\"async\" width=\"1200\" height=\"800\" src=\"https:\/\/www.visitkavala.gr\/wp-content\/uploads\/2017\/05\/kerina_omoiomata3.jpg\" class=\"attachment-full size-full wp-post-image\" alt=\"Wachsmuseum - Fotoarchiv von Theodoros Kokkinidis\" title=\"\" srcset=\"https:\/\/www.visitkavala.gr\/wp-content\/uploads\/2017\/05\/kerina_omoiomata3.jpg 1200w, https:\/\/www.visitkavala.gr\/wp-content\/uploads\/2017\/05\/kerina_omoiomata3-300x200.jpg 300w, https:\/\/www.visitkavala.gr\/wp-content\/uploads\/2017\/05\/kerina_omoiomata3-768x512.jpg 768w, https:\/\/www.visitkavala.gr\/wp-content\/uploads\/2017\/05\/kerina_omoiomata3-1024x683.jpg 1024w\" sizes=\"auto, (max-width: 1200px) 100vw, 1200px\" \/><\/a><\/div><div class=\"post-details\"><a lang=\"el\" href=\"https:\/\/www.visitkavala.gr\/de\/sightseeing\/mouseio-kerinon-omoiomaton\/\" class=\"post-title\">Wachsfigurenmuseum<\/a><p>Hier haben Sie die Gelegenheit zu einem T\u00eate-\u00e0-t\u00eate mit den bedeutenden Pers\u00f6nlichkeiten Griechenlands und der ganzen Welt.<\/p><a href=\"https:\/\/www.visitkavala.gr\/de\/sightseeing\/mouseio-kerinon-omoiomaton\/\" class=\"read-more-button\">Weitere Informationen<\/a><\/div><\/li><\/ul><\/div><\/div><\/div><\/div><\/div><\/div><\/div><\/section>","protected":false},"excerpt":{"rendered":"<p>Hier haben Sie die Gelegenheit zu einem T\u00eate-\u00e0-t\u00eate mit den bedeutenden Pers\u00f6nlichkeiten Griechenlands und der ganzen Welt.<\/p>\n","protected":false},"author":1,"featured_media":0,"parent":14941,"menu_order":0,"comment_status":"closed","ping_status":"closed","template":"page-apolause.php","meta":{"_acf_changed":false,"inline_featured_image":false,"_bos_mb_destination":[""],"footnotes":""},"class_list":["post-14982","page","type-page","status-publish","hentry"],"acf":[],"yoast_head":"<!-- This site is optimized with the Yoast SEO plugin v27.3 - https:\/\/yoast.com\/product\/yoast-seo-wordpress\/ -->\n<title>Museen - Visit Kavala<\/title>\n<meta name=\"robots\" content=\"index, follow, max-snippet:-1, max-image-preview:large, max-video-preview:-1\" \/>\n<link rel=\"canonical\" href=\"https:\/\/www.visitkavala.gr\/de\/apolause\/mouseia\/\" \/>\n<meta property=\"og:locale\" content=\"de_DE\" \/>\n<meta property=\"og:type\" content=\"article\" \/>\n<meta property=\"og:title\" content=\"Museen - Visit Kavala\" \/>\n<meta property=\"og:description\" content=\"Hier haben Sie die Gelegenheit zu einem T\u00eate-\u00e0-t\u00eate mit den bedeutenden Pers\u00f6nlichkeiten Griechenlands und der ganzen Welt.\" \/>\n<meta property=\"og:url\" content=\"https:\/\/www.visitkavala.gr\/de\/apolause\/mouseia\/\" \/>\n<meta property=\"og:site_name\" content=\"Visit Kavala\" \/>\n<meta property=\"article:publisher\" content=\"https:\/\/www.facebook.com\/visitkavala.gr\" \/>\n<meta property=\"article:modified_time\" content=\"2018-04-06T07:53:46+00:00\" \/>\n<meta property=\"og:image\" content=\"https:\/\/www.visitkavala.gr\/wp-content\/uploads\/2018\/02\/visitkavala-social.png\" \/>\n\t<meta property=\"og:image:width\" content=\"1640\" \/>\n\t<meta property=\"og:image:height\" content=\"922\" \/>\n\t<meta property=\"og:image:type\" content=\"image\/png\" \/>\n<meta name=\"twitter:card\" content=\"summary_large_image\" \/>\n<meta name=\"twitter:label1\" content=\"Gesch\u00e4tzte Lesezeit\" \/>\n\t<meta name=\"twitter:data1\" content=\"1\u00a0Minute\" \/>\n<script type=\"application\/ld+json\" class=\"yoast-schema-graph\">{\"@context\":\"https:\\\/\\\/schema.org\",\"@graph\":[{\"@type\":\"WebPage\",\"@id\":\"https:\\\/\\\/www.visitkavala.gr\\\/de\\\/apolause\\\/mouseia\\\/\",\"url\":\"https:\\\/\\\/www.visitkavala.gr\\\/de\\\/apolause\\\/mouseia\\\/\",\"name\":\"Museen - Visit Kavala\",\"isPartOf\":{\"@id\":\"https:\\\/\\\/www.visitkavala.gr\\\/de\\\/#website\"},\"datePublished\":\"2017-05-04T10:40:07+00:00\",\"dateModified\":\"2018-04-06T07:53:46+00:00\",\"breadcrumb\":{\"@id\":\"https:\\\/\\\/www.visitkavala.gr\\\/de\\\/apolause\\\/mouseia\\\/#breadcrumb\"},\"inLanguage\":\"de\",\"potentialAction\":[{\"@type\":\"ReadAction\",\"target\":[\"https:\\\/\\\/www.visitkavala.gr\\\/de\\\/apolause\\\/mouseia\\\/\"]}]},{\"@type\":\"BreadcrumbList\",\"@id\":\"https:\\\/\\\/www.visitkavala.gr\\\/de\\\/apolause\\\/mouseia\\\/#breadcrumb\",\"itemListElement\":[{\"@type\":\"ListItem\",\"position\":1,\"name\":\"Home\",\"item\":\"https:\\\/\\\/www.visitkavala.gr\\\/de\\\/\"},{\"@type\":\"ListItem\",\"position\":2,\"name\":\"Genie\u00dfen\",\"item\":\"https:\\\/\\\/www.visitkavala.gr\\\/de\\\/apolause\\\/\"},{\"@type\":\"ListItem\",\"position\":3,\"name\":\"Museen\"}]},{\"@type\":\"WebSite\",\"@id\":\"https:\\\/\\\/www.visitkavala.gr\\\/de\\\/#website\",\"url\":\"https:\\\/\\\/www.visitkavala.gr\\\/de\\\/\",\"name\":\"Visit Kavala\",\"description\":\"E\u03c0\u03af\u03c3\u03b7\u03bc\u03b7 \u03c4\u03bf\u03c5\u03c1\u03b9\u03c3\u03c4\u03b9\u03ba\u03ae \u03c3\u03b5\u03bb\u03af\u03b4\u03b1 \u039a\u03b1\u03b2\u03ac\u03bb\u03b1\u03c2\",\"publisher\":{\"@id\":\"https:\\\/\\\/www.visitkavala.gr\\\/de\\\/#organization\"},\"potentialAction\":[{\"@type\":\"SearchAction\",\"target\":{\"@type\":\"EntryPoint\",\"urlTemplate\":\"https:\\\/\\\/www.visitkavala.gr\\\/de\\\/?s={search_term_string}\"},\"query-input\":{\"@type\":\"PropertyValueSpecification\",\"valueRequired\":true,\"valueName\":\"search_term_string\"}}],\"inLanguage\":\"de\"},{\"@type\":\"Organization\",\"@id\":\"https:\\\/\\\/www.visitkavala.gr\\\/de\\\/#organization\",\"name\":\"Visit Kavala\",\"url\":\"https:\\\/\\\/www.visitkavala.gr\\\/de\\\/\",\"logo\":{\"@type\":\"ImageObject\",\"inLanguage\":\"de\",\"@id\":\"https:\\\/\\\/www.visitkavala.gr\\\/de\\\/#\\\/schema\\\/logo\\\/image\\\/\",\"url\":\"https:\\\/\\\/www.visitkavala.gr\\\/wp-content\\\/uploads\\\/2018\\\/02\\\/visit-kavala-logo-dark-retina.png\",\"contentUrl\":\"https:\\\/\\\/www.visitkavala.gr\\\/wp-content\\\/uploads\\\/2018\\\/02\\\/visit-kavala-logo-dark-retina.png\",\"width\":600,\"height\":165,\"caption\":\"Visit Kavala\"},\"image\":{\"@id\":\"https:\\\/\\\/www.visitkavala.gr\\\/de\\\/#\\\/schema\\\/logo\\\/image\\\/\"},\"sameAs\":[\"https:\\\/\\\/www.facebook.com\\\/visitkavala.gr\",\"https:\\\/\\\/www.instagram.com\\\/visitkavala.gr\"]}]}<\/script>\n<!-- \/ Yoast SEO plugin. -->","yoast_head_json":{"title":"Museen - Visit Kavala","robots":{"index":"index","follow":"follow","max-snippet":"max-snippet:-1","max-image-preview":"max-image-preview:large","max-video-preview":"max-video-preview:-1"},"canonical":"https:\/\/www.visitkavala.gr\/de\/apolause\/mouseia\/","og_locale":"de_DE","og_type":"article","og_title":"Museen - Visit Kavala","og_description":"Hier haben Sie die Gelegenheit zu einem T\u00eate-\u00e0-t\u00eate mit den bedeutenden Pers\u00f6nlichkeiten Griechenlands und der ganzen Welt.","og_url":"https:\/\/www.visitkavala.gr\/de\/apolause\/mouseia\/","og_site_name":"Visit Kavala","article_publisher":"https:\/\/www.facebook.com\/visitkavala.gr","article_modified_time":"2018-04-06T07:53:46+00:00","og_image":[{"width":1640,"height":922,"url":"https:\/\/www.visitkavala.gr\/wp-content\/uploads\/2018\/02\/visitkavala-social.png","type":"image\/png"}],"twitter_card":"summary_large_image","twitter_misc":{"Gesch\u00e4tzte Lesezeit":"1\u00a0Minute"},"schema":{"@context":"https:\/\/schema.org","@graph":[{"@type":"WebPage","@id":"https:\/\/www.visitkavala.gr\/de\/apolause\/mouseia\/","url":"https:\/\/www.visitkavala.gr\/de\/apolause\/mouseia\/","name":"Museen - Visit Kavala","isPartOf":{"@id":"https:\/\/www.visitkavala.gr\/de\/#website"},"datePublished":"2017-05-04T10:40:07+00:00","dateModified":"2018-04-06T07:53:46+00:00","breadcrumb":{"@id":"https:\/\/www.visitkavala.gr\/de\/apolause\/mouseia\/#breadcrumb"},"inLanguage":"de","potentialAction":[{"@type":"ReadAction","target":["https:\/\/www.visitkavala.gr\/de\/apolause\/mouseia\/"]}]},{"@type":"BreadcrumbList","@id":"https:\/\/www.visitkavala.gr\/de\/apolause\/mouseia\/#breadcrumb","itemListElement":[{"@type":"ListItem","position":1,"name":"Home","item":"https:\/\/www.visitkavala.gr\/de\/"},{"@type":"ListItem","position":2,"name":"Genie\u00dfen","item":"https:\/\/www.visitkavala.gr\/de\/apolause\/"},{"@type":"ListItem","position":3,"name":"Museen"}]},{"@type":"WebSite","@id":"https:\/\/www.visitkavala.gr\/de\/#website","url":"https:\/\/www.visitkavala.gr\/de\/","name":"Visit Kavala","description":"E\u03c0\u03af\u03c3\u03b7\u03bc\u03b7 \u03c4\u03bf\u03c5\u03c1\u03b9\u03c3\u03c4\u03b9\u03ba\u03ae \u03c3\u03b5\u03bb\u03af\u03b4\u03b1 \u039a\u03b1\u03b2\u03ac\u03bb\u03b1\u03c2","publisher":{"@id":"https:\/\/www.visitkavala.gr\/de\/#organization"},"potentialAction":[{"@type":"SearchAction","target":{"@type":"EntryPoint","urlTemplate":"https:\/\/www.visitkavala.gr\/de\/?s={search_term_string}"},"query-input":{"@type":"PropertyValueSpecification","valueRequired":true,"valueName":"search_term_string"}}],"inLanguage":"de"},{"@type":"Organization","@id":"https:\/\/www.visitkavala.gr\/de\/#organization","name":"Visit Kavala","url":"https:\/\/www.visitkavala.gr\/de\/","logo":{"@type":"ImageObject","inLanguage":"de","@id":"https:\/\/www.visitkavala.gr\/de\/#\/schema\/logo\/image\/","url":"https:\/\/www.visitkavala.gr\/wp-content\/uploads\/2018\/02\/visit-kavala-logo-dark-retina.png","contentUrl":"https:\/\/www.visitkavala.gr\/wp-content\/uploads\/2018\/02\/visit-kavala-logo-dark-retina.png","width":600,"height":165,"caption":"Visit Kavala"},"image":{"@id":"https:\/\/www.visitkavala.gr\/de\/#\/schema\/logo\/image\/"},"sameAs":["https:\/\/www.facebook.com\/visitkavala.gr","https:\/\/www.instagram.com\/visitkavala.gr"]}]}},"publishpress_future_action":{"enabled":false,"date":"2026-04-13 17:16:01","action":"change-status","newStatus":"draft","terms":[],"taxonomy":"translation_priority","extraData":[]},"publishpress_future_workflow_manual_trigger":{"enabledWorkflows":[]},"_links":{"self":[{"href":"https:\/\/www.visitkavala.gr\/de\/wp-json\/wp\/v2\/pages\/14982","targetHints":{"allow":["GET"]}}],"collection":[{"href":"https:\/\/www.visitkavala.gr\/de\/wp-json\/wp\/v2\/pages"}],"about":[{"href":"https:\/\/www.visitkavala.gr\/de\/wp-json\/wp\/v2\/types\/page"}],"author":[{"embeddable":true,"href":"https:\/\/www.visitkavala.gr\/de\/wp-json\/wp\/v2\/users\/1"}],"replies":[{"embeddable":true,"href":"https:\/\/www.visitkavala.gr\/de\/wp-json\/wp\/v2\/comments?post=14982"}],"version-history":[{"count":0,"href":"https:\/\/www.visitkavala.gr\/de\/wp-json\/wp\/v2\/pages\/14982\/revisions"}],"up":[{"embeddable":true,"href":"https:\/\/www.visitkavala.gr\/de\/wp-json\/wp\/v2\/pages\/14941"}],"wp:attachment":[{"href":"https:\/\/www.visitkavala.gr\/de\/wp-json\/wp\/v2\/media?parent=14982"}],"curies":[{"name":"wp","href":"https:\/\/api.w.org\/{rel}","templated":true}]}}