{"id":14979,"date":"2017-05-10T09:09:30","date_gmt":"2017-05-10T06:09:30","guid":{"rendered":"https:\/\/www.visitkavala.gr\/apolause\/enallaktikos-tourismos\/"},"modified":"2018-04-06T10:50:59","modified_gmt":"2018-04-06T07:50:59","slug":"enallaktikos-tourismos","status":"publish","type":"page","link":"https:\/\/www.visitkavala.gr\/de\/apolause\/enallaktikos-tourismos\/","title":{"rendered":"Alternativer Tourismus"},"content":{"rendered":"<section  class=\" single-portfolio-header cover-background position-relative no-padding sm-no-padding xs-no-padding bg-image-srcset\"  style=\" background-image: url(https:\/\/www.visitkavala.gr\/wp-content\/uploads\/2017\/05\/katadiseis_header-bg.jpg);  min-height:600px\" data-bg-srcset=\"https:\/\/www.visitkavala.gr\/wp-content\/uploads\/2017\/05\/katadiseis_header-bg.jpg 1920w, https:\/\/www.visitkavala.gr\/wp-content\/uploads\/2017\/05\/katadiseis_header-bg-300x102.jpg 300w, https:\/\/www.visitkavala.gr\/wp-content\/uploads\/2017\/05\/katadiseis_header-bg-768x260.jpg 768w, https:\/\/www.visitkavala.gr\/wp-content\/uploads\/2017\/05\/katadiseis_header-bg-1024x347.jpg 1024w\"><div class=\"selection-overlay\" style=\" opacity:0.2; background-color:#000000;\"><\/div><div class=\"container\"><div class=\"row\"><div class=\"wpb_column hcode-column-container  col-xs-mobile-fullwidth col-sm-12\"><div class=\"vc-column-innner-wrapper\"><p>ALTERNATIVER TOURISMUS<\/p>\n<\/div><\/div><\/div><\/div><\/section><section class=\" custom-breadcrumps no-padding sm-no-padding xs-no-padding\"  style=\" background-color:#732382;  min-height:70px\"><div class=\"container\"><div class=\"row\"><div class=\"wpb_column hcode-column-container  col-xs-mobile-fullwidth col-sm-12\"><div class=\"vc-column-innner-wrapper\"><div  class=\" custom-breadcrumps-text apolause  \" ><p><a href=\"https:\/\/www.visitkavala.gr\/de\">Startseite<\/a> <span class=\"divider\">\/<\/span> <a href=\"https:\/\/www.visitkavala.gr\/de\/apolause\/\">Genie\u00dfen<\/a> <span class=\"divider\">\/<\/span> <span class=\"current\">Alternativer Tourismus<\/span><\/p>\n<\/div><\/div><\/div><\/div><\/div><\/section><section class=\" position-relative overflow-hidden related-post no-padding sm-no-padding xs-no-padding\" ><div class=\"container\"><div class=\"row\"><div class=\"wpb_column hcode-column-container  position-static col-xs-mobile-fullwidth col-sm-12\"><div class=\"vc-column-innner-wrapper\"><div  class=\" no-padding sm-no-padding xs-no-padding \"  style=\" margin: 0px 0px 0px 15px;\"><div class=\"ps-bs-two-lines-header\">\n<p class=\"ps-bs-two-lines-header-bold\">ALTERNATIVER TOURISMUS<\/p>\n<\/div>\n<\/div><style>\n            .page-template .read-more-button,\n            .single-portfolio .read-more-button { background-image: url(https:\/\/www.visitkavala.gr\/wp-content\/uploads\/2017\/05\/button_purple.png); background-repeat: no-repeat; color: #ffffff !important; font-size: 14px; line-height: 38px; width: 162px; display: block; text-align: center; \/*position: absolute; bottom: 0;*\/ margin: 0 0 40px 0; }\n            .page-template .read-more-button:hover,\n            .single-portfolio .read-more-button:hover { background-image: url(https:\/\/www.visitkavala.gr\/wp-content\/uploads\/2017\/05\/button_purple_hover.png); }\n          <\/style><div class=\"work-3col gutter work-with-title\"><div class=\"col-md-12  grid-gallery overflow-hidden content-section\"><div class=\"tab-content\"><ul class=\"grid\"><li class=\"portfolio-filter-14 portfolio-filter-6 \"><div class=\"blog-image\"><a href=\"https:\/\/www.visitkavala.gr\/de\/sightseeing\/katadiseis\/\"><img loading=\"lazy\" decoding=\"async\" width=\"1200\" height=\"800\" src=\"https:\/\/www.visitkavala.gr\/wp-content\/uploads\/2017\/05\/katadiseis_00.jpg\" class=\"attachment-full size-full wp-post-image\" alt=\"\" title=\"\" srcset=\"https:\/\/www.visitkavala.gr\/wp-content\/uploads\/2017\/05\/katadiseis_00.jpg 1200w, https:\/\/www.visitkavala.gr\/wp-content\/uploads\/2017\/05\/katadiseis_00-300x200.jpg 300w, https:\/\/www.visitkavala.gr\/wp-content\/uploads\/2017\/05\/katadiseis_00-768x512.jpg 768w, https:\/\/www.visitkavala.gr\/wp-content\/uploads\/2017\/05\/katadiseis_00-1024x683.jpg 1024w\" sizes=\"auto, (max-width: 1200px) 100vw, 1200px\" \/><\/a><\/div><div class=\"post-details\"><a lang=\"el\" href=\"https:\/\/www.visitkavala.gr\/de\/sightseeing\/katadiseis\/\" class=\"post-title\">Tauchen<\/a><p>Das besonders saubere und ruhige Meer in der Umgebung Kavalas eignet sich hervorragend zum Tauchen und Schnorcheln. Neben der...<\/p><a href=\"https:\/\/www.visitkavala.gr\/de\/sightseeing\/katadiseis\/\" class=\"read-more-button\">Weitere Informationen<\/a><\/div><\/li><li class=\"portfolio-filter-14 portfolio-filter-6 \"><div class=\"blog-image\"><a href=\"https:\/\/www.visitkavala.gr\/de\/sightseeing\/istioploia\/\"><img loading=\"lazy\" decoding=\"async\" width=\"1200\" height=\"800\" src=\"https:\/\/www.visitkavala.gr\/wp-content\/uploads\/2018\/02\/istioploia2.jpg\" class=\"attachment-full size-full wp-post-image\" alt=\"Segeln: Foto von Artware\" title=\"\" srcset=\"https:\/\/www.visitkavala.gr\/wp-content\/uploads\/2018\/02\/istioploia2.jpg 1200w, https:\/\/www.visitkavala.gr\/wp-content\/uploads\/2018\/02\/istioploia2-300x200.jpg 300w, https:\/\/www.visitkavala.gr\/wp-content\/uploads\/2018\/02\/istioploia2-768x512.jpg 768w, https:\/\/www.visitkavala.gr\/wp-content\/uploads\/2018\/02\/istioploia2-1024x683.jpg 1024w, https:\/\/www.visitkavala.gr\/wp-content\/uploads\/2018\/02\/istioploia2-81x54.jpg 81w\" sizes=\"auto, (max-width: 1200px) 100vw, 1200px\" \/><\/a><\/div><div class=\"post-details\"><a lang=\"el\" href=\"https:\/\/www.visitkavala.gr\/de\/sightseeing\/istioploia\/\" class=\"post-title\">Segeln<\/a><p>Wenn sich der Reiz der Landschaft mit der Faszination des Meers vereint, erweist sich Kavala als der ideale Ort...<\/p><a href=\"https:\/\/www.visitkavala.gr\/de\/sightseeing\/istioploia\/\" class=\"read-more-button\">Weitere Informationen<\/a><\/div><\/li><li class=\"portfolio-filter-14 portfolio-filter-6 \"><div class=\"blog-image\"><a href=\"https:\/\/www.visitkavala.gr\/de\/sightseeing\/anarrixisi\/\"><img loading=\"lazy\" decoding=\"async\" width=\"1200\" height=\"800\" src=\"https:\/\/www.visitkavala.gr\/wp-content\/uploads\/2017\/05\/anarixisi_04.jpg\" class=\"attachment-full size-full wp-post-image\" alt=\"L.O.CH. Bergsteigen : Foto von climbing-greece.com\" title=\"\" srcset=\"https:\/\/www.visitkavala.gr\/wp-content\/uploads\/2017\/05\/anarixisi_04.jpg 1200w, https:\/\/www.visitkavala.gr\/wp-content\/uploads\/2017\/05\/anarixisi_04-300x200.jpg 300w, https:\/\/www.visitkavala.gr\/wp-content\/uploads\/2017\/05\/anarixisi_04-768x512.jpg 768w, https:\/\/www.visitkavala.gr\/wp-content\/uploads\/2017\/05\/anarixisi_04-1024x683.jpg 1024w\" sizes=\"auto, (max-width: 1200px) 100vw, 1200px\" \/><\/a><\/div><div class=\"post-details\"><a lang=\"el\" href=\"https:\/\/www.visitkavala.gr\/de\/sightseeing\/anarrixisi\/\" class=\"post-title\">Klettern<\/a><p>In Kavala steht eine Kletterhalle mit Routen zur Verf\u00fcgung, die zum Bouldern und zum Klettern mit Seil geeignet sind....<\/p><a href=\"https:\/\/www.visitkavala.gr\/de\/sightseeing\/anarrixisi\/\" class=\"read-more-button\">Weitere Informationen<\/a><\/div><\/li><li class=\"portfolio-filter-14 portfolio-filter-6 \"><div class=\"blog-image\"><a href=\"https:\/\/www.visitkavala.gr\/de\/sightseeing\/water-sports-2\/\"><img loading=\"lazy\" decoding=\"async\" width=\"1200\" height=\"800\" src=\"https:\/\/www.visitkavala.gr\/wp-content\/uploads\/2017\/05\/watersports_03.jpg\" class=\"attachment-full size-full wp-post-image\" alt=\"Wassersport: Foto von Makis Pavlidis (Dateiarchiv von Friends Watersports)\" title=\"\" srcset=\"https:\/\/www.visitkavala.gr\/wp-content\/uploads\/2017\/05\/watersports_03.jpg 1200w, https:\/\/www.visitkavala.gr\/wp-content\/uploads\/2017\/05\/watersports_03-300x200.jpg 300w, https:\/\/www.visitkavala.gr\/wp-content\/uploads\/2017\/05\/watersports_03-768x512.jpg 768w, https:\/\/www.visitkavala.gr\/wp-content\/uploads\/2017\/05\/watersports_03-1024x683.jpg 1024w\" sizes=\"auto, (max-width: 1200px) 100vw, 1200px\" \/><\/a><\/div><div class=\"post-details\"><a lang=\"el\" href=\"https:\/\/www.visitkavala.gr\/de\/sightseeing\/water-sports-2\/\" class=\"post-title\">Wassersport<\/a><p>Sind Sie ein begeisterter Wassersportfan? Wenn Sie nach dem idealen Windsurfspot in der N\u00e4he Kavalas suchen, empfehlen wir den...<\/p><a href=\"https:\/\/www.visitkavala.gr\/de\/sightseeing\/water-sports-2\/\" class=\"read-more-button\">Weitere Informationen<\/a><\/div><\/li><li class=\"portfolio-filter-14 portfolio-filter-6 \"><div class=\"blog-image\"><a href=\"https:\/\/www.visitkavala.gr\/de\/sightseeing\/diadromes-enduro\/\"><img loading=\"lazy\" decoding=\"async\" width=\"1200\" height=\"800\" src=\"https:\/\/www.visitkavala.gr\/wp-content\/uploads\/2017\/05\/northstar8.jpg\" class=\"attachment-full size-full wp-post-image\" alt=\"Enduro Kavala Foto von North Star enduro-touring.gr\" title=\"\" srcset=\"https:\/\/www.visitkavala.gr\/wp-content\/uploads\/2017\/05\/northstar8.jpg 1200w, https:\/\/www.visitkavala.gr\/wp-content\/uploads\/2017\/05\/northstar8-300x200.jpg 300w, https:\/\/www.visitkavala.gr\/wp-content\/uploads\/2017\/05\/northstar8-768x512.jpg 768w, https:\/\/www.visitkavala.gr\/wp-content\/uploads\/2017\/05\/northstar8-1024x683.jpg 1024w, https:\/\/www.visitkavala.gr\/wp-content\/uploads\/2017\/05\/northstar8-81x54.jpg 81w\" sizes=\"auto, (max-width: 1200px) 100vw, 1200px\" \/><\/a><\/div><div class=\"post-details\"><a lang=\"el\" href=\"https:\/\/www.visitkavala.gr\/de\/sightseeing\/diadromes-enduro\/\" class=\"post-title\">Enduro-Ausfahrten<\/a><p>Dank der bevorzugten geografischen Lage zwischen Berg und Meer bietet Kavala zahlreiche M\u00f6glichkeiten zu alternativen Freizeitaktivit\u00e4ten, die auch Extremsport-Fans...<\/p><a href=\"https:\/\/www.visitkavala.gr\/de\/sightseeing\/diadromes-enduro\/\" class=\"read-more-button\">Weitere Informationen<\/a><\/div><\/li><li class=\"portfolio-filter-14 portfolio-filter-6 \"><div class=\"blog-image\"><a href=\"https:\/\/www.visitkavala.gr\/de\/sightseeing\/diadromes-4x4\/\"><img loading=\"lazy\" decoding=\"async\" width=\"1200\" height=\"800\" src=\"https:\/\/www.visitkavala.gr\/wp-content\/uploads\/2017\/05\/4x4_3.jpg\" class=\"attachment-full size-full wp-post-image\" alt=\"Routen 4 x 4: Foto von Vicky Lalikos\" title=\"\" srcset=\"https:\/\/www.visitkavala.gr\/wp-content\/uploads\/2017\/05\/4x4_3.jpg 1200w, https:\/\/www.visitkavala.gr\/wp-content\/uploads\/2017\/05\/4x4_3-300x200.jpg 300w, https:\/\/www.visitkavala.gr\/wp-content\/uploads\/2017\/05\/4x4_3-768x512.jpg 768w, https:\/\/www.visitkavala.gr\/wp-content\/uploads\/2017\/05\/4x4_3-1024x683.jpg 1024w\" sizes=\"auto, (max-width: 1200px) 100vw, 1200px\" \/><\/a><\/div><div class=\"post-details\"><a lang=\"el\" href=\"https:\/\/www.visitkavala.gr\/de\/sightseeing\/diadromes-4x4\/\" class=\"post-title\">Ausflugsfahrten mit 4&#215;4<\/a><p>Das Bed\u00fcrfnis nach Abspannen vom Alltag und nach Spa\u00df inmitten der Natur, in Verbindung mit Freude am Autofahren lassen...<\/p><a href=\"https:\/\/www.visitkavala.gr\/de\/sightseeing\/diadromes-4x4\/\" class=\"read-more-button\">Weitere Informationen<\/a><\/div><\/li><li class=\"portfolio-filter-14 portfolio-filter-6 \"><div class=\"blog-image\"><a href=\"https:\/\/www.visitkavala.gr\/de\/sightseeing\/ippotouristiko-kentro-datou\/\"><img loading=\"lazy\" decoding=\"async\" width=\"1200\" height=\"800\" src=\"https:\/\/www.visitkavala.gr\/wp-content\/uploads\/2017\/01\/ippasia-1-1.jpg\" class=\"attachment-full size-full wp-post-image\" alt=\"Pferdeakademie \u201eKatsiti\u201c:Fotoarchiv von Ioannis Kagdalasidis.\" title=\"\" srcset=\"https:\/\/www.visitkavala.gr\/wp-content\/uploads\/2017\/01\/ippasia-1-1.jpg 1200w, https:\/\/www.visitkavala.gr\/wp-content\/uploads\/2017\/01\/ippasia-1-1-300x200.jpg 300w, https:\/\/www.visitkavala.gr\/wp-content\/uploads\/2017\/01\/ippasia-1-1-1024x683.jpg 1024w, https:\/\/www.visitkavala.gr\/wp-content\/uploads\/2017\/01\/ippasia-1-1-768x512.jpg 768w, https:\/\/www.visitkavala.gr\/wp-content\/uploads\/2017\/01\/ippasia-1-1-81x54.jpg 81w\" sizes=\"auto, (max-width: 1200px) 100vw, 1200px\" \/><\/a><\/div><div class=\"post-details\"><a lang=\"el\" href=\"https:\/\/www.visitkavala.gr\/de\/sightseeing\/ippotouristiko-kentro-datou\/\" class=\"post-title\">Reiten<\/a><p>In Dato bietet das Reiturlaubszentrum Ausritte in die Natur f\u00fcr Personen mit und ohne Vorerfahrung, aber auch Reitkurse f\u00fcr...<\/p><a href=\"https:\/\/www.visitkavala.gr\/de\/sightseeing\/ippotouristiko-kentro-datou\/\" class=\"read-more-button\">Weitere Informationen<\/a><\/div><\/li><\/ul><\/div><\/div><\/div><\/div><\/div><\/div><\/div><\/section>","protected":false},"excerpt":{"rendered":"<p>In Dato bietet das Reiturlaubszentrum Ausritte in die Natur f\u00fcr Personen mit und ohne Vorerfahrung, aber auch Reitkurse f\u00fcr Kinder und Erwachsene, Kutschenfahrten in die Umgebung und therapeutisches Reiten. Im Reitsportverein von Polystylo k\u00f6nnen Sie den Reitsport, aber auch Sprungreiten und Dressur lernen.<\/p>\n","protected":false},"author":1,"featured_media":0,"parent":14941,"menu_order":0,"comment_status":"closed","ping_status":"closed","template":"page-apolause.php","meta":{"_acf_changed":false,"inline_featured_image":false,"_bos_mb_destination":[""],"footnotes":""},"class_list":["post-14979","page","type-page","status-publish","hentry"],"acf":[],"yoast_head":"<!-- This site is optimized with the Yoast SEO plugin v27.3 - https:\/\/yoast.com\/product\/yoast-seo-wordpress\/ -->\n<title>Alternativer Tourismus - Visit Kavala<\/title>\n<meta name=\"robots\" content=\"index, follow, max-snippet:-1, max-image-preview:large, max-video-preview:-1\" \/>\n<link rel=\"canonical\" href=\"https:\/\/www.visitkavala.gr\/de\/apolause\/enallaktikos-tourismos\/\" \/>\n<meta property=\"og:locale\" content=\"de_DE\" \/>\n<meta property=\"og:type\" content=\"article\" \/>\n<meta property=\"og:title\" content=\"Alternativer Tourismus - Visit Kavala\" \/>\n<meta property=\"og:description\" content=\"In Dato bietet das Reiturlaubszentrum Ausritte in die Natur f\u00fcr Personen mit und ohne Vorerfahrung, aber auch Reitkurse f\u00fcr Kinder und Erwachsene, Kutschenfahrten in die Umgebung und therapeutisches Reiten. Im Reitsportverein von Polystylo k\u00f6nnen Sie den Reitsport, aber auch Sprungreiten und Dressur lernen.\" \/>\n<meta property=\"og:url\" content=\"https:\/\/www.visitkavala.gr\/de\/apolause\/enallaktikos-tourismos\/\" \/>\n<meta property=\"og:site_name\" content=\"Visit Kavala\" \/>\n<meta property=\"article:publisher\" content=\"https:\/\/www.facebook.com\/visitkavala.gr\" \/>\n<meta property=\"article:modified_time\" content=\"2018-04-06T07:50:59+00:00\" \/>\n<meta property=\"og:image\" content=\"https:\/\/www.visitkavala.gr\/wp-content\/uploads\/2018\/02\/visitkavala-social.png\" \/>\n\t<meta property=\"og:image:width\" content=\"1640\" \/>\n\t<meta property=\"og:image:height\" content=\"922\" \/>\n\t<meta property=\"og:image:type\" content=\"image\/png\" \/>\n<meta name=\"twitter:card\" content=\"summary_large_image\" \/>\n<meta name=\"twitter:label1\" content=\"Gesch\u00e4tzte Lesezeit\" \/>\n\t<meta name=\"twitter:data1\" content=\"1\u00a0Minute\" \/>\n<script type=\"application\/ld+json\" class=\"yoast-schema-graph\">{\"@context\":\"https:\\\/\\\/schema.org\",\"@graph\":[{\"@type\":\"WebPage\",\"@id\":\"https:\\\/\\\/www.visitkavala.gr\\\/de\\\/apolause\\\/enallaktikos-tourismos\\\/\",\"url\":\"https:\\\/\\\/www.visitkavala.gr\\\/de\\\/apolause\\\/enallaktikos-tourismos\\\/\",\"name\":\"Alternativer Tourismus - Visit Kavala\",\"isPartOf\":{\"@id\":\"https:\\\/\\\/www.visitkavala.gr\\\/de\\\/#website\"},\"datePublished\":\"2017-05-10T06:09:30+00:00\",\"dateModified\":\"2018-04-06T07:50:59+00:00\",\"breadcrumb\":{\"@id\":\"https:\\\/\\\/www.visitkavala.gr\\\/de\\\/apolause\\\/enallaktikos-tourismos\\\/#breadcrumb\"},\"inLanguage\":\"de\",\"potentialAction\":[{\"@type\":\"ReadAction\",\"target\":[\"https:\\\/\\\/www.visitkavala.gr\\\/de\\\/apolause\\\/enallaktikos-tourismos\\\/\"]}]},{\"@type\":\"BreadcrumbList\",\"@id\":\"https:\\\/\\\/www.visitkavala.gr\\\/de\\\/apolause\\\/enallaktikos-tourismos\\\/#breadcrumb\",\"itemListElement\":[{\"@type\":\"ListItem\",\"position\":1,\"name\":\"Home\",\"item\":\"https:\\\/\\\/www.visitkavala.gr\\\/de\\\/\"},{\"@type\":\"ListItem\",\"position\":2,\"name\":\"Genie\u00dfen\",\"item\":\"https:\\\/\\\/www.visitkavala.gr\\\/de\\\/apolause\\\/\"},{\"@type\":\"ListItem\",\"position\":3,\"name\":\"Alternativer Tourismus\"}]},{\"@type\":\"WebSite\",\"@id\":\"https:\\\/\\\/www.visitkavala.gr\\\/de\\\/#website\",\"url\":\"https:\\\/\\\/www.visitkavala.gr\\\/de\\\/\",\"name\":\"Visit Kavala\",\"description\":\"E\u03c0\u03af\u03c3\u03b7\u03bc\u03b7 \u03c4\u03bf\u03c5\u03c1\u03b9\u03c3\u03c4\u03b9\u03ba\u03ae \u03c3\u03b5\u03bb\u03af\u03b4\u03b1 \u039a\u03b1\u03b2\u03ac\u03bb\u03b1\u03c2\",\"publisher\":{\"@id\":\"https:\\\/\\\/www.visitkavala.gr\\\/de\\\/#organization\"},\"potentialAction\":[{\"@type\":\"SearchAction\",\"target\":{\"@type\":\"EntryPoint\",\"urlTemplate\":\"https:\\\/\\\/www.visitkavala.gr\\\/de\\\/?s={search_term_string}\"},\"query-input\":{\"@type\":\"PropertyValueSpecification\",\"valueRequired\":true,\"valueName\":\"search_term_string\"}}],\"inLanguage\":\"de\"},{\"@type\":\"Organization\",\"@id\":\"https:\\\/\\\/www.visitkavala.gr\\\/de\\\/#organization\",\"name\":\"Visit Kavala\",\"url\":\"https:\\\/\\\/www.visitkavala.gr\\\/de\\\/\",\"logo\":{\"@type\":\"ImageObject\",\"inLanguage\":\"de\",\"@id\":\"https:\\\/\\\/www.visitkavala.gr\\\/de\\\/#\\\/schema\\\/logo\\\/image\\\/\",\"url\":\"https:\\\/\\\/www.visitkavala.gr\\\/wp-content\\\/uploads\\\/2018\\\/02\\\/visit-kavala-logo-dark-retina.png\",\"contentUrl\":\"https:\\\/\\\/www.visitkavala.gr\\\/wp-content\\\/uploads\\\/2018\\\/02\\\/visit-kavala-logo-dark-retina.png\",\"width\":600,\"height\":165,\"caption\":\"Visit Kavala\"},\"image\":{\"@id\":\"https:\\\/\\\/www.visitkavala.gr\\\/de\\\/#\\\/schema\\\/logo\\\/image\\\/\"},\"sameAs\":[\"https:\\\/\\\/www.facebook.com\\\/visitkavala.gr\",\"https:\\\/\\\/www.instagram.com\\\/visitkavala.gr\"]}]}<\/script>\n<!-- \/ Yoast SEO plugin. -->","yoast_head_json":{"title":"Alternativer Tourismus - Visit Kavala","robots":{"index":"index","follow":"follow","max-snippet":"max-snippet:-1","max-image-preview":"max-image-preview:large","max-video-preview":"max-video-preview:-1"},"canonical":"https:\/\/www.visitkavala.gr\/de\/apolause\/enallaktikos-tourismos\/","og_locale":"de_DE","og_type":"article","og_title":"Alternativer Tourismus - Visit Kavala","og_description":"In Dato bietet das Reiturlaubszentrum Ausritte in die Natur f\u00fcr Personen mit und ohne Vorerfahrung, aber auch Reitkurse f\u00fcr Kinder und Erwachsene, Kutschenfahrten in die Umgebung und therapeutisches Reiten. Im Reitsportverein von Polystylo k\u00f6nnen Sie den Reitsport, aber auch Sprungreiten und Dressur lernen.","og_url":"https:\/\/www.visitkavala.gr\/de\/apolause\/enallaktikos-tourismos\/","og_site_name":"Visit Kavala","article_publisher":"https:\/\/www.facebook.com\/visitkavala.gr","article_modified_time":"2018-04-06T07:50:59+00:00","og_image":[{"width":1640,"height":922,"url":"https:\/\/www.visitkavala.gr\/wp-content\/uploads\/2018\/02\/visitkavala-social.png","type":"image\/png"}],"twitter_card":"summary_large_image","twitter_misc":{"Gesch\u00e4tzte Lesezeit":"1\u00a0Minute"},"schema":{"@context":"https:\/\/schema.org","@graph":[{"@type":"WebPage","@id":"https:\/\/www.visitkavala.gr\/de\/apolause\/enallaktikos-tourismos\/","url":"https:\/\/www.visitkavala.gr\/de\/apolause\/enallaktikos-tourismos\/","name":"Alternativer Tourismus - Visit Kavala","isPartOf":{"@id":"https:\/\/www.visitkavala.gr\/de\/#website"},"datePublished":"2017-05-10T06:09:30+00:00","dateModified":"2018-04-06T07:50:59+00:00","breadcrumb":{"@id":"https:\/\/www.visitkavala.gr\/de\/apolause\/enallaktikos-tourismos\/#breadcrumb"},"inLanguage":"de","potentialAction":[{"@type":"ReadAction","target":["https:\/\/www.visitkavala.gr\/de\/apolause\/enallaktikos-tourismos\/"]}]},{"@type":"BreadcrumbList","@id":"https:\/\/www.visitkavala.gr\/de\/apolause\/enallaktikos-tourismos\/#breadcrumb","itemListElement":[{"@type":"ListItem","position":1,"name":"Home","item":"https:\/\/www.visitkavala.gr\/de\/"},{"@type":"ListItem","position":2,"name":"Genie\u00dfen","item":"https:\/\/www.visitkavala.gr\/de\/apolause\/"},{"@type":"ListItem","position":3,"name":"Alternativer Tourismus"}]},{"@type":"WebSite","@id":"https:\/\/www.visitkavala.gr\/de\/#website","url":"https:\/\/www.visitkavala.gr\/de\/","name":"Visit Kavala","description":"E\u03c0\u03af\u03c3\u03b7\u03bc\u03b7 \u03c4\u03bf\u03c5\u03c1\u03b9\u03c3\u03c4\u03b9\u03ba\u03ae \u03c3\u03b5\u03bb\u03af\u03b4\u03b1 \u039a\u03b1\u03b2\u03ac\u03bb\u03b1\u03c2","publisher":{"@id":"https:\/\/www.visitkavala.gr\/de\/#organization"},"potentialAction":[{"@type":"SearchAction","target":{"@type":"EntryPoint","urlTemplate":"https:\/\/www.visitkavala.gr\/de\/?s={search_term_string}"},"query-input":{"@type":"PropertyValueSpecification","valueRequired":true,"valueName":"search_term_string"}}],"inLanguage":"de"},{"@type":"Organization","@id":"https:\/\/www.visitkavala.gr\/de\/#organization","name":"Visit Kavala","url":"https:\/\/www.visitkavala.gr\/de\/","logo":{"@type":"ImageObject","inLanguage":"de","@id":"https:\/\/www.visitkavala.gr\/de\/#\/schema\/logo\/image\/","url":"https:\/\/www.visitkavala.gr\/wp-content\/uploads\/2018\/02\/visit-kavala-logo-dark-retina.png","contentUrl":"https:\/\/www.visitkavala.gr\/wp-content\/uploads\/2018\/02\/visit-kavala-logo-dark-retina.png","width":600,"height":165,"caption":"Visit Kavala"},"image":{"@id":"https:\/\/www.visitkavala.gr\/de\/#\/schema\/logo\/image\/"},"sameAs":["https:\/\/www.facebook.com\/visitkavala.gr","https:\/\/www.instagram.com\/visitkavala.gr"]}]}},"publishpress_future_action":{"enabled":false,"date":"2026-04-13 09:24:09","action":"change-status","newStatus":"draft","terms":[],"taxonomy":"translation_priority","extraData":[]},"publishpress_future_workflow_manual_trigger":{"enabledWorkflows":[]},"_links":{"self":[{"href":"https:\/\/www.visitkavala.gr\/de\/wp-json\/wp\/v2\/pages\/14979","targetHints":{"allow":["GET"]}}],"collection":[{"href":"https:\/\/www.visitkavala.gr\/de\/wp-json\/wp\/v2\/pages"}],"about":[{"href":"https:\/\/www.visitkavala.gr\/de\/wp-json\/wp\/v2\/types\/page"}],"author":[{"embeddable":true,"href":"https:\/\/www.visitkavala.gr\/de\/wp-json\/wp\/v2\/users\/1"}],"replies":[{"embeddable":true,"href":"https:\/\/www.visitkavala.gr\/de\/wp-json\/wp\/v2\/comments?post=14979"}],"version-history":[{"count":0,"href":"https:\/\/www.visitkavala.gr\/de\/wp-json\/wp\/v2\/pages\/14979\/revisions"}],"up":[{"embeddable":true,"href":"https:\/\/www.visitkavala.gr\/de\/wp-json\/wp\/v2\/pages\/14941"}],"wp:attachment":[{"href":"https:\/\/www.visitkavala.gr\/de\/wp-json\/wp\/v2\/media?parent=14979"}],"curies":[{"name":"wp","href":"https:\/\/api.w.org\/{rel}","templated":true}]}}