{"id":14963,"date":"2017-05-08T14:00:28","date_gmt":"2017-05-08T11:00:28","guid":{"rendered":"https:\/\/www.visitkavala.gr\/apolause\/ekdiloseis\/geuseis\/"},"modified":"2018-04-06T10:44:17","modified_gmt":"2018-04-06T07:44:17","slug":"geuseis","status":"publish","type":"page","link":"https:\/\/www.visitkavala.gr\/de\/apolause\/ekdiloseis\/geuseis\/","title":{"rendered":"Gastronomische"},"content":{"rendered":"<section  class=\" single-portfolio-header cover-background position-relative no-padding sm-no-padding xs-no-padding bg-image-srcset\"  style=\" background-image: url(https:\/\/www.visitkavala.gr\/wp-content\/uploads\/2017\/05\/giorti_meliou.jpg);  min-height:600px\" data-bg-srcset=\"https:\/\/www.visitkavala.gr\/wp-content\/uploads\/2017\/05\/giorti_meliou.jpg 1920w, https:\/\/www.visitkavala.gr\/wp-content\/uploads\/2017\/05\/giorti_meliou-300x102.jpg 300w, https:\/\/www.visitkavala.gr\/wp-content\/uploads\/2017\/05\/giorti_meliou-768x260.jpg 768w, https:\/\/www.visitkavala.gr\/wp-content\/uploads\/2017\/05\/giorti_meliou-1024x347.jpg 1024w\"><div class=\"selection-overlay\" style=\" opacity:0.2; background-color:#000000;\"><\/div><div class=\"container\"><div class=\"row\"><div class=\"wpb_column hcode-column-container  col-xs-mobile-fullwidth col-sm-12\"><div class=\"vc-column-innner-wrapper\"><p>GASTRONOMISCHE<\/p>\n<\/div><\/div><\/div><\/div><\/section><section class=\" custom-breadcrumps no-padding sm-no-padding xs-no-padding\"  style=\" background-color:#732382;  min-height:130px\"><div class=\"container\"><div class=\"row\"><div class=\"wpb_column hcode-column-container  col-xs-mobile-fullwidth col-sm-12\"><div class=\"vc-column-innner-wrapper\"><div  class=\" custom-breadcrumps-text apolause  \" ><p><a href=\"https:\/\/www.visitkavala.gr\/de\">Startseite<\/a> <span class=\"divider\">\/<\/span> <a href=\"https:\/\/www.visitkavala.gr\/de\/apolause\/\">Genie\u00dfen<\/a> <span class=\"divider\">\/<\/span> <a href=\"https:\/\/www.visitkavala.gr\/de\/apolause\/ekdiloseis\/\">Veranstaltungen<\/a> <span class=\"divider\">\/<\/span> <span class=\"current\">Gastronomische<\/span><\/p>\n<\/div><div  class=\" custom-breadcrumps-buttons  \" ><p><a href=\"https:\/\/www.visitkavala.gr\/de\/apolause\/ekdiloseis\/festival\/\">Festivals<\/a> <a href=\"https:\/\/www.visitkavala.gr\/de\/apolause\/ekdiloseis\/laografikes\/\">Volkskundliche<\/a> <a href=\"https:\/\/www.visitkavala.gr\/de\/apolause\/ekdiloseis\/politistikes\/\">Kulturelle<\/a> <a href=\"https:\/\/www.visitkavala.gr\/de\/apolause\/ekdiloseis\/athlitikes\/\">Sportliche<\/a> <a class=\"active\" href=\"https:\/\/www.visitkavala.gr\/de\/apolause\/ekdiloseis\/geuseis\/\">Gastronomische<\/a><\/p>\n<\/div><\/div><\/div><\/div><\/div><\/section><section class=\" position-relative overflow-hidden related-post no-padding sm-no-padding xs-no-padding\" ><div class=\"container\"><div class=\"row\"><div class=\"wpb_column hcode-column-container  position-static col-xs-mobile-fullwidth col-sm-12\"><div class=\"vc-column-innner-wrapper\"><div  class=\" no-padding sm-no-padding xs-no-padding \"  style=\" margin: 0px 0px 0px 15px;\"><div class=\"ps-bs-two-lines-header\">\n<p class=\"ps-bs-two-lines-header-bold\">GASTRONOMISCHE<\/p>\n<\/div>\n<\/div><style>\n            .page-template .read-more-button,\n            .single-portfolio .read-more-button { background-image: url(https:\/\/www.visitkavala.gr\/wp-content\/uploads\/2017\/05\/button_purple.png); background-repeat: no-repeat; color: #ffffff !important; font-size: 14px; line-height: 38px; width: 162px; display: block; text-align: center; \/*position: absolute; bottom: 0;*\/ margin: 0 0 40px 0; }\n            .page-template .read-more-button:hover,\n            .single-portfolio .read-more-button:hover { background-image: url(https:\/\/www.visitkavala.gr\/wp-content\/uploads\/2017\/05\/button_purple_hover.png); }\n          <\/style><div class=\"work-3col gutter work-with-title\"><div class=\"col-md-12  grid-gallery overflow-hidden content-section\"><div class=\"tab-content\"><ul class=\"grid\"><li class=\"portfolio-filter-14 portfolio-filter-6 \"><div class=\"blog-image\"><a href=\"https:\/\/www.visitkavala.gr\/de\/sightseeing\/giorti-meliou-kai-proionton-melissas\/\"><img loading=\"lazy\" decoding=\"async\" width=\"1200\" height=\"800\" src=\"https:\/\/www.visitkavala.gr\/wp-content\/uploads\/2017\/05\/giorti_meliou2.jpg\" class=\"attachment-full size-full wp-post-image\" alt=\"\" title=\"\" srcset=\"https:\/\/www.visitkavala.gr\/wp-content\/uploads\/2017\/05\/giorti_meliou2.jpg 1200w, https:\/\/www.visitkavala.gr\/wp-content\/uploads\/2017\/05\/giorti_meliou2-300x200.jpg 300w, https:\/\/www.visitkavala.gr\/wp-content\/uploads\/2017\/05\/giorti_meliou2-768x512.jpg 768w, https:\/\/www.visitkavala.gr\/wp-content\/uploads\/2017\/05\/giorti_meliou2-1024x683.jpg 1024w\" sizes=\"auto, (max-width: 1200px) 100vw, 1200px\" \/><\/a><\/div><div class=\"post-details\"><a lang=\"el\" href=\"https:\/\/www.visitkavala.gr\/de\/sightseeing\/giorti-meliou-kai-proionton-melissas\/\" class=\"post-title\">Fest des Honigs und der Bienenprodukte<\/a><p>W\u00e4hrend des s\u00fc\u00dfesten Fests der Munizipalit\u00e4t Kavala stehen Ihnen kostenlos Unmengen an frischem Joghurt mit Honig und Waln\u00fcssen, aber...<\/p><a href=\"https:\/\/www.visitkavala.gr\/de\/sightseeing\/giorti-meliou-kai-proionton-melissas\/\" class=\"read-more-button\">Weitere Informationen<\/a><\/div><\/li><li class=\"portfolio-filter-14 portfolio-filter-6 \"><div class=\"blog-image\"><a href=\"https:\/\/www.visitkavala.gr\/de\/sightseeing\/giorti-agroti\/\"><img loading=\"lazy\" decoding=\"async\" width=\"1200\" height=\"800\" src=\"https:\/\/www.visitkavala.gr\/wp-content\/uploads\/2017\/10\/agrotis2.jpg\" class=\"attachment-full size-full wp-post-image\" alt=\"Bauernfest - Foto Kultur- und Bildungsverein von Nea Karya\" title=\"\" srcset=\"https:\/\/www.visitkavala.gr\/wp-content\/uploads\/2017\/10\/agrotis2.jpg 1200w, https:\/\/www.visitkavala.gr\/wp-content\/uploads\/2017\/10\/agrotis2-300x200.jpg 300w, https:\/\/www.visitkavala.gr\/wp-content\/uploads\/2017\/10\/agrotis2-768x512.jpg 768w, https:\/\/www.visitkavala.gr\/wp-content\/uploads\/2017\/10\/agrotis2-1024x683.jpg 1024w\" sizes=\"auto, (max-width: 1200px) 100vw, 1200px\" \/><\/a><\/div><div class=\"post-details\"><a lang=\"el\" href=\"https:\/\/www.visitkavala.gr\/de\/sightseeing\/giorti-agroti\/\" class=\"post-title\">Das Bauernfest<\/a><p>Diese feste Veranstaltung wurde vom Kultur- & Bildungsverein von \u039d. Karya als Zeichen der Dankbarkeit an die Mutter Erde...<\/p><a href=\"https:\/\/www.visitkavala.gr\/de\/sightseeing\/giorti-agroti\/\" class=\"read-more-button\">Weitere Informationen<\/a><\/div><\/li><li class=\"portfolio-filter-14 portfolio-filter-6 \"><div class=\"blog-image\"><a href=\"https:\/\/www.visitkavala.gr\/de\/sightseeing\/giorti-midiou-kai-sardelas\/\"><img loading=\"lazy\" decoding=\"async\" width=\"1200\" height=\"800\" src=\"https:\/\/www.visitkavala.gr\/wp-content\/uploads\/2017\/10\/mydia1.jpg\" class=\"attachment-full size-full wp-post-image\" alt=\"Muscheln und Sardine Festival: Fotoarchiv von Nestos Gemeinde\" title=\"\" srcset=\"https:\/\/www.visitkavala.gr\/wp-content\/uploads\/2017\/10\/mydia1.jpg 1200w, https:\/\/www.visitkavala.gr\/wp-content\/uploads\/2017\/10\/mydia1-300x200.jpg 300w, https:\/\/www.visitkavala.gr\/wp-content\/uploads\/2017\/10\/mydia1-768x512.jpg 768w, https:\/\/www.visitkavala.gr\/wp-content\/uploads\/2017\/10\/mydia1-1024x683.jpg 1024w\" sizes=\"auto, (max-width: 1200px) 100vw, 1200px\" \/><\/a><\/div><div class=\"post-details\"><a lang=\"el\" href=\"https:\/\/www.visitkavala.gr\/de\/sightseeing\/giorti-midiou-kai-sardelas\/\" class=\"post-title\">Muschel- und Sardinenfest<\/a><p>Das Muschel- und Sardinenfest ist eine kulinarische Festveranstaltung in dieser Region, im Rahmen derer die qualitativ hervorragenden Muscheln aus...<\/p><a href=\"https:\/\/www.visitkavala.gr\/de\/sightseeing\/giorti-midiou-kai-sardelas\/\" class=\"read-more-button\">Weitere Informationen<\/a><\/div><\/li><li class=\"portfolio-filter-14 portfolio-filter-6 \"><div class=\"blog-image\"><a href=\"https:\/\/www.visitkavala.gr\/de\/sightseeing\/giorti-tis-patatas\/\"><img loading=\"lazy\" decoding=\"async\" width=\"1200\" height=\"800\" src=\"https:\/\/www.visitkavala.gr\/wp-content\/uploads\/2017\/05\/giorti-patatas_00.jpg\" class=\"attachment-full size-full wp-post-image\" alt=\"\" title=\"\" srcset=\"https:\/\/www.visitkavala.gr\/wp-content\/uploads\/2017\/05\/giorti-patatas_00.jpg 1200w, https:\/\/www.visitkavala.gr\/wp-content\/uploads\/2017\/05\/giorti-patatas_00-300x200.jpg 300w, https:\/\/www.visitkavala.gr\/wp-content\/uploads\/2017\/05\/giorti-patatas_00-768x512.jpg 768w, https:\/\/www.visitkavala.gr\/wp-content\/uploads\/2017\/05\/giorti-patatas_00-1024x683.jpg 1024w\" sizes=\"auto, (max-width: 1200px) 100vw, 1200px\" \/><\/a><\/div><div class=\"post-details\"><a lang=\"el\" href=\"https:\/\/www.visitkavala.gr\/de\/sightseeing\/giorti-tis-patatas\/\" class=\"post-title\">Das Kartoffelfest<\/a><p>Dieses Fest wird zu Ehren des heimischen Produkts dieser Region, der Kartoffel von Lekani, gefeiert, die hier angebaut wird...<\/p><a href=\"https:\/\/www.visitkavala.gr\/de\/sightseeing\/giorti-tis-patatas\/\" class=\"read-more-button\">Weitere Informationen<\/a><\/div><\/li><li class=\"portfolio-filter-14 portfolio-filter-6 \"><div class=\"blog-image\"><a href=\"https:\/\/www.visitkavala.gr\/de\/sightseeing\/giorti-tis-ktinotrofias-ston-platamona\/\"><img loading=\"lazy\" decoding=\"async\" width=\"1200\" height=\"800\" src=\"https:\/\/www.visitkavala.gr\/wp-content\/uploads\/2017\/05\/giorti-ktinotrofeias_00.jpg\" class=\"attachment-full size-full wp-post-image\" alt=\"Viehzuchtfest\" title=\"\" srcset=\"https:\/\/www.visitkavala.gr\/wp-content\/uploads\/2017\/05\/giorti-ktinotrofeias_00.jpg 1200w, https:\/\/www.visitkavala.gr\/wp-content\/uploads\/2017\/05\/giorti-ktinotrofeias_00-300x200.jpg 300w, https:\/\/www.visitkavala.gr\/wp-content\/uploads\/2017\/05\/giorti-ktinotrofeias_00-768x512.jpg 768w, https:\/\/www.visitkavala.gr\/wp-content\/uploads\/2017\/05\/giorti-ktinotrofeias_00-1024x683.jpg 1024w\" sizes=\"auto, (max-width: 1200px) 100vw, 1200px\" \/><\/a><\/div><div class=\"post-details\"><a lang=\"el\" href=\"https:\/\/www.visitkavala.gr\/de\/sightseeing\/giorti-tis-ktinotrofias-ston-platamona\/\" class=\"post-title\">Das Fest der Viehz\u00fcchter<\/a><p>Jedes Jahr im Oktober werden im Dorf - und aus dem Dorf \u2013 600 Kilo Ziegenfleisch zu einer k\u00f6stlichen...<\/p><a href=\"https:\/\/www.visitkavala.gr\/de\/sightseeing\/giorti-tis-ktinotrofias-ston-platamona\/\" class=\"read-more-button\">Weitere Informationen<\/a><\/div><\/li><li class=\"portfolio-filter-14 portfolio-filter-6 \"><div class=\"blog-image\"><a href=\"https:\/\/www.visitkavala.gr\/de\/sightseeing\/giorti-kastanou\/\"><img loading=\"lazy\" decoding=\"async\" width=\"1200\" height=\"800\" src=\"https:\/\/www.visitkavala.gr\/wp-content\/uploads\/2017\/05\/giorti-kastanou_01.jpg\" class=\"attachment-full size-full wp-post-image\" alt=\"Kastanienfest-Foto von Artware\" title=\"\" srcset=\"https:\/\/www.visitkavala.gr\/wp-content\/uploads\/2017\/05\/giorti-kastanou_01.jpg 1200w, https:\/\/www.visitkavala.gr\/wp-content\/uploads\/2017\/05\/giorti-kastanou_01-300x200.jpg 300w, https:\/\/www.visitkavala.gr\/wp-content\/uploads\/2017\/05\/giorti-kastanou_01-768x512.jpg 768w, https:\/\/www.visitkavala.gr\/wp-content\/uploads\/2017\/05\/giorti-kastanou_01-1024x683.jpg 1024w\" sizes=\"auto, (max-width: 1200px) 100vw, 1200px\" \/><\/a><\/div><div class=\"post-details\"><a lang=\"el\" href=\"https:\/\/www.visitkavala.gr\/de\/sightseeing\/giorti-kastanou\/\" class=\"post-title\">Das Kastanienfest<\/a><p>Allj\u00e4hrlich im Oktober organisiert die Munizipalit\u00e4t Pangeo in Paleochori ein Fest, das frisch und duftend \u2026 aus dem Kastanienofen...<\/p><a href=\"https:\/\/www.visitkavala.gr\/de\/sightseeing\/giorti-kastanou\/\" class=\"read-more-button\">Weitere Informationen<\/a><\/div><\/li><li class=\"portfolio-filter-14 portfolio-filter-6 \"><div class=\"blog-image\"><a href=\"https:\/\/www.visitkavala.gr\/de\/sightseeing\/giorti-sarma\/\"><img loading=\"lazy\" decoding=\"async\" width=\"1200\" height=\"800\" src=\"https:\/\/www.visitkavala.gr\/wp-content\/uploads\/2017\/05\/sarmas1.jpg\" class=\"attachment-full size-full wp-post-image\" alt=\"&quot;Sarma&quot; Fest- Foto von Kavala Post\" title=\"\" srcset=\"https:\/\/www.visitkavala.gr\/wp-content\/uploads\/2017\/05\/sarmas1.jpg 1200w, https:\/\/www.visitkavala.gr\/wp-content\/uploads\/2017\/05\/sarmas1-300x200.jpg 300w, https:\/\/www.visitkavala.gr\/wp-content\/uploads\/2017\/05\/sarmas1-768x512.jpg 768w, https:\/\/www.visitkavala.gr\/wp-content\/uploads\/2017\/05\/sarmas1-1024x683.jpg 1024w\" sizes=\"auto, (max-width: 1200px) 100vw, 1200px\" \/><\/a><\/div><div class=\"post-details\"><a lang=\"el\" href=\"https:\/\/www.visitkavala.gr\/de\/sightseeing\/giorti-sarma\/\" class=\"post-title\">Das Sarmas-Fest<\/a><p>Allj\u00e4hrlich im Juni veranstaltet der Kulturverein von Nikisiani \u201eArapis\u201c im Vorhof der Agios Georgios-Kirche das Sarmas-Fest, um Ihnen die...<\/p><a href=\"https:\/\/www.visitkavala.gr\/de\/sightseeing\/giorti-sarma\/\" class=\"read-more-button\">Weitere Informationen<\/a><\/div><\/li><li class=\"portfolio-filter-14 portfolio-filter-6 \"><div class=\"blog-image\"><a href=\"https:\/\/www.visitkavala.gr\/de\/sightseeing\/giorti-tsipourou-sti-nea-peramo\/\"><img loading=\"lazy\" decoding=\"async\" width=\"1200\" height=\"800\" src=\"https:\/\/www.visitkavala.gr\/wp-content\/uploads\/2017\/05\/giorti-tsipourou_00.jpg\" class=\"attachment-full size-full wp-post-image\" alt=\"\" title=\"\" srcset=\"https:\/\/www.visitkavala.gr\/wp-content\/uploads\/2017\/05\/giorti-tsipourou_00.jpg 1200w, https:\/\/www.visitkavala.gr\/wp-content\/uploads\/2017\/05\/giorti-tsipourou_00-300x200.jpg 300w, https:\/\/www.visitkavala.gr\/wp-content\/uploads\/2017\/05\/giorti-tsipourou_00-768x512.jpg 768w, https:\/\/www.visitkavala.gr\/wp-content\/uploads\/2017\/05\/giorti-tsipourou_00-1024x683.jpg 1024w\" sizes=\"auto, (max-width: 1200px) 100vw, 1200px\" \/><\/a><\/div><div class=\"post-details\"><a lang=\"el\" href=\"https:\/\/www.visitkavala.gr\/de\/sightseeing\/giorti-tsipourou-sti-nea-peramo\/\" class=\"post-title\">Das Tsipouro-Fest<\/a><p>Diese Veranstaltung findet seit 2003 allj\u00e4hrlich am letzten Oktoberwochenende an der Strandpromenade von Nea Peramos statt. Ihr Ziel ist...<\/p><a href=\"https:\/\/www.visitkavala.gr\/de\/sightseeing\/giorti-tsipourou-sti-nea-peramo\/\" class=\"read-more-button\">Weitere Informationen<\/a><\/div><\/li><\/ul><\/div><\/div><\/div><\/div><\/div><\/div><\/div><\/section>","protected":false},"excerpt":{"rendered":"<p>Diese Veranstaltung findet seit 2003 allj\u00e4hrlich am letzten Oktoberwochenende an der Strandpromenade von Nea Peramos statt. Ihr Ziel ist es, dieses besondere Erzeugnis der Gegend und die abwechslungsreiche Naturlandschaft von Nea Peramos bekannt zu machen.<\/p>\n","protected":false},"author":1,"featured_media":0,"parent":14957,"menu_order":0,"comment_status":"closed","ping_status":"closed","template":"page-apolause.php","meta":{"_acf_changed":false,"inline_featured_image":false,"_bos_mb_destination":[""],"footnotes":""},"class_list":["post-14963","page","type-page","status-publish","hentry"],"acf":[],"yoast_head":"<!-- This site is optimized with the Yoast SEO plugin v27.3 - https:\/\/yoast.com\/product\/yoast-seo-wordpress\/ -->\n<title>Gastronomische - Visit Kavala<\/title>\n<meta name=\"robots\" content=\"index, follow, max-snippet:-1, max-image-preview:large, max-video-preview:-1\" \/>\n<link rel=\"canonical\" href=\"https:\/\/www.visitkavala.gr\/de\/apolause\/ekdiloseis\/geuseis\/\" \/>\n<meta property=\"og:locale\" content=\"de_DE\" \/>\n<meta property=\"og:type\" content=\"article\" \/>\n<meta property=\"og:title\" content=\"Gastronomische - Visit Kavala\" \/>\n<meta property=\"og:description\" content=\"Diese Veranstaltung findet seit 2003 allj\u00e4hrlich am letzten Oktoberwochenende an der Strandpromenade von Nea Peramos statt. Ihr Ziel ist es, dieses besondere Erzeugnis der Gegend und die abwechslungsreiche Naturlandschaft von Nea Peramos bekannt zu machen.\" \/>\n<meta property=\"og:url\" content=\"https:\/\/www.visitkavala.gr\/de\/apolause\/ekdiloseis\/geuseis\/\" \/>\n<meta property=\"og:site_name\" content=\"Visit Kavala\" \/>\n<meta property=\"article:publisher\" content=\"https:\/\/www.facebook.com\/visitkavala.gr\" \/>\n<meta property=\"article:modified_time\" content=\"2018-04-06T07:44:17+00:00\" \/>\n<meta property=\"og:image\" content=\"https:\/\/www.visitkavala.gr\/wp-content\/uploads\/2018\/02\/visitkavala-social.png\" \/>\n\t<meta property=\"og:image:width\" content=\"1640\" \/>\n\t<meta property=\"og:image:height\" content=\"922\" \/>\n\t<meta property=\"og:image:type\" content=\"image\/png\" \/>\n<meta name=\"twitter:card\" content=\"summary_large_image\" \/>\n<meta name=\"twitter:label1\" content=\"Gesch\u00e4tzte Lesezeit\" \/>\n\t<meta name=\"twitter:data1\" content=\"1\u00a0Minute\" \/>\n<script type=\"application\/ld+json\" class=\"yoast-schema-graph\">{\"@context\":\"https:\\\/\\\/schema.org\",\"@graph\":[{\"@type\":\"WebPage\",\"@id\":\"https:\\\/\\\/www.visitkavala.gr\\\/de\\\/apolause\\\/ekdiloseis\\\/geuseis\\\/\",\"url\":\"https:\\\/\\\/www.visitkavala.gr\\\/de\\\/apolause\\\/ekdiloseis\\\/geuseis\\\/\",\"name\":\"Gastronomische - Visit Kavala\",\"isPartOf\":{\"@id\":\"https:\\\/\\\/www.visitkavala.gr\\\/de\\\/#website\"},\"datePublished\":\"2017-05-08T11:00:28+00:00\",\"dateModified\":\"2018-04-06T07:44:17+00:00\",\"breadcrumb\":{\"@id\":\"https:\\\/\\\/www.visitkavala.gr\\\/de\\\/apolause\\\/ekdiloseis\\\/geuseis\\\/#breadcrumb\"},\"inLanguage\":\"de\",\"potentialAction\":[{\"@type\":\"ReadAction\",\"target\":[\"https:\\\/\\\/www.visitkavala.gr\\\/de\\\/apolause\\\/ekdiloseis\\\/geuseis\\\/\"]}]},{\"@type\":\"BreadcrumbList\",\"@id\":\"https:\\\/\\\/www.visitkavala.gr\\\/de\\\/apolause\\\/ekdiloseis\\\/geuseis\\\/#breadcrumb\",\"itemListElement\":[{\"@type\":\"ListItem\",\"position\":1,\"name\":\"Home\",\"item\":\"https:\\\/\\\/www.visitkavala.gr\\\/de\\\/\"},{\"@type\":\"ListItem\",\"position\":2,\"name\":\"Genie\u00dfen\",\"item\":\"https:\\\/\\\/www.visitkavala.gr\\\/de\\\/apolause\\\/\"},{\"@type\":\"ListItem\",\"position\":3,\"name\":\"Veranstaltungen\",\"item\":\"https:\\\/\\\/www.visitkavala.gr\\\/de\\\/apolause\\\/ekdiloseis\\\/\"},{\"@type\":\"ListItem\",\"position\":4,\"name\":\"Gastronomische\"}]},{\"@type\":\"WebSite\",\"@id\":\"https:\\\/\\\/www.visitkavala.gr\\\/de\\\/#website\",\"url\":\"https:\\\/\\\/www.visitkavala.gr\\\/de\\\/\",\"name\":\"Visit Kavala\",\"description\":\"E\u03c0\u03af\u03c3\u03b7\u03bc\u03b7 \u03c4\u03bf\u03c5\u03c1\u03b9\u03c3\u03c4\u03b9\u03ba\u03ae \u03c3\u03b5\u03bb\u03af\u03b4\u03b1 \u039a\u03b1\u03b2\u03ac\u03bb\u03b1\u03c2\",\"publisher\":{\"@id\":\"https:\\\/\\\/www.visitkavala.gr\\\/de\\\/#organization\"},\"potentialAction\":[{\"@type\":\"SearchAction\",\"target\":{\"@type\":\"EntryPoint\",\"urlTemplate\":\"https:\\\/\\\/www.visitkavala.gr\\\/de\\\/?s={search_term_string}\"},\"query-input\":{\"@type\":\"PropertyValueSpecification\",\"valueRequired\":true,\"valueName\":\"search_term_string\"}}],\"inLanguage\":\"de\"},{\"@type\":\"Organization\",\"@id\":\"https:\\\/\\\/www.visitkavala.gr\\\/de\\\/#organization\",\"name\":\"Visit Kavala\",\"url\":\"https:\\\/\\\/www.visitkavala.gr\\\/de\\\/\",\"logo\":{\"@type\":\"ImageObject\",\"inLanguage\":\"de\",\"@id\":\"https:\\\/\\\/www.visitkavala.gr\\\/de\\\/#\\\/schema\\\/logo\\\/image\\\/\",\"url\":\"https:\\\/\\\/www.visitkavala.gr\\\/wp-content\\\/uploads\\\/2018\\\/02\\\/visit-kavala-logo-dark-retina.png\",\"contentUrl\":\"https:\\\/\\\/www.visitkavala.gr\\\/wp-content\\\/uploads\\\/2018\\\/02\\\/visit-kavala-logo-dark-retina.png\",\"width\":600,\"height\":165,\"caption\":\"Visit Kavala\"},\"image\":{\"@id\":\"https:\\\/\\\/www.visitkavala.gr\\\/de\\\/#\\\/schema\\\/logo\\\/image\\\/\"},\"sameAs\":[\"https:\\\/\\\/www.facebook.com\\\/visitkavala.gr\",\"https:\\\/\\\/www.instagram.com\\\/visitkavala.gr\"]}]}<\/script>\n<!-- \/ Yoast SEO plugin. -->","yoast_head_json":{"title":"Gastronomische - Visit Kavala","robots":{"index":"index","follow":"follow","max-snippet":"max-snippet:-1","max-image-preview":"max-image-preview:large","max-video-preview":"max-video-preview:-1"},"canonical":"https:\/\/www.visitkavala.gr\/de\/apolause\/ekdiloseis\/geuseis\/","og_locale":"de_DE","og_type":"article","og_title":"Gastronomische - Visit Kavala","og_description":"Diese Veranstaltung findet seit 2003 allj\u00e4hrlich am letzten Oktoberwochenende an der Strandpromenade von Nea Peramos statt. Ihr Ziel ist es, dieses besondere Erzeugnis der Gegend und die abwechslungsreiche Naturlandschaft von Nea Peramos bekannt zu machen.","og_url":"https:\/\/www.visitkavala.gr\/de\/apolause\/ekdiloseis\/geuseis\/","og_site_name":"Visit Kavala","article_publisher":"https:\/\/www.facebook.com\/visitkavala.gr","article_modified_time":"2018-04-06T07:44:17+00:00","og_image":[{"width":1640,"height":922,"url":"https:\/\/www.visitkavala.gr\/wp-content\/uploads\/2018\/02\/visitkavala-social.png","type":"image\/png"}],"twitter_card":"summary_large_image","twitter_misc":{"Gesch\u00e4tzte Lesezeit":"1\u00a0Minute"},"schema":{"@context":"https:\/\/schema.org","@graph":[{"@type":"WebPage","@id":"https:\/\/www.visitkavala.gr\/de\/apolause\/ekdiloseis\/geuseis\/","url":"https:\/\/www.visitkavala.gr\/de\/apolause\/ekdiloseis\/geuseis\/","name":"Gastronomische - Visit Kavala","isPartOf":{"@id":"https:\/\/www.visitkavala.gr\/de\/#website"},"datePublished":"2017-05-08T11:00:28+00:00","dateModified":"2018-04-06T07:44:17+00:00","breadcrumb":{"@id":"https:\/\/www.visitkavala.gr\/de\/apolause\/ekdiloseis\/geuseis\/#breadcrumb"},"inLanguage":"de","potentialAction":[{"@type":"ReadAction","target":["https:\/\/www.visitkavala.gr\/de\/apolause\/ekdiloseis\/geuseis\/"]}]},{"@type":"BreadcrumbList","@id":"https:\/\/www.visitkavala.gr\/de\/apolause\/ekdiloseis\/geuseis\/#breadcrumb","itemListElement":[{"@type":"ListItem","position":1,"name":"Home","item":"https:\/\/www.visitkavala.gr\/de\/"},{"@type":"ListItem","position":2,"name":"Genie\u00dfen","item":"https:\/\/www.visitkavala.gr\/de\/apolause\/"},{"@type":"ListItem","position":3,"name":"Veranstaltungen","item":"https:\/\/www.visitkavala.gr\/de\/apolause\/ekdiloseis\/"},{"@type":"ListItem","position":4,"name":"Gastronomische"}]},{"@type":"WebSite","@id":"https:\/\/www.visitkavala.gr\/de\/#website","url":"https:\/\/www.visitkavala.gr\/de\/","name":"Visit Kavala","description":"E\u03c0\u03af\u03c3\u03b7\u03bc\u03b7 \u03c4\u03bf\u03c5\u03c1\u03b9\u03c3\u03c4\u03b9\u03ba\u03ae \u03c3\u03b5\u03bb\u03af\u03b4\u03b1 \u039a\u03b1\u03b2\u03ac\u03bb\u03b1\u03c2","publisher":{"@id":"https:\/\/www.visitkavala.gr\/de\/#organization"},"potentialAction":[{"@type":"SearchAction","target":{"@type":"EntryPoint","urlTemplate":"https:\/\/www.visitkavala.gr\/de\/?s={search_term_string}"},"query-input":{"@type":"PropertyValueSpecification","valueRequired":true,"valueName":"search_term_string"}}],"inLanguage":"de"},{"@type":"Organization","@id":"https:\/\/www.visitkavala.gr\/de\/#organization","name":"Visit Kavala","url":"https:\/\/www.visitkavala.gr\/de\/","logo":{"@type":"ImageObject","inLanguage":"de","@id":"https:\/\/www.visitkavala.gr\/de\/#\/schema\/logo\/image\/","url":"https:\/\/www.visitkavala.gr\/wp-content\/uploads\/2018\/02\/visit-kavala-logo-dark-retina.png","contentUrl":"https:\/\/www.visitkavala.gr\/wp-content\/uploads\/2018\/02\/visit-kavala-logo-dark-retina.png","width":600,"height":165,"caption":"Visit Kavala"},"image":{"@id":"https:\/\/www.visitkavala.gr\/de\/#\/schema\/logo\/image\/"},"sameAs":["https:\/\/www.facebook.com\/visitkavala.gr","https:\/\/www.instagram.com\/visitkavala.gr"]}]}},"publishpress_future_action":{"enabled":false,"date":"2026-04-13 19:16:15","action":"change-status","newStatus":"draft","terms":[],"taxonomy":"translation_priority","extraData":[]},"publishpress_future_workflow_manual_trigger":{"enabledWorkflows":[]},"_links":{"self":[{"href":"https:\/\/www.visitkavala.gr\/de\/wp-json\/wp\/v2\/pages\/14963","targetHints":{"allow":["GET"]}}],"collection":[{"href":"https:\/\/www.visitkavala.gr\/de\/wp-json\/wp\/v2\/pages"}],"about":[{"href":"https:\/\/www.visitkavala.gr\/de\/wp-json\/wp\/v2\/types\/page"}],"author":[{"embeddable":true,"href":"https:\/\/www.visitkavala.gr\/de\/wp-json\/wp\/v2\/users\/1"}],"replies":[{"embeddable":true,"href":"https:\/\/www.visitkavala.gr\/de\/wp-json\/wp\/v2\/comments?post=14963"}],"version-history":[{"count":0,"href":"https:\/\/www.visitkavala.gr\/de\/wp-json\/wp\/v2\/pages\/14963\/revisions"}],"up":[{"embeddable":true,"href":"https:\/\/www.visitkavala.gr\/de\/wp-json\/wp\/v2\/pages\/14957"}],"wp:attachment":[{"href":"https:\/\/www.visitkavala.gr\/de\/wp-json\/wp\/v2\/media?parent=14963"}],"curies":[{"name":"wp","href":"https:\/\/api.w.org\/{rel}","templated":true}]}}