{"id":14951,"date":"2017-05-31T14:45:57","date_gmt":"2017-05-31T11:45:57","guid":{"rendered":"https:\/\/www.visitkavala.gr\/apolause\/diadromes-sti-fisi\/"},"modified":"2018-04-06T10:11:41","modified_gmt":"2018-04-06T07:11:41","slug":"diadromes-sti-fisi","status":"publish","type":"page","link":"https:\/\/www.visitkavala.gr\/de\/apolause\/diadromes-sti-fisi\/","title":{"rendered":"Ausfl\u00fcge in die Natur"},"content":{"rendered":"<section  class=\" single-portfolio-header cover-background position-relative no-padding sm-no-padding xs-no-padding bg-image-srcset\"  style=\" background-image: url(https:\/\/www.visitkavala.gr\/wp-content\/uploads\/2017\/05\/paliakavala_header.jpg);  min-height:600px\" data-bg-srcset=\"https:\/\/www.visitkavala.gr\/wp-content\/uploads\/2017\/05\/paliakavala_header.jpg 1920w, https:\/\/www.visitkavala.gr\/wp-content\/uploads\/2017\/05\/paliakavala_header-300x102.jpg 300w, https:\/\/www.visitkavala.gr\/wp-content\/uploads\/2017\/05\/paliakavala_header-768x260.jpg 768w, https:\/\/www.visitkavala.gr\/wp-content\/uploads\/2017\/05\/paliakavala_header-1024x347.jpg 1024w\"><div class=\"selection-overlay\" style=\" opacity:0.2; background-color:#000000;\"><\/div><div class=\"container\"><div class=\"row\"><div class=\"wpb_column hcode-column-container  col-xs-mobile-fullwidth col-sm-12\"><div class=\"vc-column-innner-wrapper\"><p>AUSFL\u00dcGE IN DIE NATUR<\/p>\n<\/div><\/div><\/div><\/div><\/section><section class=\" custom-breadcrumps no-padding sm-no-padding xs-no-padding\"  style=\" background-color:#732382;  min-height:70px\"><div class=\"container\"><div class=\"row\"><div class=\"wpb_column hcode-column-container  col-xs-mobile-fullwidth col-sm-12\"><div class=\"vc-column-innner-wrapper\"><div  class=\" custom-breadcrumps-text apolause  \" ><p><a href=\"https:\/\/www.visitkavala.gr\/de\">Startseite<\/a> <span class=\"divider\">\/<\/span> <a href=\"https:\/\/www.visitkavala.gr\/de\/apolause\/\">Genie\u00dfen<\/a> <span class=\"divider\">\/<\/span> <span class=\"current\">Ausfl\u00fcge in die Natur<\/span><\/p>\n<\/div><\/div><\/div><\/div><\/div><\/section><section class=\" position-relative overflow-hidden related-post no-padding sm-no-padding xs-no-padding\" ><div class=\"container\"><div class=\"row\"><div class=\"wpb_column hcode-column-container  position-static col-xs-mobile-fullwidth col-sm-12\"><div class=\"vc-column-innner-wrapper\"><div  class=\" custom-post-subtitle no-padding sm-no-padding xs-no-padding \"  style=\" margin: 0px 0px 40px 15px;\"><p>Auf den ersten Blick ist es das Meer, das den Blick des Besuchers auf sich zieht. Doch die Sch\u00f6nheit Kavalas beschr\u00e4nkt sich nicht nur auf die Landschaft am Meer.<\/p>\n<p>Das Gebiet besticht durch seine besonders landschaftliche Sch\u00f6nheit, mit kleinen Pfaden inmitten der Natur, die angelegt wurden, um den Alltagsbed\u00fcrfnissen einer anderen Epoche \u2013 aber auch den heutigen \u2013 zu entsprechen.<\/p>\n<p>Hier traf die antike Via Egnatia auf den \u201eWeg des Wassers\u201c, der von kunstvollen kleinen Br\u00fccken geschm\u00fcckt war, und schlie\u00dflich in die Kamares m\u00fcndete, die die Altstadt mit Trinkwasser versorgten, w\u00e4hrend andere Pfade zu nat\u00fcrlichen Wasserbecken und Wasserf\u00e4llen f\u00fchren. Hier wartet alles darauf, Ihnen die Geschichte der Stadt anhand ihrer Naturlandschaft zu offenbaren.<\/p>\n<\/div><style>\n            .page-template .read-more-button,\n            .single-portfolio .read-more-button { background-image: url(https:\/\/www.visitkavala.gr\/wp-content\/uploads\/2017\/05\/button_purple.png); background-repeat: no-repeat; color: #ffffff !important; font-size: 14px; line-height: 38px; width: 162px; display: block; text-align: center; \/*position: absolute; bottom: 0;*\/ margin: 0 0 40px 0; }\n            .page-template .read-more-button:hover,\n            .single-portfolio .read-more-button:hover { background-image: url(https:\/\/www.visitkavala.gr\/wp-content\/uploads\/2017\/05\/button_purple_hover.png); }\n          <\/style><div class=\"work-3col gutter work-with-title\"><div class=\"col-md-12  grid-gallery overflow-hidden content-section\"><div class=\"tab-content\"><ul class=\"grid\"><li class=\"portfolio-filter-14 portfolio-filter-6 \"><div class=\"blog-image\"><a href=\"https:\/\/www.visitkavala.gr\/de\/sightseeing\/perivallontiko-monopati-palias-kavalas\/\"><img loading=\"lazy\" decoding=\"async\" width=\"1200\" height=\"800\" src=\"https:\/\/www.visitkavala.gr\/wp-content\/uploads\/2017\/05\/paliakavala4.jpg\" class=\"attachment-full size-full wp-post-image\" alt=\"Pfad von &#039;Palia Kavala&#039; Foto von Giannis Giannelos\" title=\"\" srcset=\"https:\/\/www.visitkavala.gr\/wp-content\/uploads\/2017\/05\/paliakavala4.jpg 1200w, https:\/\/www.visitkavala.gr\/wp-content\/uploads\/2017\/05\/paliakavala4-300x200.jpg 300w, https:\/\/www.visitkavala.gr\/wp-content\/uploads\/2017\/05\/paliakavala4-768x512.jpg 768w, https:\/\/www.visitkavala.gr\/wp-content\/uploads\/2017\/05\/paliakavala4-1024x683.jpg 1024w\" sizes=\"auto, (max-width: 1200px) 100vw, 1200px\" \/><\/a><\/div><div class=\"post-details\"><a lang=\"el\" href=\"https:\/\/www.visitkavala.gr\/de\/sightseeing\/perivallontiko-monopati-palias-kavalas\/\" class=\"post-title\">Der Umweltpfad bei Palia Kavala<\/a><p>Einer der h\u00fcbschesten Wanderwege der Gegend ist der Umweltpfad bei Palia Kavala \u2013 es lohnt sich wirklich, ihn in...<\/p><a href=\"https:\/\/www.visitkavala.gr\/de\/sightseeing\/perivallontiko-monopati-palias-kavalas\/\" class=\"read-more-button\">Weitere Informationen<\/a><\/div><\/li><li class=\"portfolio-filter-14 portfolio-filter-6 \"><div class=\"blog-image\"><a href=\"https:\/\/www.visitkavala.gr\/de\/sightseeing\/monopati-kavala-palia-kavala-o-dromos-tou-nerou\/\"><img loading=\"lazy\" decoding=\"async\" width=\"1200\" height=\"800\" src=\"https:\/\/www.visitkavala.gr\/wp-content\/uploads\/2017\/05\/o-dromos-tou-nerou_02.jpg\" class=\"attachment-full size-full wp-post-image\" alt=\"Der Pfad &#039;Wasserweg&#039; (Dromos tou Nerou): Foto EOS Kavala.\" title=\"\" srcset=\"https:\/\/www.visitkavala.gr\/wp-content\/uploads\/2017\/05\/o-dromos-tou-nerou_02.jpg 1200w, https:\/\/www.visitkavala.gr\/wp-content\/uploads\/2017\/05\/o-dromos-tou-nerou_02-300x200.jpg 300w, https:\/\/www.visitkavala.gr\/wp-content\/uploads\/2017\/05\/o-dromos-tou-nerou_02-768x512.jpg 768w, https:\/\/www.visitkavala.gr\/wp-content\/uploads\/2017\/05\/o-dromos-tou-nerou_02-1024x683.jpg 1024w\" sizes=\"auto, (max-width: 1200px) 100vw, 1200px\" \/><\/a><\/div><div class=\"post-details\"><a lang=\"el\" href=\"https:\/\/www.visitkavala.gr\/de\/sightseeing\/monopati-kavala-palia-kavala-o-dromos-tou-nerou\/\" class=\"post-title\">Wanderweg Kavala \u2013 Palia Kavala (\u201eDer Weg des Wassers\u201c)<\/a><p>Dies ist einer der sehenswertesten Wanderwege Kavalas \u2013 nicht nur wegen seines besonderen \u00e4sthetischen Werts, sondern vor allem aufgrund...<\/p><a href=\"https:\/\/www.visitkavala.gr\/de\/sightseeing\/monopati-kavala-palia-kavala-o-dromos-tou-nerou\/\" class=\"read-more-button\">Weitere Informationen<\/a><\/div><\/li><li class=\"portfolio-filter-14 portfolio-filter-6 \"><div class=\"blog-image\"><a href=\"https:\/\/www.visitkavala.gr\/de\/sightseeing\/to-periastiko-dasos-tis-kavalas\/\"><img loading=\"lazy\" decoding=\"async\" width=\"1200\" height=\"800\" src=\"https:\/\/www.visitkavala.gr\/wp-content\/uploads\/2017\/05\/periastiko-dasos-kavalas_00.jpg\" class=\"attachment-full size-full wp-post-image\" alt=\"Der stadtnahe Wald Foto von EOS Kavala\" title=\"\" srcset=\"https:\/\/www.visitkavala.gr\/wp-content\/uploads\/2017\/05\/periastiko-dasos-kavalas_00.jpg 1200w, https:\/\/www.visitkavala.gr\/wp-content\/uploads\/2017\/05\/periastiko-dasos-kavalas_00-300x200.jpg 300w, https:\/\/www.visitkavala.gr\/wp-content\/uploads\/2017\/05\/periastiko-dasos-kavalas_00-768x512.jpg 768w, https:\/\/www.visitkavala.gr\/wp-content\/uploads\/2017\/05\/periastiko-dasos-kavalas_00-1024x683.jpg 1024w\" sizes=\"auto, (max-width: 1200px) 100vw, 1200px\" \/><\/a><\/div><div class=\"post-details\"><a lang=\"el\" href=\"https:\/\/www.visitkavala.gr\/de\/sightseeing\/to-periastiko-dasos-tis-kavalas\/\" class=\"post-title\">Der stadtnahe Wald von Kavala<\/a><p>Neben ihrem \u00e4sthetischen Wert und \u00f6kologischen Nutzen f\u00fcr urbane Gebiete bieten W\u00e4lder in Stadtn\u00e4he den Bewohnern die M\u00f6glichkeit, rasch...<\/p><a href=\"https:\/\/www.visitkavala.gr\/de\/sightseeing\/to-periastiko-dasos-tis-kavalas\/\" class=\"read-more-button\">Weitere Informationen<\/a><\/div><\/li><li class=\"portfolio-filter-14 portfolio-filter-6 \"><div class=\"blog-image\"><a href=\"https:\/\/www.visitkavala.gr\/de\/sightseeing\/arxaia-egnatia-odos\/\"><img loading=\"lazy\" decoding=\"async\" width=\"1200\" height=\"800\" src=\"https:\/\/www.visitkavala.gr\/wp-content\/uploads\/2017\/05\/EGNATIA_ODOS.jpg\" class=\"attachment-full size-full wp-post-image\" alt=\"Via Egnatia - Foto von EOS Kavala\" title=\"\" srcset=\"https:\/\/www.visitkavala.gr\/wp-content\/uploads\/2017\/05\/EGNATIA_ODOS.jpg 1200w, https:\/\/www.visitkavala.gr\/wp-content\/uploads\/2017\/05\/EGNATIA_ODOS-300x200.jpg 300w, https:\/\/www.visitkavala.gr\/wp-content\/uploads\/2017\/05\/EGNATIA_ODOS-768x512.jpg 768w, https:\/\/www.visitkavala.gr\/wp-content\/uploads\/2017\/05\/EGNATIA_ODOS-1024x683.jpg 1024w\" sizes=\"auto, (max-width: 1200px) 100vw, 1200px\" \/><\/a><\/div><div class=\"post-details\"><a lang=\"el\" href=\"https:\/\/www.visitkavala.gr\/de\/sightseeing\/arxaia-egnatia-odos\/\" class=\"post-title\">Die antike Via Egnatia<\/a><p>Die Stadt Kavala hat das Gl\u00fcck, dass an ihren Ausl\u00e4ufern noch ein gro\u00dfer Abschnitt der antiken Via Egnatia erhalten...<\/p><a href=\"https:\/\/www.visitkavala.gr\/de\/sightseeing\/arxaia-egnatia-odos\/\" class=\"read-more-button\">Weitere Informationen<\/a><\/div><\/li><\/ul><\/div><\/div><\/div><\/div><\/div><\/div><\/div><\/section>","protected":false},"excerpt":{"rendered":"<p>Die Stadt Kavala hat das Gl\u00fcck, dass an ihren Ausl\u00e4ufern noch ein gro\u00dfer Abschnitt der antiken Via Egnatia erhalten ist. Dabei handelt es sich um eine alte, mit Stein gepflasterte Stra\u00dfe, die bis ins fr\u00fche 20. Jahrhundert als Hauptverkehrsader diente, die Neapolis (fr\u00fcherer Name Kavalas) mit der antiken Stadt Philippi verband.<\/p>\n","protected":false},"author":1,"featured_media":0,"parent":14941,"menu_order":0,"comment_status":"closed","ping_status":"closed","template":"page-apolause.php","meta":{"_acf_changed":false,"inline_featured_image":false,"_bos_mb_destination":[""],"footnotes":""},"class_list":["post-14951","page","type-page","status-publish","hentry"],"acf":[],"yoast_head":"<!-- This site is optimized with the Yoast SEO plugin v27.3 - https:\/\/yoast.com\/product\/yoast-seo-wordpress\/ -->\n<title>Ausfl\u00fcge in die Natur - Visit Kavala<\/title>\n<meta name=\"robots\" content=\"index, follow, max-snippet:-1, max-image-preview:large, max-video-preview:-1\" \/>\n<link rel=\"canonical\" href=\"https:\/\/www.visitkavala.gr\/de\/apolause\/diadromes-sti-fisi\/\" \/>\n<meta property=\"og:locale\" content=\"de_DE\" \/>\n<meta property=\"og:type\" content=\"article\" \/>\n<meta property=\"og:title\" content=\"Ausfl\u00fcge in die Natur - Visit Kavala\" \/>\n<meta property=\"og:description\" content=\"Die Stadt Kavala hat das Gl\u00fcck, dass an ihren Ausl\u00e4ufern noch ein gro\u00dfer Abschnitt der antiken Via Egnatia erhalten ist. Dabei handelt es sich um eine alte, mit Stein gepflasterte Stra\u00dfe, die bis ins fr\u00fche 20. Jahrhundert als Hauptverkehrsader diente, die Neapolis (fr\u00fcherer Name Kavalas) mit der antiken Stadt Philippi verband.\" \/>\n<meta property=\"og:url\" content=\"https:\/\/www.visitkavala.gr\/de\/apolause\/diadromes-sti-fisi\/\" \/>\n<meta property=\"og:site_name\" content=\"Visit Kavala\" \/>\n<meta property=\"article:publisher\" content=\"https:\/\/www.facebook.com\/visitkavala.gr\" \/>\n<meta property=\"article:modified_time\" content=\"2018-04-06T07:11:41+00:00\" \/>\n<meta property=\"og:image\" content=\"https:\/\/www.visitkavala.gr\/wp-content\/uploads\/2018\/02\/visitkavala-social.png\" \/>\n\t<meta property=\"og:image:width\" content=\"1640\" \/>\n\t<meta property=\"og:image:height\" content=\"922\" \/>\n\t<meta property=\"og:image:type\" content=\"image\/png\" \/>\n<meta name=\"twitter:card\" content=\"summary_large_image\" \/>\n<meta name=\"twitter:label1\" content=\"Gesch\u00e4tzte Lesezeit\" \/>\n\t<meta name=\"twitter:data1\" content=\"2\u00a0Minuten\" \/>\n<script type=\"application\/ld+json\" class=\"yoast-schema-graph\">{\"@context\":\"https:\\\/\\\/schema.org\",\"@graph\":[{\"@type\":\"WebPage\",\"@id\":\"https:\\\/\\\/www.visitkavala.gr\\\/de\\\/apolause\\\/diadromes-sti-fisi\\\/\",\"url\":\"https:\\\/\\\/www.visitkavala.gr\\\/de\\\/apolause\\\/diadromes-sti-fisi\\\/\",\"name\":\"Ausfl\u00fcge in die Natur - Visit Kavala\",\"isPartOf\":{\"@id\":\"https:\\\/\\\/www.visitkavala.gr\\\/de\\\/#website\"},\"datePublished\":\"2017-05-31T11:45:57+00:00\",\"dateModified\":\"2018-04-06T07:11:41+00:00\",\"breadcrumb\":{\"@id\":\"https:\\\/\\\/www.visitkavala.gr\\\/de\\\/apolause\\\/diadromes-sti-fisi\\\/#breadcrumb\"},\"inLanguage\":\"de\",\"potentialAction\":[{\"@type\":\"ReadAction\",\"target\":[\"https:\\\/\\\/www.visitkavala.gr\\\/de\\\/apolause\\\/diadromes-sti-fisi\\\/\"]}]},{\"@type\":\"BreadcrumbList\",\"@id\":\"https:\\\/\\\/www.visitkavala.gr\\\/de\\\/apolause\\\/diadromes-sti-fisi\\\/#breadcrumb\",\"itemListElement\":[{\"@type\":\"ListItem\",\"position\":1,\"name\":\"Home\",\"item\":\"https:\\\/\\\/www.visitkavala.gr\\\/de\\\/\"},{\"@type\":\"ListItem\",\"position\":2,\"name\":\"Genie\u00dfen\",\"item\":\"https:\\\/\\\/www.visitkavala.gr\\\/de\\\/apolause\\\/\"},{\"@type\":\"ListItem\",\"position\":3,\"name\":\"Ausfl\u00fcge in die Natur\"}]},{\"@type\":\"WebSite\",\"@id\":\"https:\\\/\\\/www.visitkavala.gr\\\/de\\\/#website\",\"url\":\"https:\\\/\\\/www.visitkavala.gr\\\/de\\\/\",\"name\":\"Visit Kavala\",\"description\":\"E\u03c0\u03af\u03c3\u03b7\u03bc\u03b7 \u03c4\u03bf\u03c5\u03c1\u03b9\u03c3\u03c4\u03b9\u03ba\u03ae \u03c3\u03b5\u03bb\u03af\u03b4\u03b1 \u039a\u03b1\u03b2\u03ac\u03bb\u03b1\u03c2\",\"publisher\":{\"@id\":\"https:\\\/\\\/www.visitkavala.gr\\\/de\\\/#organization\"},\"potentialAction\":[{\"@type\":\"SearchAction\",\"target\":{\"@type\":\"EntryPoint\",\"urlTemplate\":\"https:\\\/\\\/www.visitkavala.gr\\\/de\\\/?s={search_term_string}\"},\"query-input\":{\"@type\":\"PropertyValueSpecification\",\"valueRequired\":true,\"valueName\":\"search_term_string\"}}],\"inLanguage\":\"de\"},{\"@type\":\"Organization\",\"@id\":\"https:\\\/\\\/www.visitkavala.gr\\\/de\\\/#organization\",\"name\":\"Visit Kavala\",\"url\":\"https:\\\/\\\/www.visitkavala.gr\\\/de\\\/\",\"logo\":{\"@type\":\"ImageObject\",\"inLanguage\":\"de\",\"@id\":\"https:\\\/\\\/www.visitkavala.gr\\\/de\\\/#\\\/schema\\\/logo\\\/image\\\/\",\"url\":\"https:\\\/\\\/www.visitkavala.gr\\\/wp-content\\\/uploads\\\/2018\\\/02\\\/visit-kavala-logo-dark-retina.png\",\"contentUrl\":\"https:\\\/\\\/www.visitkavala.gr\\\/wp-content\\\/uploads\\\/2018\\\/02\\\/visit-kavala-logo-dark-retina.png\",\"width\":600,\"height\":165,\"caption\":\"Visit Kavala\"},\"image\":{\"@id\":\"https:\\\/\\\/www.visitkavala.gr\\\/de\\\/#\\\/schema\\\/logo\\\/image\\\/\"},\"sameAs\":[\"https:\\\/\\\/www.facebook.com\\\/visitkavala.gr\",\"https:\\\/\\\/www.instagram.com\\\/visitkavala.gr\"]}]}<\/script>\n<!-- \/ Yoast SEO plugin. -->","yoast_head_json":{"title":"Ausfl\u00fcge in die Natur - Visit Kavala","robots":{"index":"index","follow":"follow","max-snippet":"max-snippet:-1","max-image-preview":"max-image-preview:large","max-video-preview":"max-video-preview:-1"},"canonical":"https:\/\/www.visitkavala.gr\/de\/apolause\/diadromes-sti-fisi\/","og_locale":"de_DE","og_type":"article","og_title":"Ausfl\u00fcge in die Natur - Visit Kavala","og_description":"Die Stadt Kavala hat das Gl\u00fcck, dass an ihren Ausl\u00e4ufern noch ein gro\u00dfer Abschnitt der antiken Via Egnatia erhalten ist. Dabei handelt es sich um eine alte, mit Stein gepflasterte Stra\u00dfe, die bis ins fr\u00fche 20. Jahrhundert als Hauptverkehrsader diente, die Neapolis (fr\u00fcherer Name Kavalas) mit der antiken Stadt Philippi verband.","og_url":"https:\/\/www.visitkavala.gr\/de\/apolause\/diadromes-sti-fisi\/","og_site_name":"Visit Kavala","article_publisher":"https:\/\/www.facebook.com\/visitkavala.gr","article_modified_time":"2018-04-06T07:11:41+00:00","og_image":[{"width":1640,"height":922,"url":"https:\/\/www.visitkavala.gr\/wp-content\/uploads\/2018\/02\/visitkavala-social.png","type":"image\/png"}],"twitter_card":"summary_large_image","twitter_misc":{"Gesch\u00e4tzte Lesezeit":"2\u00a0Minuten"},"schema":{"@context":"https:\/\/schema.org","@graph":[{"@type":"WebPage","@id":"https:\/\/www.visitkavala.gr\/de\/apolause\/diadromes-sti-fisi\/","url":"https:\/\/www.visitkavala.gr\/de\/apolause\/diadromes-sti-fisi\/","name":"Ausfl\u00fcge in die Natur - Visit Kavala","isPartOf":{"@id":"https:\/\/www.visitkavala.gr\/de\/#website"},"datePublished":"2017-05-31T11:45:57+00:00","dateModified":"2018-04-06T07:11:41+00:00","breadcrumb":{"@id":"https:\/\/www.visitkavala.gr\/de\/apolause\/diadromes-sti-fisi\/#breadcrumb"},"inLanguage":"de","potentialAction":[{"@type":"ReadAction","target":["https:\/\/www.visitkavala.gr\/de\/apolause\/diadromes-sti-fisi\/"]}]},{"@type":"BreadcrumbList","@id":"https:\/\/www.visitkavala.gr\/de\/apolause\/diadromes-sti-fisi\/#breadcrumb","itemListElement":[{"@type":"ListItem","position":1,"name":"Home","item":"https:\/\/www.visitkavala.gr\/de\/"},{"@type":"ListItem","position":2,"name":"Genie\u00dfen","item":"https:\/\/www.visitkavala.gr\/de\/apolause\/"},{"@type":"ListItem","position":3,"name":"Ausfl\u00fcge in die Natur"}]},{"@type":"WebSite","@id":"https:\/\/www.visitkavala.gr\/de\/#website","url":"https:\/\/www.visitkavala.gr\/de\/","name":"Visit Kavala","description":"E\u03c0\u03af\u03c3\u03b7\u03bc\u03b7 \u03c4\u03bf\u03c5\u03c1\u03b9\u03c3\u03c4\u03b9\u03ba\u03ae \u03c3\u03b5\u03bb\u03af\u03b4\u03b1 \u039a\u03b1\u03b2\u03ac\u03bb\u03b1\u03c2","publisher":{"@id":"https:\/\/www.visitkavala.gr\/de\/#organization"},"potentialAction":[{"@type":"SearchAction","target":{"@type":"EntryPoint","urlTemplate":"https:\/\/www.visitkavala.gr\/de\/?s={search_term_string}"},"query-input":{"@type":"PropertyValueSpecification","valueRequired":true,"valueName":"search_term_string"}}],"inLanguage":"de"},{"@type":"Organization","@id":"https:\/\/www.visitkavala.gr\/de\/#organization","name":"Visit Kavala","url":"https:\/\/www.visitkavala.gr\/de\/","logo":{"@type":"ImageObject","inLanguage":"de","@id":"https:\/\/www.visitkavala.gr\/de\/#\/schema\/logo\/image\/","url":"https:\/\/www.visitkavala.gr\/wp-content\/uploads\/2018\/02\/visit-kavala-logo-dark-retina.png","contentUrl":"https:\/\/www.visitkavala.gr\/wp-content\/uploads\/2018\/02\/visit-kavala-logo-dark-retina.png","width":600,"height":165,"caption":"Visit Kavala"},"image":{"@id":"https:\/\/www.visitkavala.gr\/de\/#\/schema\/logo\/image\/"},"sameAs":["https:\/\/www.facebook.com\/visitkavala.gr","https:\/\/www.instagram.com\/visitkavala.gr"]}]}},"publishpress_future_action":{"enabled":false,"date":"2026-04-13 09:30:53","action":"change-status","newStatus":"draft","terms":[],"taxonomy":"translation_priority","extraData":[]},"publishpress_future_workflow_manual_trigger":{"enabledWorkflows":[]},"_links":{"self":[{"href":"https:\/\/www.visitkavala.gr\/de\/wp-json\/wp\/v2\/pages\/14951","targetHints":{"allow":["GET"]}}],"collection":[{"href":"https:\/\/www.visitkavala.gr\/de\/wp-json\/wp\/v2\/pages"}],"about":[{"href":"https:\/\/www.visitkavala.gr\/de\/wp-json\/wp\/v2\/types\/page"}],"author":[{"embeddable":true,"href":"https:\/\/www.visitkavala.gr\/de\/wp-json\/wp\/v2\/users\/1"}],"replies":[{"embeddable":true,"href":"https:\/\/www.visitkavala.gr\/de\/wp-json\/wp\/v2\/comments?post=14951"}],"version-history":[{"count":0,"href":"https:\/\/www.visitkavala.gr\/de\/wp-json\/wp\/v2\/pages\/14951\/revisions"}],"up":[{"embeddable":true,"href":"https:\/\/www.visitkavala.gr\/de\/wp-json\/wp\/v2\/pages\/14941"}],"wp:attachment":[{"href":"https:\/\/www.visitkavala.gr\/de\/wp-json\/wp\/v2\/media?parent=14951"}],"curies":[{"name":"wp","href":"https:\/\/api.w.org\/{rel}","templated":true}]}}